{"id":32446,"date":"2021-08-02T13:12:51","date_gmt":"2021-08-02T10:12:51","guid":{"rendered":"https:\/\/totalblue.ro\/?post_type=product&#038;p=32446"},"modified":"2026-04-07T13:39:57","modified_gmt":"2026-04-07T10:39:57","slug":"verstegen-mix-condimente-pentru-carne-de-porc-225-g","status":"publish","type":"product","link":"https:\/\/totalblue.ro\/fr\/produs\/verstegen-mix-condimente-pentru-carne-de-porc-225-g\/","title":{"rendered":"Verstegen Mix &#8211; condimente pentru carne de porc 225 g"},"content":{"rendered":"<p>Verstegen Kruidenmix varkensvlees 225g<br \/>\nVerstegen Mix &#8211; condimente pentru carne de porc 225 g<br \/>\nAcest amestec clasic Verstegen ofera carnii de porc o nota usoara de cuisoare.<br \/>\n<strong>Ingr\u00e9dient :<\/strong> sare, condimente (coriandru, ghimbir, piper, 0,9% nucsoara, ardei iute, cuisoare), lavas.<br \/>\nConditionnement : rabat avec couvercle.<br \/>\nA conserver \u00e0 l'abri de la lumi\u00e8re et de l'humidit\u00e9.<br \/>\n<strong>Valeurs nutritionnelles \/ 100g :<\/strong><br \/>\nEnergie 436 kJ \/ 105 kcal<br \/>\nGrasimi 3.6 g dintre care acizi grasi saturati 0.6 g<br \/>\nCarbohidrati 10.6 g din care zaharuri 0.6 g<br \/>\nProteine 3.2 g<br \/>\nSare 68.3 g<br \/>\n<strong>Conseil de pr\u00e9paration :<\/strong><br \/>\nIngrediente (pentru 4 persoane): Frecati bine 500 g carne de porc cu aproximativ 1 lingura (10 g) amestec Verstegen si lasati carnea sa se odihneasca pentru o vreme. Incalziti 2 linguri de ulei (masline) intr-o tigaie si prajiti carnea la foc mediu pana se rumeneste. Pofta Buna !!<\/p>\n<p>Fabriqu\u00e9 par Verstegen Consumenten Service, Antwoord nr. 40157, 3040 VB Rotterdam, Pays-Bas.<br \/>\nImportateur et distributeur Total Blue Impex SRL<\/p>","protected":false},"excerpt":{"rendered":"<p>Verstegen Kruidenmix varkensvlees 225g<br \/>\nVerstegen Mix &#8211; condimente pentru carne de porc 225 g<\/p>","protected":false},"featured_media":32447,"comment_status":"open","ping_status":"closed","template":"","meta":{"_acf_changed":false,"_seopress_robots_primary_cat":"1451","_seopress_titles_title":"","_seopress_titles_desc":"","_seopress_robots_index":""},"product_brand":[2008],"product_cat":[1555,3280,1451,1767],"giftcard-category":[],"class_list":{"0":"post-32446","1":"product","2":"type-product","3":"status-publish","4":"has-post-thumbnail","6":"product_brand-verstegen","7":"product_cat-bacanie","8":"product_cat-condimente-sosuri","9":"product_cat-condimente-produse-instant","10":"product_cat-produse-olanda","12":"first","13":"instock","14":"taxable","15":"shipping-taxable","16":"purchasable","17":"product-type-simple"},"acf":[],"_links":{"self":[{"href":"https:\/\/totalblue.ro\/fr\/wp-json\/wp\/v2\/product\/32446","targetHints":{"allow":["GET"]}}],"collection":[{"href":"https:\/\/totalblue.ro\/fr\/wp-json\/wp\/v2\/product"}],"about":[{"href":"https:\/\/totalblue.ro\/fr\/wp-json\/wp\/v2\/types\/product"}],"replies":[{"embeddable":true,"href":"https:\/\/totalblue.ro\/fr\/wp-json\/wp\/v2\/comments?post=32446"}],"wp:featuredmedia":[{"embeddable":true,"href":"https:\/\/totalblue.ro\/fr\/wp-json\/wp\/v2\/media\/32447"}],"wp:attachment":[{"href":"https:\/\/totalblue.ro\/fr\/wp-json\/wp\/v2\/media?parent=32446"}],"wp:term":[{"taxonomy":"product_brand","embeddable":true,"href":"https:\/\/totalblue.ro\/fr\/wp-json\/wp\/v2\/product_brand?post=32446"},{"taxonomy":"product_cat","embeddable":true,"href":"https:\/\/totalblue.ro\/fr\/wp-json\/wp\/v2\/product_cat?post=32446"},{"taxonomy":"giftcard-category","embeddable":true,"href":"https:\/\/totalblue.ro\/fr\/wp-json\/wp\/v2\/giftcard-category?post=32446"}],"curies":[{"name":"wp","href":"https:\/\/api.w.org\/{rel}","templated":true}]}}