{"id":32450,"date":"2021-08-02T13:26:34","date_gmt":"2021-08-02T10:26:34","guid":{"rendered":"https:\/\/totalblue.ro\/?post_type=product&#038;p=32450"},"modified":"2026-01-16T14:41:51","modified_gmt":"2026-01-16T12:41:51","slug":"verstegen-mix-condimente-pentru-bacon-225-g","status":"publish","type":"product","link":"https:\/\/totalblue.ro\/fr\/produs\/verstegen-mix-condimente-pentru-bacon-225-g\/","title":{"rendered":"Verstegen Mix - assaisonnement au bacon 225 g"},"content":{"rendered":"<p>Verstegen Kruidenmix voor speklapjes 225g<br \/>\nVerstegen Mix - assaisonnement au bacon 225 g<br \/>\n<strong>Ingr\u00e9dient :<\/strong> sare, 21% condimente (coriandru, piper, ghimbir, curcuma, schinduf, seminte de chimion, cardamom, chimen, ienibahar, ardei iute, cuisoare, semin\u021be de fenicul), ceapa prajita, maltodextrina.<br \/>\nConditionnement : rabat avec couvercle.<br \/>\nA conserver \u00e0 l'abri de la lumi\u00e8re et de l'humidit\u00e9.<br \/>\n<strong>Valeurs nutritionnelles \/ 100g :<\/strong><br \/>\nEnergie 355 kJ \/ 85 kcal<br \/>\nGrasimi 2 g dintre care acizi grasi saturati 0.3 g<br \/>\nCarbohidrati 10.7 g din care zaharuri 1.4 g<br \/>\nProteine 2.7 g<br \/>\nSare 73.2 g<br \/>\n<strong>Conseil de pr\u00e9paration :<\/strong><br \/>\nTaiati buc\u0103\u021bile de bacon ( slanina condimentata ) in cuburi si prajiti-le pana cand sunt crocante. Adaugati cuburile de slanina la o placint\u0103 sarata pentru un preparat delicios de cuptor.<br \/>\nMod de preparare: ingrediente (pentru 4 persoane): 500 g bacon (slanina), aproximativ \u00bd lingura (10 g) amestec Verstegen, 2 linguri (ulei de masline).<br \/>\nMod de preparare: frecati feliile de bacon (slanina) cu amestecul Verstegen si lasati sa se inmoaie o vreme. Incalziti o tigaie cu uleiul (de masline) si prajiti bucatile de slanina la foc mediu timp de aproximativ 20-25 de minute pana cand sunt crocante. Pentru gratar: frecati bucatile de slanina cu amestecul si lasati-l sa se odihneasca o vreme. Prajiti bucatile de bacon ( slanina ) pana cand devin crocante aproximativ 10-15 minute.<\/p>\n<p>Fabriqu\u00e9 par Verstegen Consumenten Service, Antwoord nr. 40157, 3040 VB Rotterdam, Pays-Bas.<br \/>\nImportateur et distributeur Total Blue Impex SRL<\/p>","protected":false},"excerpt":{"rendered":"<p>Verstegen Kruidenmix voor speklapjes 225g<br \/>\nVerstegen Mix - assaisonnement au bacon 225 g<\/p>","protected":false},"featured_media":32451,"comment_status":"open","ping_status":"closed","template":"","meta":{"_acf_changed":false,"_seopress_robots_primary_cat":"1451","_seopress_titles_title":"","_seopress_titles_desc":"","_seopress_robots_index":""},"product_brand":[2008],"product_cat":[1555,3280,1451,1767],"giftcard-category":[],"class_list":{"0":"post-32450","1":"product","2":"type-product","3":"status-publish","4":"has-post-thumbnail","6":"product_brand-verstegen","7":"product_cat-bacanie","8":"product_cat-condimente-sosuri","9":"product_cat-condimente-produse-instant","10":"product_cat-produse-olanda","12":"first","13":"instock","14":"taxable","15":"shipping-taxable","16":"purchasable","17":"product-type-simple"},"acf":[],"_links":{"self":[{"href":"https:\/\/totalblue.ro\/fr\/wp-json\/wp\/v2\/product\/32450","targetHints":{"allow":["GET"]}}],"collection":[{"href":"https:\/\/totalblue.ro\/fr\/wp-json\/wp\/v2\/product"}],"about":[{"href":"https:\/\/totalblue.ro\/fr\/wp-json\/wp\/v2\/types\/product"}],"replies":[{"embeddable":true,"href":"https:\/\/totalblue.ro\/fr\/wp-json\/wp\/v2\/comments?post=32450"}],"wp:featuredmedia":[{"embeddable":true,"href":"https:\/\/totalblue.ro\/fr\/wp-json\/wp\/v2\/media\/32451"}],"wp:attachment":[{"href":"https:\/\/totalblue.ro\/fr\/wp-json\/wp\/v2\/media?parent=32450"}],"wp:term":[{"taxonomy":"product_brand","embeddable":true,"href":"https:\/\/totalblue.ro\/fr\/wp-json\/wp\/v2\/product_brand?post=32450"},{"taxonomy":"product_cat","embeddable":true,"href":"https:\/\/totalblue.ro\/fr\/wp-json\/wp\/v2\/product_cat?post=32450"},{"taxonomy":"giftcard-category","embeddable":true,"href":"https:\/\/totalblue.ro\/fr\/wp-json\/wp\/v2\/giftcard-category?post=32450"}],"curies":[{"name":"wp","href":"https:\/\/api.w.org\/{rel}","templated":true}]}}