{"id":32452,"date":"2021-08-02T14:23:29","date_gmt":"2021-08-02T11:23:29","guid":{"rendered":"https:\/\/totalblue.ro\/?post_type=product&#038;p=32452"},"modified":"2025-08-08T09:43:19","modified_gmt":"2025-08-08T06:43:19","slug":"verstegen-melange-depices-cajun-225-g","status":"publish","type":"product","link":"https:\/\/totalblue.ro\/fr\/produs\/verstegen-mix-condimente-cajun-225-g\/","title":{"rendered":"Verstegen Mix - \u00c9pices Cajun 225 g"},"content":{"rendered":"<p>Verstegen Kruidenmix cajun 225g<br \/>\nVerstegen Mix - \u00c9pices Cajun 225 g<br \/>\n<strong>Ingr\u00e9dient :<\/strong> sel, l\u00e9gumes (oignon, ail), \u00e9pices (piment, poivre, paprika), sucre, herbes (basilic, origan, thym).<br \/>\nConditionnement : rabat avec couvercle.<br \/>\nA conserver \u00e0 l'abri de la lumi\u00e8re et de l'humidit\u00e9.<br \/>\n<strong>Valeurs nutritionnelles \/ 100g :<\/strong><br \/>\n\u00c9nergie 459 kJ (109 kcal)<br \/>\nProt\u00e9ines 3,1 g<br \/>\nGlucides 16,9 g dont sucres 10,3 g<br \/>\nGraisses 2,1 g dont 1,2 g de graisses satur\u00e9es<br \/>\nSel 68,3 g<br \/>\n<strong>Conseil de pr\u00e9paration :<\/strong><br \/>\nSaupoudrer \u00bd cuill\u00e8re \u00e0 caf\u00e9 du m\u00e9lange Verstegen apr\u00e8s la cuisson sur les frites \/ pommes de terre saut\u00e9es (patates douces) ou les crabes, crevettes pour une saveur d\u00e9licieuse.<br \/>\nPr\u00e9paration :<br \/>\nIngr\u00e9dients (4 personnes) : 500 g de poulet, de viande ou de poisson, environ 1 cuill\u00e8re \u00e0 soupe (9 g) de m\u00e9lange de poulet ou de viande Verstegen, environ \u00bd cuill\u00e8re \u00e0 soupe (5 g) de m\u00e9lange de poisson Verstegen, 2 cuill\u00e8res \u00e0 soupe d'huile (d'olive).<br \/>\nPr\u00e9paration : saupoudrer le poulet, la viande ou le poisson avec le m\u00e9lange Verstegen et laisser reposer un moment. Chauffez une po\u00eale avec de l'huile (d'olive) et faites frire le poulet, la viande ou le poisson des deux c\u00f4t\u00e9s \u00e0 feu moyen.<\/p>\n<p>Fabriqu\u00e9 par Verstegen Consumenten Service, Antwoord nr. 40157, 3040 VB Rotterdam, Pays-Bas.<br \/>\nImportateur et distributeur Total Blue Impex SRL<\/p>","protected":false},"excerpt":{"rendered":"<p>Verstegen Kruidenmix cajun 225g<br \/>\nVerstegen Mix - \u00c9pices Cajun 225 g<\/p>","protected":false},"featured_media":32453,"comment_status":"open","ping_status":"closed","template":"","meta":{"_acf_changed":false,"_seopress_robots_primary_cat":"1451","_seopress_titles_title":"","_seopress_titles_desc":"","_seopress_robots_index":""},"product_brand":[2008],"product_cat":[1555,1451,3280,1767],"giftcard-category":[],"class_list":{"0":"post-32452","1":"product","2":"type-product","3":"status-publish","4":"has-post-thumbnail","6":"product_brand-verstegen","7":"product_cat-bacanie","8":"product_cat-condimente-produse-instant","9":"product_cat-condimente-sosuri","10":"product_cat-produse-olanda","12":"first","13":"outofstock","14":"taxable","15":"shipping-taxable","16":"purchasable","17":"product-type-simple"},"acf":[],"_links":{"self":[{"href":"https:\/\/totalblue.ro\/fr\/wp-json\/wp\/v2\/product\/32452","targetHints":{"allow":["GET"]}}],"collection":[{"href":"https:\/\/totalblue.ro\/fr\/wp-json\/wp\/v2\/product"}],"about":[{"href":"https:\/\/totalblue.ro\/fr\/wp-json\/wp\/v2\/types\/product"}],"replies":[{"embeddable":true,"href":"https:\/\/totalblue.ro\/fr\/wp-json\/wp\/v2\/comments?post=32452"}],"wp:featuredmedia":[{"embeddable":true,"href":"https:\/\/totalblue.ro\/fr\/wp-json\/wp\/v2\/media\/32453"}],"wp:attachment":[{"href":"https:\/\/totalblue.ro\/fr\/wp-json\/wp\/v2\/media?parent=32452"}],"wp:term":[{"taxonomy":"product_brand","embeddable":true,"href":"https:\/\/totalblue.ro\/fr\/wp-json\/wp\/v2\/product_brand?post=32452"},{"taxonomy":"product_cat","embeddable":true,"href":"https:\/\/totalblue.ro\/fr\/wp-json\/wp\/v2\/product_cat?post=32452"},{"taxonomy":"giftcard-category","embeddable":true,"href":"https:\/\/totalblue.ro\/fr\/wp-json\/wp\/v2\/giftcard-category?post=32452"}],"curies":[{"name":"wp","href":"https:\/\/api.w.org\/{rel}","templated":true}]}}