{"id":32463,"date":"2021-08-02T14:37:59","date_gmt":"2021-08-02T11:37:59","guid":{"rendered":"https:\/\/totalblue.ro\/?post_type=product&#038;p=32463"},"modified":"2026-02-18T10:55:08","modified_gmt":"2026-02-18T08:55:08","slug":"verstegen-mix-condimente-usor-picante-italiene-225g","status":"publish","type":"product","link":"https:\/\/totalblue.ro\/fr\/produs\/verstegen-mix-condimente-usor-picante-italiene-225g\/","title":{"rendered":"Verstegen Mix &#8211; condimente usor picante italiene 225g"},"content":{"rendered":"<p>Verstegen Kruidenmix Italiaans 225g<br \/>\nVerstegen Mix &#8211; condimente usor picante italiene 225g<br \/>\nMancarea buna incepe cu gustul potrivit. Cu ierburile \u0219i condimentele Verstegen, fiecare fel de mancare este un succes. De la \u00eenfiin\u021barea afacerii noastre de familie \u00een 1886, am calatorit peste tot in lume pentru a aduce acasa ierburi \u0219i condimente excelente. Si poti gusta acest lucru cand il folosesti in toate felurile de mancare. Bucura-te de masa ta!<br \/>\n<strong>Ingr\u00e9dient :<\/strong> legume (15% usturoi, 15% ceapa, boia), sare, ierburi (oregano, busuioc, frunze de dafin), condimente (piper, nucsoara), aroma naturala (con\u021bine lapte).<br \/>\n<strong>Allerg\u00e8nes :<\/strong>contine lapte.<br \/>\nConditionnement : rabat avec couvercle.<br \/>\nA conserver \u00e0 l'abri de la lumi\u00e8re et de l'humidit\u00e9.<br \/>\n<strong>Valeurs nutritionnelles \/ 100g :<\/strong><br \/>\nEnergie 1013 kJ \/ 241 kcal<br \/>\nGrasimi 5.9 g dintre care acizi grasi saturati 3 g<br \/>\nCarbohidrati 33.7 g din care zaharuri 13.3 g<br \/>\nProteine 7.8 g<br \/>\nSare 33.4 g<br \/>\n<strong>Conseil de pr\u00e9paration :<\/strong><br \/>\nIncercati un pesto de paste cu pui, o salat\u0103 calduta de pui italiana, o pasta bologneza sau presarati ierburile peste o pizza de casa.<br \/>\nPregatire: Ingrediente (pentru 4 persoane): 500 g carne tocata sau file de pui (coapsa), aproximativ 2 linguri (8 g) amestec Verstegen, 2 linguri (ulei de masline). Mod de preparare: condimentati carnea tocata sau fileul de pui cu amestecul Verstegen si lasati-l sa se odihneasca o vreme. Incalziti o tigaie cu uleiul (de masline) prajiti carnea tocata sau fileul de pui. Adaugati la o farfurie de paste la alegere.<\/p>\n<p>Fabriqu\u00e9 par Verstegen Consumenten Service, Antwoord nr. 40157, 3040 VB Rotterdam, Pays-Bas.<br \/>\nImportateur et distributeur Total Blue Impex SRL<\/p>","protected":false},"excerpt":{"rendered":"<p>Verstegen Kruidenmix Italiaans 225g<br \/>\nVerstegen Mix &#8211; condimente usor picante italiene 225g<\/p>","protected":false},"featured_media":32464,"comment_status":"open","ping_status":"closed","template":"","meta":{"_acf_changed":false,"_seopress_robots_primary_cat":"1451","_seopress_titles_title":"","_seopress_titles_desc":"","_seopress_robots_index":""},"product_brand":[2008],"product_cat":[1555,3280,1451,1767],"giftcard-category":[],"class_list":{"0":"post-32463","1":"product","2":"type-product","3":"status-publish","4":"has-post-thumbnail","6":"product_brand-verstegen","7":"product_cat-bacanie","8":"product_cat-condimente-sosuri","9":"product_cat-condimente-produse-instant","10":"product_cat-produse-olanda","12":"first","13":"instock","14":"taxable","15":"shipping-taxable","16":"purchasable","17":"product-type-simple"},"acf":[],"_links":{"self":[{"href":"https:\/\/totalblue.ro\/fr\/wp-json\/wp\/v2\/product\/32463","targetHints":{"allow":["GET"]}}],"collection":[{"href":"https:\/\/totalblue.ro\/fr\/wp-json\/wp\/v2\/product"}],"about":[{"href":"https:\/\/totalblue.ro\/fr\/wp-json\/wp\/v2\/types\/product"}],"replies":[{"embeddable":true,"href":"https:\/\/totalblue.ro\/fr\/wp-json\/wp\/v2\/comments?post=32463"}],"wp:featuredmedia":[{"embeddable":true,"href":"https:\/\/totalblue.ro\/fr\/wp-json\/wp\/v2\/media\/32464"}],"wp:attachment":[{"href":"https:\/\/totalblue.ro\/fr\/wp-json\/wp\/v2\/media?parent=32463"}],"wp:term":[{"taxonomy":"product_brand","embeddable":true,"href":"https:\/\/totalblue.ro\/fr\/wp-json\/wp\/v2\/product_brand?post=32463"},{"taxonomy":"product_cat","embeddable":true,"href":"https:\/\/totalblue.ro\/fr\/wp-json\/wp\/v2\/product_cat?post=32463"},{"taxonomy":"giftcard-category","embeddable":true,"href":"https:\/\/totalblue.ro\/fr\/wp-json\/wp\/v2\/giftcard-category?post=32463"}],"curies":[{"name":"wp","href":"https:\/\/api.w.org\/{rel}","templated":true}]}}