{"id":32466,"date":"2021-08-02T14:41:52","date_gmt":"2021-08-02T11:41:52","guid":{"rendered":"https:\/\/totalblue.ro\/?post_type=product&#038;p=32466"},"modified":"2025-08-08T09:43:16","modified_gmt":"2025-08-08T06:43:16","slug":"verstegen-mix-condimente-shaorma-170-g","status":"publish","type":"product","link":"https:\/\/totalblue.ro\/fr\/produs\/verstegen-mix-condimente-shaorma-170-g\/","title":{"rendered":"Verstegen Mix &#8211; condimente shaorma 170 g"},"content":{"rendered":"<p>Verstegen Kruidenmix voor shoarma 170 g<br \/>\nVerstegen Mix &#8211; condimente shaorma 170 g<br \/>\n<strong>Ingr\u00e9dient :<\/strong>condimente (21% chimen, 5% boia, nucsoara, seminte de fenicul, piper, cuisoare, curcuma, ghimbir, schinduf, ienibahar, ardei iute), sare, faina de orez, sirop de glucoza, arome naturale (con\u021bine telina).<br \/>\n<strong>Allerg\u00e8nes :<\/strong>contine telina.<br \/>\nConditionnement : rabat avec couvercle.<br \/>\nA conserver \u00e0 l'abri de la lumi\u00e8re et de l'humidit\u00e9.<br \/>\n<strong>Valeurs nutritionnelles \/ 100g :<\/strong><br \/>\nEnergie 1038 kJ (248 kcal)<br \/>\nGrasime 8,3 g din care grasimi saturate 2 g<br \/>\nCarbohidrati 31,8 g din care zaharuri 3,2 g<br \/>\nProteine \u200b\u200b7,4 g<br \/>\nSare 35,6 g<br \/>\n<strong>Conseil de pr\u00e9paration :<\/strong><br \/>\nServiti shaorma in paine turceasca. Se orneaza cu salata iceberg, rosii si castraveti.<br \/>\nPr\u00e9paration :<br \/>\nIngrediente (pentru 4 persoane): 500 g file de pui, porc sau miel (in fasii), aproximativ 1\u00bd lingura (15 g) amestec Verstegen, 2 linguri (ulei de masline), 1 ardei ro\u0219u, 1 ceap\u0103 alba.<br \/>\nMod de preparare: taiati carnea in fasii, daca este necesar. Condimentati carnea cu amestecul Verstegen si lasati-o sa se odihneasca o vreme. Taiati ardeiul gras in fasii si ceapa in inele. Incalziti o tigaie sau wok cu ulei (de masline) si adaugati ardeiul gras, ceapa si carnea. Se amesteca totul la foc mare timp de aproximativ 8-10 minute.<\/p>\n<p>Fabriqu\u00e9 par Verstegen Consumenten Service, Antwoord nr. 40157, 3040 VB Rotterdam, Pays-Bas.<br \/>\nImportateur et distributeur Total Blue Impex SRL<\/p>","protected":false},"excerpt":{"rendered":"<p>Verstegen Kruidenmix voor shoarma 170 g<br \/>\nVerstegen Mix &#8211; condimente shaorma 170 g<\/p>","protected":false},"featured_media":32467,"comment_status":"open","ping_status":"closed","template":"","meta":{"_acf_changed":false,"_seopress_robots_primary_cat":"1451","_seopress_titles_title":"","_seopress_titles_desc":"","_seopress_robots_index":""},"product_brand":[2008],"product_cat":[1555,1451,3280,1767],"giftcard-category":[],"class_list":{"0":"post-32466","1":"product","2":"type-product","3":"status-publish","4":"has-post-thumbnail","6":"product_brand-verstegen","7":"product_cat-bacanie","8":"product_cat-condimente-produse-instant","9":"product_cat-condimente-sosuri","10":"product_cat-produse-olanda","12":"first","13":"outofstock","14":"taxable","15":"shipping-taxable","16":"purchasable","17":"product-type-simple"},"acf":[],"_links":{"self":[{"href":"https:\/\/totalblue.ro\/fr\/wp-json\/wp\/v2\/product\/32466","targetHints":{"allow":["GET"]}}],"collection":[{"href":"https:\/\/totalblue.ro\/fr\/wp-json\/wp\/v2\/product"}],"about":[{"href":"https:\/\/totalblue.ro\/fr\/wp-json\/wp\/v2\/types\/product"}],"replies":[{"embeddable":true,"href":"https:\/\/totalblue.ro\/fr\/wp-json\/wp\/v2\/comments?post=32466"}],"wp:featuredmedia":[{"embeddable":true,"href":"https:\/\/totalblue.ro\/fr\/wp-json\/wp\/v2\/media\/32467"}],"wp:attachment":[{"href":"https:\/\/totalblue.ro\/fr\/wp-json\/wp\/v2\/media?parent=32466"}],"wp:term":[{"taxonomy":"product_brand","embeddable":true,"href":"https:\/\/totalblue.ro\/fr\/wp-json\/wp\/v2\/product_brand?post=32466"},{"taxonomy":"product_cat","embeddable":true,"href":"https:\/\/totalblue.ro\/fr\/wp-json\/wp\/v2\/product_cat?post=32466"},{"taxonomy":"giftcard-category","embeddable":true,"href":"https:\/\/totalblue.ro\/fr\/wp-json\/wp\/v2\/giftcard-category?post=32466"}],"curies":[{"name":"wp","href":"https:\/\/api.w.org\/{rel}","templated":true}]}}