{"id":32605,"date":"2021-08-06T10:44:08","date_gmt":"2021-08-06T07:44:08","guid":{"rendered":"https:\/\/totalblue.ro\/?post_type=product&#038;p=32605"},"modified":"2025-07-13T12:05:19","modified_gmt":"2025-07-13T09:05:19","slug":"koopmans-mix-chec-cu-lamaie-400-g","status":"publish","type":"product","link":"https:\/\/totalblue.ro\/fr\/produs\/koopmans-mix-chec-cu-lamaie-400-g\/","title":{"rendered":"Koopmans Mix chec cu lamaie 400 g"},"content":{"rendered":"<p>Koopmans Citroencake mix 400g<br \/>\nKoopmans Mix chec cu lamaie 400 g<br \/>\nRecomandat pentru aproximativ 25 de felii<br \/>\n<strong>Pr\u00e9paration :<br \/>\n<\/strong>Adaugati: 150 g unt sau margarina ( la temperatura camerei ), 4 oua marime M si 50 ml apa ( 5 linguri de apa ) la 1 pachet de Koopmans Citroencake mix 400g<strong><br \/>\n<\/strong>1. Aseza\u021bi forma de copt sub centrul cuptorului \u0219i preincalziti cuptorul.<br \/>\n2. Se unge bine forma cu unt si se pudreaza interiorul cu faina sau folositi sray de copt ( de exemplu Dr. Oetker )<br \/>\n3. Bate\u021bi 150 g unt intr-un castron cu mixerul pana devine noale si cremos.<br \/>\n4. Adauga Koopmans Citroencake Mix , 50 ml apa si cele 4 oua.<br \/>\n5. Amesteca cu mixerul la cea mai mica setare timp de 1 minut si apoi la cea mai mare setare timp de 2 minute pana devine un aluat moale si pufos.<br \/>\n6. Turna\u021bi aluatul in forma de chec \/ tort.<br \/>\n7. Coace\u021bi checul cu lamaie timp de 55-60 de minute pana se rumeneste.<br \/>\n8. Asezati checul cu lamaie in forma pe un raft \/ masa etc si lasati checul cu lamaie sa se raceasca in forma de copt timp de 10 minute.<br \/>\n9. Scoateti checul cu lamaie din forma si lasati-l sa se raceasca in continuare pe un gratar.<strong><br \/>\n<\/strong>Temperatura cuptorului:<br \/>\nCuptor electric: 160 \u00b0 C<br \/>\nCuptor cu convec\u021bie: 150 \u00b0 C<br \/>\nCuptor cu gaz: setarea 2-3<br \/>\nTimp de pregatire<br \/>\nPreparare: aproximativ 10 minute<br \/>\nTimp de coacere: 55-60 minute<strong><br \/>\n<\/strong><\/p>\n<p><strong>Sfat de depozitare:<br \/>\n<\/strong>La sfarsitul timpului de coacere, puteti verifica daca checul cu lamaie este gata intepand-ul cu o scobitoare in mijlocul checului cu lamaie. Cand scobitoarea iese curata, checul cu lamaie este gata.<br \/>\nPastrati checul cu lamaie intr-un recipient bine inchis sau intr-o punga de plastic; maxim 3 zile din frigider sau 5 zile \u00een frigider. Checul cu lamaie poate fi depozitat congelat maxim 3 saptamani (daca este invelit corespunzator in plastic).<strong><br \/>\nIngr\u00e9dient :<\/strong> zahar, f\u0103in\u0103 de grau, amidon de grau, amidon de orez, emulgatori (E 471, E 475), amidon de cartofi, agenti cresc\u0103tori (E 450, E 500), faina de porumb, aroma naturala de lamaie, sare<br \/>\n<strong>Allerg\u00e8nes :<\/strong> contine grau, cereale care contin gluten. Poate contine urme de ou si lapte<br \/>\nValeurs nutritionnelles \/ 100 g :<br \/>\nEnergie 1589 kJ \/ 380 kcal<br \/>\nGr\u0103simi 19 g din care acizi gra\u0219i satura\u021bi 8.4 g<br \/>\nGlucide 45 g din care zaharuri 26 g<br \/>\nAlbus de ou 5.8 g<br \/>\nSare 0,92 g<br \/>\nProtejati de lumina directa a soarelui. A se pastra la loc racoros.<br \/>\nImportateur et distributeur Total Blue Impex SRL<\/p>\n<div id=\"simple-translate\" class=\"simple-translate-light-theme\">\n<div>\n<div class=\"simple-translate-button isShow\" style=\"height: 22px;width: 22px;top: 28px;left: -11px\"><\/div>\n<div class=\"simple-translate-panel\" style=\"width: 300px;height: 200px;top: 0px;left: 0px;font-size: 13px\">\n<div class=\"simple-translate-result-wrapper\" style=\"overflow: hidden\">\n<div class=\"simple-translate-move\"><\/div>\n<div class=\"simple-translate-result-contents\">\n<p class=\"simple-translate-candidate\" dir=\"auto\">\n<\/div>\n<\/div>\n<\/div>\n<\/div>\n<\/div>","protected":false},"excerpt":{"rendered":"<p>Koopmans Citroencake mix 400g<br \/>\nKoopmans Mix chec cu lamaie 400 g<\/p>","protected":false},"featured_media":32606,"comment_status":"open","ping_status":"closed","template":"","meta":{"_acf_changed":false,"_seopress_robots_primary_cat":"none","_seopress_titles_title":"","_seopress_titles_desc":"","_seopress_robots_index":""},"product_brand":[2046],"product_cat":[3296,3304,3328,1767],"giftcard-category":[],"class_list":{"0":"post-32605","1":"product","2":"type-product","3":"status-publish","4":"has-post-thumbnail","6":"product_brand-koopmans","7":"product_cat-brutarie-patiserie","8":"product_cat-mic-dejun-produse-olanda","9":"product_cat-paste-orez-ulei-otet","10":"product_cat-produse-olanda","12":"first","13":"outofstock","14":"taxable","15":"shipping-taxable","16":"purchasable","17":"product-type-simple"},"acf":[],"_links":{"self":[{"href":"https:\/\/totalblue.ro\/fr\/wp-json\/wp\/v2\/product\/32605","targetHints":{"allow":["GET"]}}],"collection":[{"href":"https:\/\/totalblue.ro\/fr\/wp-json\/wp\/v2\/product"}],"about":[{"href":"https:\/\/totalblue.ro\/fr\/wp-json\/wp\/v2\/types\/product"}],"replies":[{"embeddable":true,"href":"https:\/\/totalblue.ro\/fr\/wp-json\/wp\/v2\/comments?post=32605"}],"wp:featuredmedia":[{"embeddable":true,"href":"https:\/\/totalblue.ro\/fr\/wp-json\/wp\/v2\/media\/32606"}],"wp:attachment":[{"href":"https:\/\/totalblue.ro\/fr\/wp-json\/wp\/v2\/media?parent=32605"}],"wp:term":[{"taxonomy":"product_brand","embeddable":true,"href":"https:\/\/totalblue.ro\/fr\/wp-json\/wp\/v2\/product_brand?post=32605"},{"taxonomy":"product_cat","embeddable":true,"href":"https:\/\/totalblue.ro\/fr\/wp-json\/wp\/v2\/product_cat?post=32605"},{"taxonomy":"giftcard-category","embeddable":true,"href":"https:\/\/totalblue.ro\/fr\/wp-json\/wp\/v2\/giftcard-category?post=32605"}],"curies":[{"name":"wp","href":"https:\/\/api.w.org\/{rel}","templated":true}]}}