{"id":32612,"date":"2021-08-06T11:16:38","date_gmt":"2021-08-06T08:16:38","guid":{"rendered":"https:\/\/totalblue.ro\/?post_type=product&#038;p=32612"},"modified":"2025-08-04T11:28:25","modified_gmt":"2025-08-04T08:28:25","slug":"douwe-egberts-cafe-intens-filterkoffie-cafea-macinata-250g","status":"publish","type":"product","link":"https:\/\/totalblue.ro\/fr\/produs\/douwe-egberts-cafe-intens-filterkoffie-cafea-macinata-250g\/","title":{"rendered":"Douwe Egberts Caf\u00e9 intense filterkoffie caf\u00e9 moulu 250g"},"content":{"rendered":"<p>Douwe Egberts Caf\u00e9 intens filterkoffie 250g<br \/>\nDouwe Egberts Caf\u00e9 intense filterkoffie caf\u00e9 moulu 250g<br \/>\nNumar de portii: 36<br \/>\nIntensitatea aromei 07 (scara 01-09)<br \/>\nAmestec de cafea robusta si arabica.<br \/>\nPotrivit pentru filtru de cafea, cafetiere, aeropress, percolator.<br \/>\nO cafea aromata, cu un gust intens si bogat. O cafea deosebit de gustoasa.<br \/>\nIngrediente: cafea<br \/>\nCafeaua are cel mai bun gust pana la 2 saptamani dup\u0103 deschidere dac\u0103 o pastrati rece si uscata in ambalajul original inchis.<br \/>\nCafea ambalata in atmosfera protejata.<br \/>\nDouwe Egberts Consumentenservice<br \/>\nOosterdoksstraat 80, 1011 DK Amsterdam, The Netherlands<br \/>\nImportateur et distributeur Total Blue Impex SRL<\/p>\n<div id=\"tab-additional_information\" class=\"woocommerce-Tabs-panel woocommerce-Tabs-panel--additional_information panel entry-content\" role=\"tabpanel\" aria-labelledby=\"tab-title-additional_information\"><\/div>","protected":false},"excerpt":{"rendered":"<p>Douwe Egberts Caf\u00e9 intens filterkoffie 250g<br \/>\nDouwe Egberts Caf\u00e9 intense filterkoffie caf\u00e9 moulu 250g<\/p>","protected":false},"featured_media":32613,"comment_status":"open","ping_status":"closed","template":"","meta":{"_acf_changed":false,"_seopress_robots_primary_cat":"none","_seopress_titles_title":"","_seopress_titles_desc":"","_seopress_robots_index":""},"product_brand":[2079],"product_cat":[1555,1506,3320,1767],"giftcard-category":[],"class_list":{"0":"post-32612","1":"product","2":"type-product","3":"status-publish","4":"has-post-thumbnail","6":"product_brand-douwe-egberts","7":"product_cat-bacanie","8":"product_cat-cafea-ceai-mic-dejun","9":"product_cat-cafea-ceai-lapte","10":"product_cat-produse-olanda","12":"first","13":"outofstock","14":"taxable","15":"shipping-taxable","16":"purchasable","17":"product-type-simple"},"acf":[],"_links":{"self":[{"href":"https:\/\/totalblue.ro\/fr\/wp-json\/wp\/v2\/product\/32612","targetHints":{"allow":["GET"]}}],"collection":[{"href":"https:\/\/totalblue.ro\/fr\/wp-json\/wp\/v2\/product"}],"about":[{"href":"https:\/\/totalblue.ro\/fr\/wp-json\/wp\/v2\/types\/product"}],"replies":[{"embeddable":true,"href":"https:\/\/totalblue.ro\/fr\/wp-json\/wp\/v2\/comments?post=32612"}],"wp:featuredmedia":[{"embeddable":true,"href":"https:\/\/totalblue.ro\/fr\/wp-json\/wp\/v2\/media\/32613"}],"wp:attachment":[{"href":"https:\/\/totalblue.ro\/fr\/wp-json\/wp\/v2\/media?parent=32612"}],"wp:term":[{"taxonomy":"product_brand","embeddable":true,"href":"https:\/\/totalblue.ro\/fr\/wp-json\/wp\/v2\/product_brand?post=32612"},{"taxonomy":"product_cat","embeddable":true,"href":"https:\/\/totalblue.ro\/fr\/wp-json\/wp\/v2\/product_cat?post=32612"},{"taxonomy":"giftcard-category","embeddable":true,"href":"https:\/\/totalblue.ro\/fr\/wp-json\/wp\/v2\/giftcard-category?post=32612"}],"curies":[{"name":"wp","href":"https:\/\/api.w.org\/{rel}","templated":true}]}}