{"id":32614,"date":"2021-08-06T11:29:24","date_gmt":"2021-08-06T08:29:24","guid":{"rendered":"https:\/\/totalblue.ro\/?post_type=product&#038;p=32614"},"modified":"2025-02-28T15:36:04","modified_gmt":"2025-02-28T13:36:04","slug":"fulgi-de-ciocolata-lati-puur-de-ruijter-olanda-300g","status":"publish","type":"product","link":"https:\/\/totalblue.ro\/fr\/produs\/fulgi-de-ciocolata-lati-puur-de-ruijter-olanda-300g\/","title":{"rendered":"Fulgi de ciocolata lati PUUR De Ruijter \u2013 Olanda 300g"},"content":{"rendered":"<p>De Ruijter Vlokken puur 300g<br \/>\nFulgi de ciocolata lati PUUR De Ruijter \u2013 Olanda 300g<br \/>\nId\u00e9al pour les sandwichs avec du pain et du beurre\/margarine.<br \/>\nNumar de portii: aproximativ 20<br \/>\nPour un petit-d\u00e9jeuner rapide et d\u00e9licieux, il suffit d'un peu de beurre, de 2 tranches de pain et des flocons aromatis\u00e9s De Ruijter. Les flocons de chocolat aromatis\u00e9s sont fabriqu\u00e9s \u00e0 partir d'ingr\u00e9dients naturels et constituent une alternative plus saine \u00e0 la confiture trop sucr\u00e9e pour vous et vos enfants. Ils peuvent \u00e9galement \u00eatre utilis\u00e9s pour garnir des desserts, des glaces, des m\u00e9langes de yaourts, etc.<br \/>\n<strong>Ingr\u00e9dient :<\/strong> zahar, cacao degresata, unt de cacao, dextroza, emulgator (lecitin\u0103 soya), aroma (contine lapte), * Rainforest Alliance Certified \u2122\ufe0f.<br \/>\n<strong>Cacao certificat\u0103 Rainforest Alliance<\/strong><br \/>\n<strong>Allerg\u00e8nes :<\/strong> lapte, soia<br \/>\nA se pastra intr-un loc uscat si racoros.<br \/>\n<strong>La nutrition :<\/strong><br \/>\nValeurs nutritionnelles pour 100 g :<br \/>\nEnergie 1854 kJ (443 kcal)<br \/>\nGrasimi 16 g din care saturate 9.5 g<br \/>\nCarbohidrati 66 g din care zaharuri 63 g<br \/>\nProteine \u200b\u200b5.2 g<br \/>\nSare 0.01 g<br \/>\nFabriqu\u00e9 aux Pays-Bas par De Ruijter Consumentenservice<br \/>\nGustav Mahlerlaan 1228 1081 LA Amsterdam Postbus 87118 1080 JC Amsterdam<br \/>\n1080 JC Amsterdam<br \/>\nImportateur et distributeur Total Blue Impex SRL<br \/>\n<a href=\"https:\/\/totalblue.ro\/wp-content\/uploads\/2020\/12\/Rainforest-Alliance.jpeg\"><img loading=\"lazy\" decoding=\"async\" class=\"alignnone wp-image-27609\" src=\"https:\/\/totalblue.ro\/wp-content\/uploads\/2020\/12\/Rainforest-Alliance-699x400.jpeg\" alt=\"\" width=\"252\" height=\"144\" srcset=\"https:\/\/totalblue.ro\/wp-content\/uploads\/2020\/12\/Rainforest-Alliance-699x400.jpeg 699w, https:\/\/totalblue.ro\/wp-content\/uploads\/2020\/12\/Rainforest-Alliance-510x292.jpeg 510w, https:\/\/totalblue.ro\/wp-content\/uploads\/2020\/12\/Rainforest-Alliance-768x440.jpeg 768w, https:\/\/totalblue.ro\/wp-content\/uploads\/2020\/12\/Rainforest-Alliance-600x343.jpeg 600w, https:\/\/totalblue.ro\/wp-content\/uploads\/2020\/12\/Rainforest-Alliance-100x57.jpeg 100w, https:\/\/totalblue.ro\/wp-content\/uploads\/2020\/12\/Rainforest-Alliance.jpeg 959w\" sizes=\"auto, (max-width: 252px) 100vw, 252px\" \/><\/a><\/p>","protected":false},"excerpt":{"rendered":"<p>De Ruijter Vlokken puur 300g<br \/>\nFulgi de ciocolata lati PUUR De Ruijter \u2013 Olanda 300g<br \/>\nId\u00e9al pour les sandwichs avec du pain et du beurre\/margarine.<\/p>","protected":false},"featured_media":32617,"comment_status":"open","ping_status":"closed","template":"","meta":{"_acf_changed":false,"_seopress_robots_primary_cat":"none","_seopress_titles_title":"Fulgi de ciocolata lati PUUR De Ruijter \u2013 Olanda 300g","_seopress_titles_desc":"Fulgi de ciocolata lati PUUR De Ruijter \u2013 Olanda 300g","_seopress_robots_index":""},"product_brand":[1823],"product_cat":[1555,1506,3338,3304,1767],"giftcard-category":[],"class_list":{"0":"post-32614","1":"product","2":"type-product","3":"status-publish","4":"has-post-thumbnail","6":"product_brand-de-ruijter","7":"product_cat-bacanie","8":"product_cat-cafea-ceai-mic-dejun","9":"product_cat-dulciuri-snacksuri","10":"product_cat-mic-dejun-produse-olanda","11":"product_cat-produse-olanda","13":"first","14":"outofstock","15":"taxable","16":"shipping-taxable","17":"purchasable","18":"product-type-simple"},"acf":[],"_links":{"self":[{"href":"https:\/\/totalblue.ro\/fr\/wp-json\/wp\/v2\/product\/32614","targetHints":{"allow":["GET"]}}],"collection":[{"href":"https:\/\/totalblue.ro\/fr\/wp-json\/wp\/v2\/product"}],"about":[{"href":"https:\/\/totalblue.ro\/fr\/wp-json\/wp\/v2\/types\/product"}],"replies":[{"embeddable":true,"href":"https:\/\/totalblue.ro\/fr\/wp-json\/wp\/v2\/comments?post=32614"}],"wp:featuredmedia":[{"embeddable":true,"href":"https:\/\/totalblue.ro\/fr\/wp-json\/wp\/v2\/media\/32617"}],"wp:attachment":[{"href":"https:\/\/totalblue.ro\/fr\/wp-json\/wp\/v2\/media?parent=32614"}],"wp:term":[{"taxonomy":"product_brand","embeddable":true,"href":"https:\/\/totalblue.ro\/fr\/wp-json\/wp\/v2\/product_brand?post=32614"},{"taxonomy":"product_cat","embeddable":true,"href":"https:\/\/totalblue.ro\/fr\/wp-json\/wp\/v2\/product_cat?post=32614"},{"taxonomy":"giftcard-category","embeddable":true,"href":"https:\/\/totalblue.ro\/fr\/wp-json\/wp\/v2\/giftcard-category?post=32614"}],"curies":[{"name":"wp","href":"https:\/\/api.w.org\/{rel}","templated":true}]}}