{"id":32651,"date":"2021-08-06T14:46:46","date_gmt":"2021-08-06T11:46:46","guid":{"rendered":"https:\/\/totalblue.ro\/?post_type=product&#038;p=32651"},"modified":"2026-03-30T10:50:31","modified_gmt":"2026-03-30T07:50:31","slug":"lipton-bio-infuzie-picanta-morocco-menta-20-pliculete","status":"publish","type":"product","link":"https:\/\/totalblue.ro\/fr\/produs\/lipton-bio-infuzie-picanta-morocco-menta-20-pliculete\/","title":{"rendered":"Lipton Bio Infuzie Picanta Morocco Menta 20 pliculete, Olanda"},"content":{"rendered":"<p>Lipton kruiden infusie Morocco Mint 20 stuks<br \/>\nLipton Bio Infuzie Picanta Morocco Menta 20 pliculete<br \/>\n1 pachet Lipton kruiden infusie Morocco Mint contine 20 pliculete x 2 g = 40 g<br \/>\nTipul de ceai: infuzie aromata<br \/>\n<strong>Ingr\u00e9dient :<\/strong> scor\u021bisoara (27%), radacina de cicoare, macese, radacina de lemn dulce (18%), coaja de portocala, aroma, ment\u0103 (2,4%)<br \/>\n<strong>Comment se pr\u00e9parer :<\/strong>Se toarna apa clocotita (100 \u00b0 C) intr-o ceasca de aprox 200 ml. Lasati pliculetul de ceai timp de 4 pana la 5 minute in ceasca.<br \/>\nNote : La tasse peut \u00eatre chaude ! Le th\u00e9 peut \u00eatre chaud !<br \/>\n<strong>Mod de depozitare:<\/strong> A se pastra la loc uscat, intunecat la temperatura camerei.<br \/>\n<strong>Valeurs nutritionnelles\/100g :<\/strong><br \/>\nEnergie 17kJ \/ 4 kcal<br \/>\nGraisses &lt; 0,5 g dont graisses satur\u00e9es &lt; 0,1 g<br \/>\nCarbohidrati &lt; 0,5 g dintre care zaharuri &lt; 0,5 g<br \/>\nProteine &lt; 0,5 grame<br \/>\nSare &lt; 0,01 grame<br \/>\nFabricat de Unilever Belgium, PO Box 10024, 1070 Anderlecht, Belgium<br \/>\nImportateur et distributeur Total Blue Impex SRL<\/p>","protected":false},"excerpt":{"rendered":"<p>Lipton kruiden infusie Morocco Mint 20 stuks<br \/>\nLipton Bio Infuzie Picanta Morocco Menta 20 pliculete<\/p>","protected":false},"featured_media":32652,"comment_status":"open","ping_status":"closed","template":"","meta":{"_acf_changed":false,"_seopress_robots_primary_cat":"none","_seopress_titles_title":"Lipton Ceai Bio Infuzie Picanta Morocco Menta, pliculete","_seopress_titles_desc":"Cumpara onlin ceai Lipton, ceai pliculete Lipton Bio Infuzie Picanta Morocco Menta, ceai lipton olanda, ceai pliculete olanda, ceai menta lipton.","_seopress_robots_index":""},"product_brand":[1866],"product_cat":[1555,1506,3320,1767],"giftcard-category":[],"class_list":{"0":"post-32651","1":"product","2":"type-product","3":"status-publish","4":"has-post-thumbnail","6":"product_brand-lipton","7":"product_cat-bacanie","8":"product_cat-cafea-ceai-mic-dejun","9":"product_cat-cafea-ceai-lapte","10":"product_cat-produse-olanda","12":"first","13":"instock","14":"taxable","15":"shipping-taxable","16":"purchasable","17":"product-type-simple"},"acf":[],"_links":{"self":[{"href":"https:\/\/totalblue.ro\/fr\/wp-json\/wp\/v2\/product\/32651","targetHints":{"allow":["GET"]}}],"collection":[{"href":"https:\/\/totalblue.ro\/fr\/wp-json\/wp\/v2\/product"}],"about":[{"href":"https:\/\/totalblue.ro\/fr\/wp-json\/wp\/v2\/types\/product"}],"replies":[{"embeddable":true,"href":"https:\/\/totalblue.ro\/fr\/wp-json\/wp\/v2\/comments?post=32651"}],"wp:featuredmedia":[{"embeddable":true,"href":"https:\/\/totalblue.ro\/fr\/wp-json\/wp\/v2\/media\/32652"}],"wp:attachment":[{"href":"https:\/\/totalblue.ro\/fr\/wp-json\/wp\/v2\/media?parent=32651"}],"wp:term":[{"taxonomy":"product_brand","embeddable":true,"href":"https:\/\/totalblue.ro\/fr\/wp-json\/wp\/v2\/product_brand?post=32651"},{"taxonomy":"product_cat","embeddable":true,"href":"https:\/\/totalblue.ro\/fr\/wp-json\/wp\/v2\/product_cat?post=32651"},{"taxonomy":"giftcard-category","embeddable":true,"href":"https:\/\/totalblue.ro\/fr\/wp-json\/wp\/v2\/giftcard-category?post=32651"}],"curies":[{"name":"wp","href":"https:\/\/api.w.org\/{rel}","templated":true}]}}