{"id":32793,"date":"2021-08-10T11:32:14","date_gmt":"2021-08-10T08:32:14","guid":{"rendered":"https:\/\/totalblue.ro\/?post_type=product&#038;p=32793"},"modified":"2023-04-10T16:23:23","modified_gmt":"2023-04-10T13:23:23","slug":"amstel-radler-lamaie-2-sticla-300-ml-import-olanda","status":"publish","type":"product","link":"https:\/\/totalblue.ro\/fr\/produs\/amstel-radler-lamaie-2-sticla-300-ml-import-olanda\/","title":{"rendered":"Amstel Radler Mud Muddles 2% bouteille 300 ml, import Hollande"},"content":{"rendered":"<p>Amstel Radler citroen 2% fles 300 ml<br \/>\nAmstel Radler Mud Muddles 2% bouteille 300 ml, import Hollande<br \/>\nAmstel Radler Lamaie are un gust dublu racoritor!<br \/>\nAlcool: 2% vol.<br \/>\nProduit disponible en ligne<br \/>\nTip bere: blonda alba<br \/>\nCategorie: Fructat si proaspat<br \/>\n<strong>Ingr\u00e9dient :<\/strong> apa carbogazoasa, mal\u021b de orz, zahar, suc de fructe 5% din concentrat (suc de lamaie 2,7%, suc de portocale, suc de lamaie, suc de acerola), hamei, extract de hamei, extract concentrat de lamaie, aroma naturala, stabilizator: guma de salcam, extract de lamaie<br \/>\n<strong>Allerg\u00e8nes :<\/strong> contine cereale care contin gluten, orz.<br \/>\nAmbalaj : sticla. Sticlele sunt nereturnabile. ( Nu se percep taxe suplimentare pentru sticle )<br \/>\nAttention aux temp\u00e9ratures \u00e9lev\u00e9es et au gel.<br \/>\n<strong>Valeurs nutritionnelles :<\/strong><br \/>\nEnergie 151 kJ (36 kcal)<br \/>\nGrasimi &lt;0,1 g din care saturati 0 g<br \/>\nCarbohidrati 6,2 g din care zaharuri 4,7 g<br \/>\nProt\u00e9ines 0,2 g<br \/>\nSare &lt;0,01 g<br \/>\nMensonges l\u00e9gaux : L'alcool nuit gravement \u00e0 la sant\u00e9. \u00c0 consommer avec mod\u00e9ration. La vente aux moins de 18 ans est interdite. www.desprealcool.ro<br \/>\nProdus de Amstel Consumentenservice, Antwoornummer 7181, 1000 PA Amsterdam, The Netherlands<br \/>\nImportateur et distributeur Total Blue Impex SRL<br \/>\n<a href=\"https:\/\/totalblue.ro\/wp-content\/uploads\/2021\/04\/under-18.jpg\"><img loading=\"lazy\" decoding=\"async\" class=\"alignnone wp-image-30757\" src=\"https:\/\/totalblue.ro\/wp-content\/uploads\/2021\/04\/under-18-400x400.jpg\" alt=\"\" width=\"95\" height=\"95\" srcset=\"https:\/\/totalblue.ro\/wp-content\/uploads\/2021\/04\/under-18-400x400.jpg 400w, https:\/\/totalblue.ro\/wp-content\/uploads\/2021\/04\/under-18-100x100.jpg 100w, https:\/\/totalblue.ro\/wp-content\/uploads\/2021\/04\/under-18-510x510.jpg 510w, https:\/\/totalblue.ro\/wp-content\/uploads\/2021\/04\/under-18-280x280.jpg 280w, https:\/\/totalblue.ro\/wp-content\/uploads\/2021\/04\/under-18.jpg 600w\" sizes=\"auto, (max-width: 95px) 100vw, 95px\" \/><\/a><a href=\"https:\/\/totalblue.ro\/wp-content\/uploads\/2021\/06\/drink-drive.jpg\"><img loading=\"lazy\" decoding=\"async\" class=\"alignnone wp-image-30761\" src=\"https:\/\/totalblue.ro\/wp-content\/uploads\/2021\/06\/drink-drive.jpg\" alt=\"\" width=\"95\" height=\"93\" srcset=\"https:\/\/totalblue.ro\/wp-content\/uploads\/2021\/06\/drink-drive.jpg 344w, https:\/\/totalblue.ro\/wp-content\/uploads\/2021\/06\/drink-drive-100x98.jpg 100w\" sizes=\"auto, (max-width: 95px) 100vw, 95px\" \/><\/a><a href=\"https:\/\/totalblue.ro\/wp-content\/uploads\/2021\/06\/bere-gravide02.jpg\"><img loading=\"lazy\" decoding=\"async\" class=\"alignnone wp-image-30771\" src=\"https:\/\/totalblue.ro\/wp-content\/uploads\/2021\/06\/bere-gravide02-403x400.jpg\" alt=\"\" width=\"94\" height=\"93\" srcset=\"https:\/\/totalblue.ro\/wp-content\/uploads\/2021\/06\/bere-gravide02-403x400.jpg 403w, https:\/\/totalblue.ro\/wp-content\/uploads\/2021\/06\/bere-gravide02-100x99.jpg 100w, https:\/\/totalblue.ro\/wp-content\/uploads\/2021\/06\/bere-gravide02-510x507.jpg 510w, https:\/\/totalblue.ro\/wp-content\/uploads\/2021\/06\/bere-gravide02-805x800.jpg 805w, https:\/\/totalblue.ro\/wp-content\/uploads\/2021\/06\/bere-gravide02-280x280.jpg 280w, https:\/\/totalblue.ro\/wp-content\/uploads\/2021\/06\/bere-gravide02-768x763.jpg 768w, https:\/\/totalblue.ro\/wp-content\/uploads\/2021\/06\/bere-gravide02-600x596.jpg 600w, https:\/\/totalblue.ro\/wp-content\/uploads\/2021\/06\/bere-gravide02.jpg 895w\" sizes=\"auto, (max-width: 94px) 100vw, 94px\" \/><\/a><\/p>","protected":false},"excerpt":{"rendered":"<p>Ce prix est valable pour les commandes en ligne uniquement.<br \/>\nPretul afisat este pe bucata!<\/p>","protected":false},"featured_media":48241,"comment_status":"open","ping_status":"closed","template":"","meta":{"_acf_changed":false,"_seopress_robots_primary_cat":"none","_seopress_titles_title":"","_seopress_titles_desc":"","_seopress_robots_index":""},"product_brand":[2031],"product_cat":[1519,1767,3312],"giftcard-category":[],"class_list":{"0":"post-32793","1":"product","2":"type-product","3":"status-publish","4":"has-post-thumbnail","6":"product_brand-amstel","7":"product_cat-bauturi-alcoolice-bere","8":"product_cat-produse-olanda","9":"product_cat-bauturi-racoritoare-produse-olanda","11":"first","12":"outofstock","13":"sale","14":"taxable","15":"shipping-taxable","16":"purchasable","17":"product-type-simple"},"acf":[],"_links":{"self":[{"href":"https:\/\/totalblue.ro\/fr\/wp-json\/wp\/v2\/product\/32793","targetHints":{"allow":["GET"]}}],"collection":[{"href":"https:\/\/totalblue.ro\/fr\/wp-json\/wp\/v2\/product"}],"about":[{"href":"https:\/\/totalblue.ro\/fr\/wp-json\/wp\/v2\/types\/product"}],"replies":[{"embeddable":true,"href":"https:\/\/totalblue.ro\/fr\/wp-json\/wp\/v2\/comments?post=32793"}],"wp:featuredmedia":[{"embeddable":true,"href":"https:\/\/totalblue.ro\/fr\/wp-json\/wp\/v2\/media\/48241"}],"wp:attachment":[{"href":"https:\/\/totalblue.ro\/fr\/wp-json\/wp\/v2\/media?parent=32793"}],"wp:term":[{"taxonomy":"product_brand","embeddable":true,"href":"https:\/\/totalblue.ro\/fr\/wp-json\/wp\/v2\/product_brand?post=32793"},{"taxonomy":"product_cat","embeddable":true,"href":"https:\/\/totalblue.ro\/fr\/wp-json\/wp\/v2\/product_cat?post=32793"},{"taxonomy":"giftcard-category","embeddable":true,"href":"https:\/\/totalblue.ro\/fr\/wp-json\/wp\/v2\/giftcard-category?post=32793"}],"curies":[{"name":"wp","href":"https:\/\/api.w.org\/{rel}","templated":true}]}}