{"id":32817,"date":"2021-08-10T12:45:27","date_gmt":"2021-08-10T09:45:27","guid":{"rendered":"https:\/\/totalblue.ro\/?post_type=product&#038;p=32817"},"modified":"2025-08-06T11:36:27","modified_gmt":"2025-08-06T08:36:27","slug":"salade-de-celeri-rave-kesbeke-370-ml","status":"publish","type":"product","link":"https:\/\/totalblue.ro\/fr\/produs\/kesbeke-salata-de-telina-370-ml\/","title":{"rendered":"Salade de c\u00e9leri-rave Kesbeke 370 ml, Import Hollande"},"content":{"rendered":"<p>Kesbeke Salad Seldery 370 ml<br \/>\nSalade de c\u00e9leri-rave Kesbeke 370 ml<br \/>\n<strong>Ingr\u00e9dient :<\/strong> c\u00e9leri, eau, vinaigre, sel, antioxydant (sulfite), ar\u00f4mes naturels (moutarde), \u00e9dulcorant, saccharine<br \/>\n<strong>Allerg\u00e8nes :<\/strong> c\u00e9leri, moutarde<br \/>\n<strong>Valeurs nutritionnelles :<\/strong><br \/>\n\u00c9nergie 46 KiloJoule<br \/>\n\u00c9nergie 11 Kilocalories<br \/>\nGraisses 0,3 grammes dont graisses satur\u00e9es 0 gramme<br \/>\nGlucides 0,4 grammes dont sucres 0,2 grammes<br \/>\nFibres 2 grammes<br \/>\nProt\u00e9ines 0,7 grammes<br \/>\nSel 1,05 grammes<br \/>\nConditionnement : pot en verre avec couvercle.<br \/>\nProduit par Kesbeke Fijne Tafelzuren, Adolf van Nassaustraat 2-8, 1055 RP, Amsterdam. Pays-Bas<br \/>\nImportateur et distributeur Total Blue Impex SRL<\/p>","protected":false},"excerpt":{"rendered":"<p>Kesbeke Salad Seldery 370 ml<br \/>\nSalade de c\u00e9leri-rave Kesbeke 370 ml<\/p>","protected":false},"featured_media":32818,"comment_status":"open","ping_status":"closed","template":"","meta":{"_acf_changed":false,"_seopress_robots_primary_cat":"1767","_seopress_titles_title":"Salata de telina Kesbeke, telina import Olanda, telina ieftina olandeza.","_seopress_titles_desc":"Cumpara acum online Kesbeke salata de telina, telina plina de vitamine, telina Olanda. Magazin cu produse ieftine import Olanda si Germania, telina.","_seopress_robots_index":""},"product_brand":[2038],"product_cat":[1555,1683,3272,1767],"giftcard-category":[],"class_list":{"0":"post-32817","1":"product","2":"type-product","3":"status-publish","4":"has-post-thumbnail","6":"product_brand-kesbeke","7":"product_cat-bacanie","8":"product_cat-conserve-mancare-gatita","9":"product_cat-conserve","10":"product_cat-produse-olanda","12":"first","13":"outofstock","14":"taxable","15":"shipping-taxable","16":"purchasable","17":"product-type-simple"},"acf":[],"_links":{"self":[{"href":"https:\/\/totalblue.ro\/fr\/wp-json\/wp\/v2\/product\/32817","targetHints":{"allow":["GET"]}}],"collection":[{"href":"https:\/\/totalblue.ro\/fr\/wp-json\/wp\/v2\/product"}],"about":[{"href":"https:\/\/totalblue.ro\/fr\/wp-json\/wp\/v2\/types\/product"}],"replies":[{"embeddable":true,"href":"https:\/\/totalblue.ro\/fr\/wp-json\/wp\/v2\/comments?post=32817"}],"wp:featuredmedia":[{"embeddable":true,"href":"https:\/\/totalblue.ro\/fr\/wp-json\/wp\/v2\/media\/32818"}],"wp:attachment":[{"href":"https:\/\/totalblue.ro\/fr\/wp-json\/wp\/v2\/media?parent=32817"}],"wp:term":[{"taxonomy":"product_brand","embeddable":true,"href":"https:\/\/totalblue.ro\/fr\/wp-json\/wp\/v2\/product_brand?post=32817"},{"taxonomy":"product_cat","embeddable":true,"href":"https:\/\/totalblue.ro\/fr\/wp-json\/wp\/v2\/product_cat?post=32817"},{"taxonomy":"giftcard-category","embeddable":true,"href":"https:\/\/totalblue.ro\/fr\/wp-json\/wp\/v2\/giftcard-category?post=32817"}],"curies":[{"name":"wp","href":"https:\/\/api.w.org\/{rel}","templated":true}]}}