{"id":32827,"date":"2021-08-10T14:35:17","date_gmt":"2021-08-10T11:35:17","guid":{"rendered":"https:\/\/totalblue.ro\/?post_type=product&#038;p=32827"},"modified":"2025-08-06T15:56:34","modified_gmt":"2025-08-06T12:56:34","slug":"maggi-no-1-chilli-spice-mix-for-fried-meat-78-g","status":"publish","type":"product","link":"https:\/\/totalblue.ro\/fr\/produs\/maggi-nr-1-amestecul-de-condimente-cu-ardei-pentru-carne-prajita-78-g\/","title":{"rendered":"Maggi no. 1 M\u00e9lange d'\u00e9pices pour viande frite 78 g"},"content":{"rendered":"<p>Maggi W\u00fcrzmischung Nr. 1 - Gebratenes Fleisch mit Pfeffer<br \/>\nMaggi no. 1 M\u00e9lange d'\u00e9pices pour viande frite 78 g<br \/>\n<strong>Ingr\u00e9dient : <\/strong>sel iod\u00e9 (sel, iodate de potassium), glutamate monosodique exhausteur de go\u00fbt, \u00e9pices (poivre 13%, oignon en poudre, paprika en poudre, marjolaine, cumin, laurier, ail en poudre, romarin), farine de bl\u00e9, ar\u00f4mes (avec de l'huile de c\u00e9leri), graisse de palme.<br \/>\n<strong>Allerg\u00e8nes :<\/strong> Peut contenir des \u0153ufs, du lait, de la moutarde et du soja.<br \/>\nSans ingr\u00e9dients ni g\u00e9latine de porc<br \/>\nV\u00e9g\u00e9talien<br \/>\nV\u00e9g\u00e9tarien<br \/>\nDisponible dans une bouteille en verre pratique et refermable avec couvercle.<br \/>\n<strong>Valeurs nutritionnelles \/ 100g :<\/strong><br \/>\n\u00c9nergie 853 kJ 202 kcal<br \/>\nMati\u00e8res grasses 3,9 g dont acides gras satur\u00e9s 2,0 g<br \/>\nGlucides 20,8 g dont sucre 2,1 g<br \/>\nFibres alimentaires 3,8 g<br \/>\nProt\u00e9ines 18,9 g<br \/>\nSel 47,4 g<\/p>\n<p>Fabriqu\u00e9 en Allemagne, MAGGI GmbH, 78221 Singen, Hohentwiel<br \/>\nImportateur et distributeur Total Blue Impex SRL<\/p>","protected":false},"excerpt":{"rendered":"<p>Maggi W\u00fcrzmischung Nr. 1 - Gebratenes Fleisch mit Pfeffer<br \/>\nMaggi no. 1 M\u00e9lange d'\u00e9pices pour viande frite 78 g<\/p>","protected":false},"featured_media":32828,"comment_status":"open","ping_status":"closed","template":"","meta":{"_acf_changed":false,"_seopress_robots_primary_cat":"1451","_seopress_titles_title":"Maggi nr. 1 Amestecul de condimente cu ardei pentru carne prajita ","_seopress_titles_desc":"Cumpara online Maggi 1 condimente cu ardei pentru carne prajita, condimente carne, condimente ieftine Maggi cu livrare rapida din Germania Olanda","_seopress_robots_index":""},"product_brand":[1869],"product_cat":[1555,3280,3380,1451,1950,1767],"giftcard-category":[],"class_list":{"0":"post-32827","1":"product","2":"type-product","3":"status-publish","4":"has-post-thumbnail","6":"product_brand-maggi","7":"product_cat-bacanie","8":"product_cat-condimente-sosuri","9":"product_cat-condimente-sosuri-produse-germania","10":"product_cat-condimente-produse-instant","11":"product_cat-produse-germania","12":"product_cat-produse-olanda","14":"first","15":"outofstock","16":"taxable","17":"shipping-taxable","18":"purchasable","19":"product-type-simple"},"acf":[],"_links":{"self":[{"href":"https:\/\/totalblue.ro\/fr\/wp-json\/wp\/v2\/product\/32827","targetHints":{"allow":["GET"]}}],"collection":[{"href":"https:\/\/totalblue.ro\/fr\/wp-json\/wp\/v2\/product"}],"about":[{"href":"https:\/\/totalblue.ro\/fr\/wp-json\/wp\/v2\/types\/product"}],"replies":[{"embeddable":true,"href":"https:\/\/totalblue.ro\/fr\/wp-json\/wp\/v2\/comments?post=32827"}],"wp:featuredmedia":[{"embeddable":true,"href":"https:\/\/totalblue.ro\/fr\/wp-json\/wp\/v2\/media\/32828"}],"wp:attachment":[{"href":"https:\/\/totalblue.ro\/fr\/wp-json\/wp\/v2\/media?parent=32827"}],"wp:term":[{"taxonomy":"product_brand","embeddable":true,"href":"https:\/\/totalblue.ro\/fr\/wp-json\/wp\/v2\/product_brand?post=32827"},{"taxonomy":"product_cat","embeddable":true,"href":"https:\/\/totalblue.ro\/fr\/wp-json\/wp\/v2\/product_cat?post=32827"},{"taxonomy":"giftcard-category","embeddable":true,"href":"https:\/\/totalblue.ro\/fr\/wp-json\/wp\/v2\/giftcard-category?post=32827"}],"curies":[{"name":"wp","href":"https:\/\/api.w.org\/{rel}","templated":true}]}}