{"id":32904,"date":"2021-08-12T15:14:58","date_gmt":"2021-08-12T12:14:58","guid":{"rendered":"https:\/\/totalblue.ro\/?post_type=product&#038;p=32904"},"modified":"2025-08-06T15:56:32","modified_gmt":"2025-08-06T12:56:32","slug":"maggi-bouillon-cu-carne-de-vita-108-g","status":"publish","type":"product","link":"https:\/\/totalblue.ro\/fr\/produs\/maggi-bouillon-cu-carne-de-vita-108-g\/","title":{"rendered":"Maggi Bouillon de b\u0153uf, 6L, 108 g"},"content":{"rendered":"<p>MAGGI Br\u00fche Mit Rind Glas 108 g<br \/>\nMaggi Bouillon cu carne de vita 108 g<strong><br \/>\n<\/strong>Maggi Bouillon cu carne de vita , 6 litri, Borcan 108 g<strong><br \/>\n<\/strong>Maggi Bouillon cu carne de vita este un bouillon consistent pentru condimentarea mancarilor.<strong><br \/>\n<\/strong>Maggi Bouillon cu carne de vita este indispensabil din bucatarie ! Maggi Bouillon cu carne de vita isi datoreaza nota picanta unor ingrediente bune, cum ar fi carnea de vita, ierburile si un amestec special de condimente.<strong><br \/>\n<\/strong>Maggi Bouillon cu carne de vita nu este potrivit doar ca baza pentru o supa cu carne de vita, ci este ideal si pentru condimentarea \u0219i condimentarea diferitelor feluri de mancare din carne si legume. Indiferent daca este vorba de friptura, sos carbonara, medalioane de vita, carne de vita fiarta, sauerbraten renan sau sosuri de salata de casa &#8211; cu Maggi Bouillon cu carne de vita, preparatele preparate individual au un gust plin \u0219i puternic.<br \/>\nTot ce ai nevoie este doar de 150 ml de apa clocotita la 1\/2 lingurita de bulion Maggi Bouillon cu carne de vita. Maggi Bouillon cu carne de vita nu este folosit doar pentru prepararea preparatelor din carne \u0219i legume.<strong><br \/>\n<\/strong>Contient des ingr\u00e9dients naturels.<strong><br \/>\n<\/strong>Daca gatesti mult si iti place sa incerci retete noi sau retete vegetariene, ar trebui sa ai \u00eentotdeauna la \u00eendemana un ajutor practic pentru bucatarie : MAGGI.<br \/>\nMaggi Bouillon ofera mancaruri creative din legume, carne si peste, cum ar fi tigaia de bulgur, antipasti de legume, salata de pui, carpaccio, pachetele sau burgeri de legume. Nu exista limite pentru propria creativitate atunci cand pregatesti si gatesti!<strong><br \/>\nIngr\u00e9dient : <\/strong>35,5% amestec de condimente (sare, ceapa, nucsoara, curcuma, ienibahar), amidon de cartofi , arome (grau), arome naturale , grasime de vita, condimente (din grau), zahar, carne de vita ierburi (patrunjel, frunze de dafin), seminte telina, ulei de floarea soarelui , sare, extract antioxidant din rozmarin . Poate contine oua, lapte, mustar si soia.<br \/>\n<strong>Allerg\u00e8nes : <\/strong>contine telina, gluten.<br \/>\nProt\u00e9ger de la lumi\u00e8re directe du soleil.<br \/>\nConditionnement : pot avec couvercle<br \/>\n<strong>Valeurs nutritionnelles :<br \/>\n<\/strong>Energie 17 kJ \/ 4 kcal 26 kJ<br \/>\nMati\u00e8res grasses 0,1 g dont acides gras satur\u00e9s 0,1 g<br \/>\nCarbohidrati 0,6 g din care zahar 0,1 g<br \/>\nFibre alimentare 0,1 g<br \/>\nProt\u00e9ines 0,2 g<br \/>\nSare 0,8 g<br \/>\nFabriqu\u00e9 par MAGGI GmbH 60528 Frankfurt \/ Main Fabriqu\u00e9 en ALLEMAGNE<br \/>\nImportateur et distributeur Total Blue Impex SRL<br \/>\nLes recettes des produits peuvent \u00eatre modifi\u00e9es. Les informations fournies ici se r\u00e9f\u00e8rent \u00e0 la gamme allemande actuellement en vigueur et sont r\u00e9guli\u00e8rement mises \u00e0 jour. En cas de changement de recette, des produits avec l'ancienne et la nouvelle recette peuvent \u00eatre trouv\u00e9s dans les magasins. L'acheteur doit donc lire attentivement toutes les informations figurant sur l'emballage. Cela vaut en particulier pour la liste des ingr\u00e9dients, afin de tenir compte des intol\u00e9rances, des allerg\u00e8nes, etc.<\/p>","protected":false},"excerpt":{"rendered":"<p>MAGGI Br\u00fche Mit Rind Glas 108 g<br \/>\nMaggi Bouillon cu carne de vita 108 g<\/p>","protected":false},"featured_media":33216,"comment_status":"open","ping_status":"closed","template":"","meta":{"_acf_changed":false,"_seopress_robots_primary_cat":"1451","_seopress_titles_title":"Maggi Bouillon cu carne de vita, condimente Maggi, Magazin Total Blue ","_seopress_titles_desc":"Cumpara online Maggi Bouillon cu carne de vita, condimente Maggi, condimente ieftine. Magazin online cu livrare rapida condimente Olanda,Germania","_seopress_robots_index":""},"product_brand":[1869],"product_cat":[1555,1451,3280,3380,1950,1767],"giftcard-category":[],"class_list":{"0":"post-32904","1":"product","2":"type-product","3":"status-publish","4":"has-post-thumbnail","6":"product_brand-maggi","7":"product_cat-bacanie","8":"product_cat-condimente-produse-instant","9":"product_cat-condimente-sosuri","10":"product_cat-condimente-sosuri-produse-germania","11":"product_cat-produse-germania","12":"product_cat-produse-olanda","14":"first","15":"outofstock","16":"taxable","17":"shipping-taxable","18":"purchasable","19":"product-type-simple"},"acf":[],"_links":{"self":[{"href":"https:\/\/totalblue.ro\/fr\/wp-json\/wp\/v2\/product\/32904","targetHints":{"allow":["GET"]}}],"collection":[{"href":"https:\/\/totalblue.ro\/fr\/wp-json\/wp\/v2\/product"}],"about":[{"href":"https:\/\/totalblue.ro\/fr\/wp-json\/wp\/v2\/types\/product"}],"replies":[{"embeddable":true,"href":"https:\/\/totalblue.ro\/fr\/wp-json\/wp\/v2\/comments?post=32904"}],"wp:featuredmedia":[{"embeddable":true,"href":"https:\/\/totalblue.ro\/fr\/wp-json\/wp\/v2\/media\/33216"}],"wp:attachment":[{"href":"https:\/\/totalblue.ro\/fr\/wp-json\/wp\/v2\/media?parent=32904"}],"wp:term":[{"taxonomy":"product_brand","embeddable":true,"href":"https:\/\/totalblue.ro\/fr\/wp-json\/wp\/v2\/product_brand?post=32904"},{"taxonomy":"product_cat","embeddable":true,"href":"https:\/\/totalblue.ro\/fr\/wp-json\/wp\/v2\/product_cat?post=32904"},{"taxonomy":"giftcard-category","embeddable":true,"href":"https:\/\/totalblue.ro\/fr\/wp-json\/wp\/v2\/giftcard-category?post=32904"}],"curies":[{"name":"wp","href":"https:\/\/api.w.org\/{rel}","templated":true}]}}