{"id":32911,"date":"2021-08-12T15:43:19","date_gmt":"2021-08-12T12:43:19","guid":{"rendered":"https:\/\/totalblue.ro\/?post_type=product&#038;p=32911"},"modified":"2025-08-06T15:56:30","modified_gmt":"2025-08-06T12:56:30","slug":"maggi-bouillon-soupe-de-poulet-92-g","status":"publish","type":"product","link":"https:\/\/totalblue.ro\/fr\/produs\/maggi-bouillon-supa-pui-92-g\/","title":{"rendered":"Maggi Bouillon de poulet, 4L, 92 g"},"content":{"rendered":"<p>MAGGI H\u00fchner H\u00fchner Br\u00fche Glas 92g<br \/>\nSoupe de poulet Maggi Bouillon 92 g pour 4L.<br \/>\nContient des ingr\u00e9dients naturels.<strong><br \/>\nIngr\u00e9dient : <\/strong>M\u00e9lange d'\u00e9pices 47% (sel, oignon, curcuma, ail, coriandre, poivre), f\u00e9cule de pomme de terre, sucre, ar\u00f4me naturel, extrait de viande de poulet, graisse de poulet, herbes (feuilles de c\u00e9leri, feuilles de laurier), graines de c\u00e9leri, huile de tournesol, \u00e9pices (de bl\u00e9), sel, antioxydants. Extrait de romarin. Peut contenir de l'\u0153uf, du lait, de la moutarde et du soja.<br \/>\n<strong>Allerg\u00e8nes : <\/strong>contient du c\u00e9leri, du gluten, du bl\u00e9.<br \/>\nProt\u00e9ger de la lumi\u00e8re directe du soleil.<br \/>\nConditionnement : pot avec couvercle<br \/>\n<strong>Valeurs nutritionnelles :<br \/>\n<\/strong>\u00c9nergie 21 kJ \/ 5 kcal<br \/>\nMati\u00e8res grasses 0,1 g dont acides gras satur\u00e9s 0 g<br \/>\nGlucides 0,9 g dont sucre 0,5 g<br \/>\nFibres alimentaires 0 g<br \/>\nProt\u00e9ines 0,1 g<br \/>\nSel 1,1 g<br \/>\nFabriqu\u00e9 par MAGGI GmbH 60528 Frankfurt \/ Main Fabriqu\u00e9 en ALLEMAGNE<br \/>\nImportateur et distributeur Total Blue Impex SRL<br \/>\nLes recettes des produits peuvent \u00eatre modifi\u00e9es. Les informations fournies ici se r\u00e9f\u00e8rent \u00e0 la gamme allemande actuellement en vigueur et sont r\u00e9guli\u00e8rement mises \u00e0 jour. En cas de changement de recette, des produits avec l'ancienne et la nouvelle recette peuvent \u00eatre trouv\u00e9s dans les magasins. L'acheteur doit donc lire attentivement toutes les informations figurant sur l'emballage. Cela vaut en particulier pour la liste des ingr\u00e9dients, afin de tenir compte des intol\u00e9rances, des allerg\u00e8nes, etc.<\/p>","protected":false},"excerpt":{"rendered":"<p>MAGGI H\u00fchner H\u00fchner Br\u00fche Glas 92g<br \/>\nMaggi Bouillon de poulet 92 g<\/p>","protected":false},"featured_media":33195,"comment_status":"open","ping_status":"closed","template":"","meta":{"_acf_changed":false,"_seopress_robots_primary_cat":"1451","_seopress_titles_title":"Maggi Bouillon supa pui , condimente Maggi, Bouillon Maggi Total Blue","_seopress_titles_desc":"Cumpara rapid si ieftin online Maggi Bouillon supa pui, condimente Boullion Maggi. Magazin online cu condimente ieftine din Olanda si Germania.","_seopress_robots_index":""},"product_brand":[1869],"product_cat":[1555,1451,3280,3380,1950,1767],"giftcard-category":[],"class_list":{"0":"post-32911","1":"product","2":"type-product","3":"status-publish","4":"has-post-thumbnail","6":"product_brand-maggi","7":"product_cat-bacanie","8":"product_cat-condimente-produse-instant","9":"product_cat-condimente-sosuri","10":"product_cat-condimente-sosuri-produse-germania","11":"product_cat-produse-germania","12":"product_cat-produse-olanda","14":"first","15":"outofstock","16":"taxable","17":"shipping-taxable","18":"purchasable","19":"product-type-simple"},"acf":[],"_links":{"self":[{"href":"https:\/\/totalblue.ro\/fr\/wp-json\/wp\/v2\/product\/32911","targetHints":{"allow":["GET"]}}],"collection":[{"href":"https:\/\/totalblue.ro\/fr\/wp-json\/wp\/v2\/product"}],"about":[{"href":"https:\/\/totalblue.ro\/fr\/wp-json\/wp\/v2\/types\/product"}],"replies":[{"embeddable":true,"href":"https:\/\/totalblue.ro\/fr\/wp-json\/wp\/v2\/comments?post=32911"}],"wp:featuredmedia":[{"embeddable":true,"href":"https:\/\/totalblue.ro\/fr\/wp-json\/wp\/v2\/media\/33195"}],"wp:attachment":[{"href":"https:\/\/totalblue.ro\/fr\/wp-json\/wp\/v2\/media?parent=32911"}],"wp:term":[{"taxonomy":"product_brand","embeddable":true,"href":"https:\/\/totalblue.ro\/fr\/wp-json\/wp\/v2\/product_brand?post=32911"},{"taxonomy":"product_cat","embeddable":true,"href":"https:\/\/totalblue.ro\/fr\/wp-json\/wp\/v2\/product_cat?post=32911"},{"taxonomy":"giftcard-category","embeddable":true,"href":"https:\/\/totalblue.ro\/fr\/wp-json\/wp\/v2\/giftcard-category?post=32911"}],"curies":[{"name":"wp","href":"https:\/\/api.w.org\/{rel}","templated":true}]}}