{"id":33177,"date":"2021-08-24T13:20:45","date_gmt":"2021-08-24T10:20:45","guid":{"rendered":"https:\/\/totalblue.ro\/?post_type=product&#038;p=33177"},"modified":"2025-08-06T15:56:28","modified_gmt":"2025-08-06T12:56:28","slug":"maggi-bouillon-de-legume-cu-ingrediente-naturale-7l-119-g","status":"publish","type":"product","link":"https:\/\/totalblue.ro\/fr\/produs\/maggi-bouillon-de-legume-cu-ingrediente-naturale-7l-119-g\/","title":{"rendered":"Maggi Bouillon de l\u00e9gumes aux ingr\u00e9dients naturels 7L, 119 g"},"content":{"rendered":"<p>Maggi Bouillon de l\u00e9gumes aux ingr\u00e9dients naturels 7L, 119 g<br \/>\nContient des ingr\u00e9dients naturels.<strong><br \/>\n<\/strong>Bulionul de legume Maggi este ideal pentru condimentarea \u0219i rafinarea felurilor de mancare: contine 15,3% legume<br \/>\nDintr-un borcan de condimente MAGGI se pot prepara 7 litri de lichid cu legume MAGGI<br \/>\nEste un bulion instantaneu de legume perfect echilibrat cu legume ideale pentru supe, ierburi fine si un amestec special de condimente<br \/>\nContine ingrediente naturale \u0219i ulei de floarea soarelui<br \/>\nTot ce aveti nevoie: 150 ml de apa clocotita la 1\/2 linguri\u021b\u0103 de bulion de legume MAGGI<strong><br \/>\nIngr\u00e9dient : <\/strong>45,9% amestec de condimente (sare, curcuma, nucsoara, piper), amidon de cartofi, zahar, arome naturale, 7,2% morcovi, 7,2% ceapa, ierburi (patrunjel, frunze de telina, foi de dafin), praz, 0,4% rosii, seminte telina, ulei de floarea soarelui, sare, aroma naturala vegetala cu alte arome naturale, aroma naturala de telina, aroma naturala de usturoi, aroma naturala de lovage, condimente (din grau). Poate contine oua, lapte, mustar si soia.<br \/>\n<strong>Allerg\u00e8nes : <\/strong>contine grau ( Ingrediente care contin proteine \u200b\u200bdin grau ), telina ( Ingrediente care contin telina ), gluten ( Ingrediente care con\u021bin gluten, adica boabe care contin gluten sau produse din cereale obtinute din grau, ovaz, secara si orz ).<br \/>\nProduit v\u00e9g\u00e9tarien<br \/>\nFara ingrediente de origine animala, cu excep\u021bia oualor, a produselor lactate si a mierii<br \/>\nFara porc<br \/>\nFara ingrediente din porc si gelatina de porc<br \/>\nProt\u00e9ger de la lumi\u00e8re directe du soleil.<br \/>\nConditionnement : pot avec couvercle<br \/>\n<strong>Valeurs nutritionnelles :<br \/>\n<\/strong>Energie 13 kJ \/ 3 kcal<br \/>\nMati\u00e8res grasses 0,1 g dont acides gras satur\u00e9s 0,1 g<br \/>\nCarbohidrati 0,6 g din care zaharuri 0,3 g<br \/>\nFibre alimentare 0,1 g<br \/>\nProt\u00e9ines 0,1 g<br \/>\nSare 0,87 g<\/p>\n<div style=\"width: 1020px;\" class=\"wp-video\"><video class=\"wp-video-shortcode\" id=\"video-33177-1\" width=\"1020\" height=\"574\" preload=\"metadata\" controls=\"controls\"><source type=\"video\/mp4\" src=\"https:\/\/totalblue.ro\/wp-content\/uploads\/2021\/08\/MAGGI-Gemuse-Bruhe-mit-naturlichen-Zutaten-Einfach-naturlich.-Naturlich-einfach..mp4?_=1\" \/><a href=\"https:\/\/totalblue.ro\/wp-content\/uploads\/2021\/08\/MAGGI-Gemuse-Bruhe-mit-naturlichen-Zutaten-Einfach-naturlich.-Naturlich-einfach..mp4\">https:\/\/totalblue.ro\/wp-content\/uploads\/2021\/08\/MAGGI-Gemuse-Bruhe-mit-naturlichen-Zutaten-Einfach-naturlich.-Naturlich-einfach..mp4<\/a><\/video><\/div>\n<p>Fabriqu\u00e9 par MAGGI GmbH 60528 Frankfurt \/ Main Fabriqu\u00e9 en ALLEMAGNE<br \/>\nImportateur et distributeur Total Blue Impex SRL<br \/>\n<a href=\"https:\/\/totalblue.ro\/wp-content\/uploads\/2021\/02\/vegetarian.jpeg\"><img loading=\"lazy\" decoding=\"async\" class=\"alignnone wp-image-27413\" src=\"https:\/\/totalblue.ro\/wp-content\/uploads\/2021\/02\/vegetarian.jpeg\" alt=\"\" width=\"90\" height=\"90\" srcset=\"https:\/\/totalblue.ro\/wp-content\/uploads\/2021\/02\/vegetarian.jpeg 225w, https:\/\/totalblue.ro\/wp-content\/uploads\/2021\/02\/vegetarian-100x100.jpeg 100w\" sizes=\"auto, (max-width: 90px) 100vw, 90px\" \/><\/a><\/p>","protected":false},"excerpt":{"rendered":"<p>Maggi Bouillon de l\u00e9gumes aux ingr\u00e9dients naturels 7L, 119 g<\/p>","protected":false},"featured_media":33187,"comment_status":"open","ping_status":"closed","template":"","meta":{"_acf_changed":false,"_seopress_robots_primary_cat":"none","_seopress_titles_title":"Maggi Bouillon legume , condimente Maggi, Bouillon Maggi Total Blue","_seopress_titles_desc":"Cumpara rapid si ieftin online Maggi Bouillon legume, condimente Maggi. Magazin online cu livrare condimente Maggi ieftine din Olanda si Germania.","_seopress_robots_index":""},"product_brand":[1869],"product_cat":[1555,3380,1451,3280,1950,1767],"giftcard-category":[],"class_list":{"0":"post-33177","1":"product","2":"type-product","3":"status-publish","4":"has-post-thumbnail","6":"product_brand-maggi","7":"product_cat-bacanie","8":"product_cat-condimente-sosuri-produse-germania","9":"product_cat-condimente-produse-instant","10":"product_cat-condimente-sosuri","11":"product_cat-produse-germania","12":"product_cat-produse-olanda","14":"first","15":"outofstock","16":"taxable","17":"shipping-taxable","18":"purchasable","19":"product-type-simple"},"acf":[],"_links":{"self":[{"href":"https:\/\/totalblue.ro\/fr\/wp-json\/wp\/v2\/product\/33177","targetHints":{"allow":["GET"]}}],"collection":[{"href":"https:\/\/totalblue.ro\/fr\/wp-json\/wp\/v2\/product"}],"about":[{"href":"https:\/\/totalblue.ro\/fr\/wp-json\/wp\/v2\/types\/product"}],"replies":[{"embeddable":true,"href":"https:\/\/totalblue.ro\/fr\/wp-json\/wp\/v2\/comments?post=33177"}],"wp:featuredmedia":[{"embeddable":true,"href":"https:\/\/totalblue.ro\/fr\/wp-json\/wp\/v2\/media\/33187"}],"wp:attachment":[{"href":"https:\/\/totalblue.ro\/fr\/wp-json\/wp\/v2\/media?parent=33177"}],"wp:term":[{"taxonomy":"product_brand","embeddable":true,"href":"https:\/\/totalblue.ro\/fr\/wp-json\/wp\/v2\/product_brand?post=33177"},{"taxonomy":"product_cat","embeddable":true,"href":"https:\/\/totalblue.ro\/fr\/wp-json\/wp\/v2\/product_cat?post=33177"},{"taxonomy":"giftcard-category","embeddable":true,"href":"https:\/\/totalblue.ro\/fr\/wp-json\/wp\/v2\/giftcard-category?post=33177"}],"curies":[{"name":"wp","href":"https:\/\/api.w.org\/{rel}","templated":true}]}}