{"id":33321,"date":"2021-08-27T11:39:25","date_gmt":"2021-08-27T08:39:25","guid":{"rendered":"https:\/\/totalblue.ro\/?post_type=product&#038;p=33321"},"modified":"2023-02-03T14:54:30","modified_gmt":"2023-02-03T12:54:30","slug":"kuhne-felii-de-castraveti-di-silezia-cu-marar-si-ceapa-330-g-370-ml","status":"publish","type":"product","link":"https:\/\/totalblue.ro\/fr\/produs\/kuhne-felii-de-castraveti-di-silezia-cu-marar-si-ceapa-330-g-370-ml\/","title":{"rendered":"K\u00fchne Felii de Castraveti di Silezia cu marar si ceapa 330 g \/ 370 ml"},"content":{"rendered":"<p>K\u00fchne Tranches de concombre \u00e0 l'aneth et \u00e0 l'oignon 670 g \/ 720 ml<br \/>\nFelii usoare, picante de castravete, decojiti, cu ceapa si marar.<br \/>\n<strong>Ingr\u00e9dient :<\/strong> Castravete, otet de coniac, sirop de glucoza-fructoza, zahar, marar, boia, ceapa, seminte de mustar, sare, aroma naturala pe baza de plante, culoare riboflavina.<br \/>\n<strong>Allerg\u00e8nes :<\/strong> Cereale care con\u021bin gluten: Nu.<br \/>\nCrustacee: Nu.<br \/>\nOua: Nu.<br \/>\nPeste: Nu.<br \/>\nArahide: Nu.<br \/>\nSoia: Nu.<br \/>\nLapte: Nu.<br \/>\nNuci: Nu.<br \/>\nTelina: Nu.<br \/>\nMustar: Da<br \/>\nSeminte de susan: Nu.<br \/>\nDioxid de sulf \u0219i sulfit: Nu.<br \/>\nLupini: Nu.<br \/>\nMoluste: Nu.<br \/>\nProduit v\u00e9g\u00e9tarien<br \/>\nSans gluten<br \/>\nSans lactose<br \/>\nA se pastra intr-un loc racoros dupa deschidere.<br \/>\nConditionnement : pot en verre avec couvercle<br \/>\n<strong>Valeurs nutritionnelles :<\/strong><br \/>\nValoare calorica \u00een kJ 217 kJ<br \/>\nValoarea energetic\u0103 in kcal 51 kcal<br \/>\nGrasime 0,1 g acizi grasi saturati &lt;0,1 g<br \/>\nCarbohidrati 11,0 g<br \/>\nZahar 11,0 g<br \/>\nAlbus de ou 0,6 g<br \/>\nSare 1,0 g<br \/>\nFibre alimentare 0,8 g<br \/>\n<a href=\"https:\/\/totalblue.ro\/wp-content\/uploads\/2021\/02\/vegetarian.jpeg\"><img loading=\"lazy\" decoding=\"async\" class=\"alignnone wp-image-27413\" src=\"https:\/\/totalblue.ro\/wp-content\/uploads\/2021\/02\/vegetarian.jpeg\" alt=\"\" width=\"107\" height=\"107\" srcset=\"https:\/\/totalblue.ro\/wp-content\/uploads\/2021\/02\/vegetarian.jpeg 225w, https:\/\/totalblue.ro\/wp-content\/uploads\/2021\/02\/vegetarian-100x100.jpeg 100w\" sizes=\"auto, (max-width: 107px) 100vw, 107px\" \/><\/a><\/p>\n<p>Carl K\u00fchne KG (GmbH &amp; Co.), K\u00fchneh\u00f6fe 11, 22761 Hamburg, Germany<br \/>\nImportateur et distributeur Total Blue Impex SRL<\/p>","protected":false},"excerpt":{"rendered":"<p>K\u00fchne Felii de Castraveti di Silezia cu marar si ceapa 330 g \/ 370 ml<\/p>","protected":false},"featured_media":33317,"comment_status":"open","ping_status":"closed","template":"","meta":{"_acf_changed":false,"_seopress_robots_primary_cat":"none","_seopress_titles_title":"","_seopress_titles_desc":"","_seopress_robots_index":""},"product_brand":[2002],"product_cat":[1555,1683,3272,3372,1950,1767],"giftcard-category":[],"class_list":{"0":"post-33321","1":"product","2":"type-product","3":"status-publish","4":"has-post-thumbnail","6":"product_brand-kuhne","7":"product_cat-bacanie","8":"product_cat-conserve-mancare-gatita","9":"product_cat-conserve","10":"product_cat-conserve-produse-germania","11":"product_cat-produse-germania","12":"product_cat-produse-olanda","14":"first","15":"outofstock","16":"taxable","17":"shipping-taxable","18":"purchasable","19":"product-type-simple"},"acf":[],"_links":{"self":[{"href":"https:\/\/totalblue.ro\/fr\/wp-json\/wp\/v2\/product\/33321","targetHints":{"allow":["GET"]}}],"collection":[{"href":"https:\/\/totalblue.ro\/fr\/wp-json\/wp\/v2\/product"}],"about":[{"href":"https:\/\/totalblue.ro\/fr\/wp-json\/wp\/v2\/types\/product"}],"replies":[{"embeddable":true,"href":"https:\/\/totalblue.ro\/fr\/wp-json\/wp\/v2\/comments?post=33321"}],"wp:featuredmedia":[{"embeddable":true,"href":"https:\/\/totalblue.ro\/fr\/wp-json\/wp\/v2\/media\/33317"}],"wp:attachment":[{"href":"https:\/\/totalblue.ro\/fr\/wp-json\/wp\/v2\/media?parent=33321"}],"wp:term":[{"taxonomy":"product_brand","embeddable":true,"href":"https:\/\/totalblue.ro\/fr\/wp-json\/wp\/v2\/product_brand?post=33321"},{"taxonomy":"product_cat","embeddable":true,"href":"https:\/\/totalblue.ro\/fr\/wp-json\/wp\/v2\/product_cat?post=33321"},{"taxonomy":"giftcard-category","embeddable":true,"href":"https:\/\/totalblue.ro\/fr\/wp-json\/wp\/v2\/giftcard-category?post=33321"}],"curies":[{"name":"wp","href":"https:\/\/api.w.org\/{rel}","templated":true}]}}