{"id":33497,"date":"2021-08-30T16:23:11","date_gmt":"2021-08-30T13:23:11","guid":{"rendered":"https:\/\/totalblue.ro\/?post_type=product&#038;p=33497"},"modified":"2025-10-14T16:28:48","modified_gmt":"2025-10-14T13:28:48","slug":"ghiozdan-albastru-cars-adventure-40-cm","status":"publish","type":"product","link":"https:\/\/totalblue.ro\/fr\/produs\/ghiozdan-albastru-cars-adventure-40-cm\/","title":{"rendered":"Sac \u00e0 dos Cars Adventure bleu 40 cm"},"content":{"rendered":"<p>Ghiozdan cu licenta Cars, perfect pentru o noua zi de scoala.<br \/>\nSac \u00e0 dos fabriqu\u00e9 dans un mat\u00e9riau r\u00e9sistant \u00e0 l'eau.<br \/>\nLes bretelles du sac \u00e0 dos sont rembourr\u00e9es et r\u00e9glables.<br \/>\nGhiozdanul dispune de doua compartimente incapatoare ce se inchid cu fermoar.<br \/>\nGhiozdanul dispune de buzunare laterale pentru sticla de apa.<br \/>\nDimensiunile produsului sunt 40x29x15cm.<\/p>\n<p>&nbsp;<\/p>\n<p>&nbsp;<\/p>\n<p>&nbsp;<\/p>\n<p>&nbsp;<\/p>","protected":false},"excerpt":{"rendered":"<p><span class=\"product-code-display\">Ghiozdan perfect pentru o noua zi de scoala.Ghiozdan confectionat din material rezistente la apa.<br \/>\nCod produs: CTL08816A<\/span><\/p>","protected":false},"featured_media":33498,"comment_status":"open","ping_status":"closed","template":"","meta":{"_acf_changed":false,"_seopress_robots_primary_cat":"none","_seopress_titles_title":"","_seopress_titles_desc":"Ghiozdan perfect pentru o noua zi de scoala. Ghiozdan confectionat din material rezistente la apa.","_seopress_robots_index":""},"product_brand":[],"product_cat":[11519],"giftcard-category":[],"class_list":{"0":"post-33497","1":"product","2":"type-product","3":"status-publish","4":"has-post-thumbnail","6":"product_cat-rechizite","8":"first","9":"instock","10":"taxable","11":"shipping-taxable","12":"purchasable","13":"product-type-simple"},"acf":[],"_links":{"self":[{"href":"https:\/\/totalblue.ro\/fr\/wp-json\/wp\/v2\/product\/33497","targetHints":{"allow":["GET"]}}],"collection":[{"href":"https:\/\/totalblue.ro\/fr\/wp-json\/wp\/v2\/product"}],"about":[{"href":"https:\/\/totalblue.ro\/fr\/wp-json\/wp\/v2\/types\/product"}],"replies":[{"embeddable":true,"href":"https:\/\/totalblue.ro\/fr\/wp-json\/wp\/v2\/comments?post=33497"}],"wp:featuredmedia":[{"embeddable":true,"href":"https:\/\/totalblue.ro\/fr\/wp-json\/wp\/v2\/media\/33498"}],"wp:attachment":[{"href":"https:\/\/totalblue.ro\/fr\/wp-json\/wp\/v2\/media?parent=33497"}],"wp:term":[{"taxonomy":"product_brand","embeddable":true,"href":"https:\/\/totalblue.ro\/fr\/wp-json\/wp\/v2\/product_brand?post=33497"},{"taxonomy":"product_cat","embeddable":true,"href":"https:\/\/totalblue.ro\/fr\/wp-json\/wp\/v2\/product_cat?post=33497"},{"taxonomy":"giftcard-category","embeddable":true,"href":"https:\/\/totalblue.ro\/fr\/wp-json\/wp\/v2\/giftcard-category?post=33497"}],"curies":[{"name":"wp","href":"https:\/\/api.w.org\/{rel}","templated":true}]}}