{"id":34201,"date":"2021-09-14T10:55:58","date_gmt":"2021-09-14T07:55:58","guid":{"rendered":"https:\/\/totalblue.ro\/?post_type=product&#038;p=34201"},"modified":"2023-07-20T08:46:12","modified_gmt":"2023-07-20T05:46:12","slug":"perfix-papier-hygienique-a-la-camomille-10-rouleaux-3-couches","status":"publish","type":"product","link":"https:\/\/totalblue.ro\/fr\/produs\/perfix-hartie-igienica-cu-aroma-de-musetel-10-role-3-straturi\/","title":{"rendered":"Perfex Papier hygi\u00e9nique \u00e0 la camomille 10 rouleaux 3 couches"},"content":{"rendered":"<p>Perfex est un papier hygi\u00e9nique de haute qualit\u00e9, connu pour sa d\u00e9licatesse.<br \/>\nLe papier toilette Perfex est fin, \u00e9conomique et r\u00e9sistant en 3 couches.<br \/>\nLe papier cellulosique blanc 100% a un design moderne et un parfum discret.<\/p>\n<p>Le nouveau papier toilette de Perfex est r\u00e9sistant m\u00eame lorsqu'il est mouill\u00e9. Ainsi, vous ne devez pas en utiliser trop \u00e0 chaque fois et vous \u00e9conomisez de l'argent.<br \/>\nLe papier hygi\u00e9nique 3 plis Perfex Deluxe contient 100% de cellulose blanche, 117 feuilles et a un pouvoir absorbant \u00e9lev\u00e9. Il s'agit d'un papier hygi\u00e9nique parfum\u00e9 et gaufr\u00e9, qui peut \u00eatre utilis\u00e9 aussi bien \u00e0 la maison que dans les zones sanitaires, les restaurants ou les entreprises commerciales \u00e0 trafic mod\u00e9r\u00e9. Il contient un agr\u00e9able et d\u00e9licat parfum de camomille.<\/p>\n<p>Marque : Perfex<\/p>\n<p>Type : Papier hygi\u00e9nique sec<\/p>\n<p>Go\u00fbt : Camomille<\/p>\n<p>Couleur : blanc<\/p>\n<p><span class=\"col-md-6 col-sm-6 col-xs-12\">Quantit\u00e9 \/ paquet : contient 1<\/span><span class=\"col-md-6 col-sm-6 col-xs-12\">0 r\u00f4le<\/span><\/p>","protected":false},"excerpt":{"rendered":"<p>Le papier toilette Perfex est fin, \u00e9conomique et r\u00e9sistant en 3 couches.<br \/>\nLe papier cellulosique blanc 100% a un design moderne et un parfum discret.<\/p>","protected":false},"featured_media":34203,"comment_status":"open","ping_status":"closed","template":"","meta":{"_acf_changed":false,"_seopress_robots_primary_cat":"1525","_seopress_titles_title":"Perfex Hartie igienica cu aroma de musetel 10 role 3 straturi, hartie igienica musetel","_seopress_titles_desc":"Profita si cumpara acum online Perfex Hartie igienica cu aroma de musetel 10 role 3 straturi, hartie igienica cu musetel ieftina. Livrare rapida hartie igienica.","_seopress_robots_index":""},"product_brand":[2629],"product_cat":[1348,1525],"giftcard-category":[],"class_list":{"0":"post-34201","1":"product","2":"type-product","3":"status-publish","4":"has-post-thumbnail","6":"product_brand-perfex","7":"product_cat-casa-si-bricolaj","8":"product_cat-hartie-igienica-servetele","10":"first","11":"outofstock","12":"taxable","13":"shipping-taxable","14":"purchasable","15":"product-type-simple"},"acf":[],"_links":{"self":[{"href":"https:\/\/totalblue.ro\/fr\/wp-json\/wp\/v2\/product\/34201","targetHints":{"allow":["GET"]}}],"collection":[{"href":"https:\/\/totalblue.ro\/fr\/wp-json\/wp\/v2\/product"}],"about":[{"href":"https:\/\/totalblue.ro\/fr\/wp-json\/wp\/v2\/types\/product"}],"replies":[{"embeddable":true,"href":"https:\/\/totalblue.ro\/fr\/wp-json\/wp\/v2\/comments?post=34201"}],"wp:featuredmedia":[{"embeddable":true,"href":"https:\/\/totalblue.ro\/fr\/wp-json\/wp\/v2\/media\/34203"}],"wp:attachment":[{"href":"https:\/\/totalblue.ro\/fr\/wp-json\/wp\/v2\/media?parent=34201"}],"wp:term":[{"taxonomy":"product_brand","embeddable":true,"href":"https:\/\/totalblue.ro\/fr\/wp-json\/wp\/v2\/product_brand?post=34201"},{"taxonomy":"product_cat","embeddable":true,"href":"https:\/\/totalblue.ro\/fr\/wp-json\/wp\/v2\/product_cat?post=34201"},{"taxonomy":"giftcard-category","embeddable":true,"href":"https:\/\/totalblue.ro\/fr\/wp-json\/wp\/v2\/giftcard-category?post=34201"}],"curies":[{"name":"wp","href":"https:\/\/api.w.org\/{rel}","templated":true}]}}