{"id":34411,"date":"2021-09-17T16:03:50","date_gmt":"2021-09-17T13:03:50","guid":{"rendered":"https:\/\/totalblue.ro\/?post_type=product&#038;p=34411"},"modified":"2025-08-06T15:56:24","modified_gmt":"2025-08-06T12:56:24","slug":"maggi-sos-crema-gulas-2x250ml","status":"publish","type":"product","link":"https:\/\/totalblue.ro\/fr\/produs\/maggi-sos-crema-gulas-2x250ml\/","title":{"rendered":"Maggi Sos crema gulas 2x250ml"},"content":{"rendered":"<p><strong>Maggi Sos crema gulas 2x250ml<br \/>\n<\/strong>Contine: 1 pachet 500 ml, 2 x 0,250ml<br \/>\nSosul Maggi pentru gulas este deosebit de delicios cu tocanite precum gulasul, dar are un gust excelent si cu alte feluri de mancare din carne. Cei care iubesc tocana isi pot rafina in mod ideal gula\u0219ul de carna\u021bi cu sos. Gustul lor complet se potrive\u0219te, de asemenea, cu fripturi, carne feliata sau cu fripturi rapide si suculente sau chiftele.<br \/>\nPentru a-l pregati, amestecati pur \u0219i simplu continutul unui singur pachet in 250 ml apa fierbinte cu un tel. Aduce\u021bi sosul la fiert si fierbeti 3 minute. Rafinati dupa cum dori\u021bi. Devine deosebit gustos daca adaugati vin rosu, smantana sau mustar . Se toarn\u0103 sosul u\u0219or intr-o sosiera sau se toarna direct peste deliciosul fel de gulas, mancare, tocana sau mancare de carne, fripturi, carne de pasare etc. Gata! Pofta Buna !<br \/>\n<strong>Ingr\u00e9dient<\/strong>: faina de grau, condimente (8,9% ceapa, 2,8% pulbere de ceapa, usturoi, piper, semin\u021be de chimen), grasime de palmier, sare iodata, amidon, 7,2% boia, extract de drojdie, 4,2% rosii, grasime de slanina afumata (slanina, fum ), arome (cu grau, orz), zahar, ierburi (patrunjel, maghiran, foi de dafin), maltodextrina, acid citric acidifiant. Poate con\u021bine oua, lapte, telina, mustar si soia.<br \/>\n<strong>Allerg\u00e8nes :<\/strong> contine gluten ,grau ( Ingrediente care contin proteine \u200b\u200bdin grau )<br \/>\nConserver dans un endroit frais et sec.<br \/>\n<strong>La nutrition :<br \/>\n<\/strong>Energie 144 kJ \/ 34 kcal<br \/>\nGrasimi 0.5 g dintre care acizi grasi saturati 0.1 g<br \/>\nCarbohidrati 6.2 g din care zahar 1,1 g<br \/>\nFibres alimentaires 0,4 g<br \/>\nAlbus de ou 1,0 g<br \/>\nSel 1,1 g<strong><br \/>\n<\/strong>MAGGI GmbH 60528 Frankfurt \/ Main Made in GERMANY<br \/>\nImportateur et distributeur Total Blue Impex SRL<\/p>\n<p>Retetele produselor se pot schimba. Informa\u021biile furnizate aici se refera la gama germana valabila \u00een prezent \u0219i sunt actualizate periodic. In cazul modificarilor retetei, produsele cu reteta veche \u0219i cea noua pot fi gasite \u00een magazine. Prin urmare, cumparatorul trebuie sa citeasca cu aten\u021bie toate informa\u021biile de pe ambalaj. Acest lucru se aplic\u0103 \u00een special listei de ingrediente pentru a lua \u00een considerare intoleran\u021bele.<strong><br \/>\n<\/strong><\/p>","protected":false},"excerpt":{"rendered":"<p>Maggi Sos crema gulas 2x250ml<\/p>","protected":false},"featured_media":61386,"comment_status":"open","ping_status":"closed","template":"","meta":{"_acf_changed":false,"_seopress_robots_primary_cat":"none","_seopress_titles_title":"","_seopress_titles_desc":"","_seopress_robots_index":""},"product_brand":[1869],"product_cat":[1555,3280,3380,1950,1767],"giftcard-category":[],"class_list":{"0":"post-34411","1":"product","2":"type-product","3":"status-publish","4":"has-post-thumbnail","6":"product_brand-maggi","7":"product_cat-bacanie","8":"product_cat-condimente-sosuri","9":"product_cat-condimente-sosuri-produse-germania","10":"product_cat-produse-germania","11":"product_cat-produse-olanda","13":"first","14":"outofstock","15":"taxable","16":"shipping-taxable","17":"purchasable","18":"product-type-simple"},"acf":[],"_links":{"self":[{"href":"https:\/\/totalblue.ro\/fr\/wp-json\/wp\/v2\/product\/34411","targetHints":{"allow":["GET"]}}],"collection":[{"href":"https:\/\/totalblue.ro\/fr\/wp-json\/wp\/v2\/product"}],"about":[{"href":"https:\/\/totalblue.ro\/fr\/wp-json\/wp\/v2\/types\/product"}],"replies":[{"embeddable":true,"href":"https:\/\/totalblue.ro\/fr\/wp-json\/wp\/v2\/comments?post=34411"}],"wp:featuredmedia":[{"embeddable":true,"href":"https:\/\/totalblue.ro\/fr\/wp-json\/wp\/v2\/media\/61386"}],"wp:attachment":[{"href":"https:\/\/totalblue.ro\/fr\/wp-json\/wp\/v2\/media?parent=34411"}],"wp:term":[{"taxonomy":"product_brand","embeddable":true,"href":"https:\/\/totalblue.ro\/fr\/wp-json\/wp\/v2\/product_brand?post=34411"},{"taxonomy":"product_cat","embeddable":true,"href":"https:\/\/totalblue.ro\/fr\/wp-json\/wp\/v2\/product_cat?post=34411"},{"taxonomy":"giftcard-category","embeddable":true,"href":"https:\/\/totalblue.ro\/fr\/wp-json\/wp\/v2\/giftcard-category?post=34411"}],"curies":[{"name":"wp","href":"https:\/\/api.w.org\/{rel}","templated":true}]}}