{"id":34529,"date":"2021-09-22T12:29:42","date_gmt":"2021-09-22T09:29:42","guid":{"rendered":"https:\/\/totalblue.ro\/?post_type=product&#038;p=34529"},"modified":"2023-02-03T16:09:22","modified_gmt":"2023-02-03T14:09:22","slug":"lonka-caramele-fondante-vanilie-220g","status":"publish","type":"product","link":"https:\/\/totalblue.ro\/fr\/produs\/lonka-caramele-fondante-vanilie-220g\/","title":{"rendered":"Lonka fondant \u00e0 la vanille 220g"},"content":{"rendered":"<p>Lonka &#8211; caramele moi si cremoase. Delicioase cu cafea sau ceai!<br \/>\nFabriqu\u00e9 selon la recette originale de 1920.<br \/>\nSachet refermable pour que les caramels restent moelleux.<br \/>\nSans gluten.<br \/>\nDescriere: caramele fondant vanilie.<br \/>\n<strong>Ingr\u00e9dient :<\/strong> zahar, sirop de glucoza, grasimi vegetale (palmier, nuca de cocos), lapte praf, sare, emulgator (lecitin\u0103 soya), arome naturale, extract de vanilie.<br \/>\n<strong>Allerg\u00e8nes :<\/strong> contine lapte, soia. Poate contine oua, nuci, arahide.<br \/>\nConserver dans un endroit sec, \u00e0 l'abri de la lumi\u00e8re et \u00e0 temp\u00e9rature ambiante.<br \/>\n<strong>Valeurs nutritionnelles :<\/strong><br \/>\nEnergie 1964 kJ (465 kcal)<br \/>\nGrasimi 18 g saturate 16 g<br \/>\nCarbohidrati 73 g din care zaharuri 65 g<br \/>\nProt\u00e9ines 1,9 g<br \/>\nSare 0,53 g<br \/>\nFabriqu\u00e9 par Cloetta Holland B.V., Postbus 72, Nl 4900 AB Oosterhout, Nederland<br \/>\nImportateur et distributeur Total Blue Impex SRL<\/p>","protected":false},"excerpt":{"rendered":"<p>Lonka &#8211; caramele moi si cremoase. Delicioase cu cafea sau ceai!<\/p>","protected":false},"featured_media":34531,"comment_status":"open","ping_status":"closed","template":"","meta":{"_acf_changed":false,"_seopress_robots_primary_cat":"none","_seopress_titles_title":"","_seopress_titles_desc":"","_seopress_robots_index":""},"product_brand":[2672,4223],"product_cat":[1555,3338,7021,1767],"giftcard-category":[],"class_list":{"0":"post-34529","1":"product","2":"type-product","3":"status-publish","4":"has-post-thumbnail","6":"product_brand-lonka","7":"product_brand-lotka","8":"product_cat-bacanie","9":"product_cat-dulciuri-snacksuri","10":"product_cat-dulciuri-snacks","11":"product_cat-produse-olanda","13":"first","14":"outofstock","15":"taxable","16":"shipping-taxable","17":"purchasable","18":"product-type-simple"},"acf":[],"_links":{"self":[{"href":"https:\/\/totalblue.ro\/fr\/wp-json\/wp\/v2\/product\/34529","targetHints":{"allow":["GET"]}}],"collection":[{"href":"https:\/\/totalblue.ro\/fr\/wp-json\/wp\/v2\/product"}],"about":[{"href":"https:\/\/totalblue.ro\/fr\/wp-json\/wp\/v2\/types\/product"}],"replies":[{"embeddable":true,"href":"https:\/\/totalblue.ro\/fr\/wp-json\/wp\/v2\/comments?post=34529"}],"wp:featuredmedia":[{"embeddable":true,"href":"https:\/\/totalblue.ro\/fr\/wp-json\/wp\/v2\/media\/34531"}],"wp:attachment":[{"href":"https:\/\/totalblue.ro\/fr\/wp-json\/wp\/v2\/media?parent=34529"}],"wp:term":[{"taxonomy":"product_brand","embeddable":true,"href":"https:\/\/totalblue.ro\/fr\/wp-json\/wp\/v2\/product_brand?post=34529"},{"taxonomy":"product_cat","embeddable":true,"href":"https:\/\/totalblue.ro\/fr\/wp-json\/wp\/v2\/product_cat?post=34529"},{"taxonomy":"giftcard-category","embeddable":true,"href":"https:\/\/totalblue.ro\/fr\/wp-json\/wp\/v2\/giftcard-category?post=34529"}],"curies":[{"name":"wp","href":"https:\/\/api.w.org\/{rel}","templated":true}]}}