{"id":34536,"date":"2021-09-22T13:03:21","date_gmt":"2021-09-22T10:03:21","guid":{"rendered":"https:\/\/totalblue.ro\/?post_type=product&#038;p=34536"},"modified":"2024-07-11T11:01:22","modified_gmt":"2024-07-11T08:01:22","slug":"caramels-fondants-lonka-au-sel-de-mer-180g","status":"publish","type":"product","link":"https:\/\/totalblue.ro\/fr\/produs\/lonka-caramele-fondante-cu-sare-de-mare-180g\/","title":{"rendered":"Caramels fondants Lonka au sel de mer 180g"},"content":{"rendered":"<p>Lonka - caramels fondants, doux et cr\u00e9meux, avec du sel de mer. D\u00e9licieux avec du caf\u00e9 ou du th\u00e9 !<br \/>\nFabriqu\u00e9 selon la recette originale de 1920.<br \/>\nSachet refermable pour que les caramels restent moelleux.<br \/>\nSans gluten.<br \/>\nLonka : une combinaison r\u00e9ussie de caramel et de sel de mer.<br \/>\n<strong>Ingr\u00e9dient :<\/strong> sucre, sirop de glucose, graisses v\u00e9g\u00e9tales (palme, noix de coco), lait \u00e9cr\u00e9m\u00e9 en poudre, sel marin (1,3%), \u00e9mulsifiant (l\u00e9cithine de soja), ar\u00f4mes naturels<br \/>\nPeut contenir des traces d'\u0153ufs, d'arachides et de fruits \u00e0 coque.<br \/>\n<strong>Allerg\u00e8nes :<\/strong> Contient : lait, soja. Peut contenir : oeufs, noix, arachides.<br \/>\nConserver dans un endroit sec, \u00e0 l'abri de la lumi\u00e8re et \u00e0 temp\u00e9rature ambiante.<br \/>\n<strong>Valeurs nutritionnelles :<\/strong><br \/>\n\u00c9nergie 1947 kJ (461 kcal)<br \/>\nMati\u00e8res grasses 18 g dont 15 g satur\u00e9es<br \/>\nGlucides 72 g dont sucres 64 g<br \/>\nProt\u00e9ines 1,9 g<br \/>\nSel 1,4 g<br \/>\nFabriqu\u00e9 par Cloetta Holland B.V., Postbus 72, Nl 4900 AB Oosterhout, Nederland<br \/>\nImportateur et distributeur Total Blue Impex SRL<\/p>","protected":false},"excerpt":{"rendered":"<p>Lonka - caramels fondants, doux et cr\u00e9meux, avec du sel de mer. D\u00e9licieux avec du caf\u00e9 ou du th\u00e9 !<\/p>","protected":false},"featured_media":34539,"comment_status":"open","ping_status":"closed","template":"","meta":{"_acf_changed":false,"_seopress_robots_primary_cat":"none","_seopress_titles_title":"","_seopress_titles_desc":"","_seopress_robots_index":""},"product_brand":[2672],"product_cat":[1555,7021,3338,1767],"giftcard-category":[],"class_list":{"0":"post-34536","1":"product","2":"type-product","3":"status-publish","4":"has-post-thumbnail","6":"product_brand-lonka","7":"product_cat-bacanie","8":"product_cat-dulciuri-snacks","9":"product_cat-dulciuri-snacksuri","10":"product_cat-produse-olanda","12":"first","13":"outofstock","14":"taxable","15":"shipping-taxable","16":"purchasable","17":"product-type-simple"},"acf":[],"_links":{"self":[{"href":"https:\/\/totalblue.ro\/fr\/wp-json\/wp\/v2\/product\/34536","targetHints":{"allow":["GET"]}}],"collection":[{"href":"https:\/\/totalblue.ro\/fr\/wp-json\/wp\/v2\/product"}],"about":[{"href":"https:\/\/totalblue.ro\/fr\/wp-json\/wp\/v2\/types\/product"}],"replies":[{"embeddable":true,"href":"https:\/\/totalblue.ro\/fr\/wp-json\/wp\/v2\/comments?post=34536"}],"wp:featuredmedia":[{"embeddable":true,"href":"https:\/\/totalblue.ro\/fr\/wp-json\/wp\/v2\/media\/34539"}],"wp:attachment":[{"href":"https:\/\/totalblue.ro\/fr\/wp-json\/wp\/v2\/media?parent=34536"}],"wp:term":[{"taxonomy":"product_brand","embeddable":true,"href":"https:\/\/totalblue.ro\/fr\/wp-json\/wp\/v2\/product_brand?post=34536"},{"taxonomy":"product_cat","embeddable":true,"href":"https:\/\/totalblue.ro\/fr\/wp-json\/wp\/v2\/product_cat?post=34536"},{"taxonomy":"giftcard-category","embeddable":true,"href":"https:\/\/totalblue.ro\/fr\/wp-json\/wp\/v2\/giftcard-category?post=34536"}],"curies":[{"name":"wp","href":"https:\/\/api.w.org\/{rel}","templated":true}]}}