{"id":34665,"date":"2021-09-24T11:44:04","date_gmt":"2021-09-24T08:44:04","guid":{"rendered":"https:\/\/totalblue.ro\/?post_type=product&#038;p=34665"},"modified":"2025-08-08T09:43:13","modified_gmt":"2025-08-08T06:43:13","slug":"sauce-pimentee-verstegen-piri-piri-350-ml","status":"publish","type":"product","link":"https:\/\/totalblue.ro\/fr\/produs\/verstegen-piri-piri-sos-cu-ardei-iuti-350-ml\/","title":{"rendered":"Verstegen Piri Piri sauce \u00e0 la cr\u00e8me 350 ml"},"content":{"rendered":"<p>Sauce piment\u00e9e Verstegen Piri Piri 350 ml<br \/>\n<strong>Ingr\u00e9dient :<\/strong> eau, sucre, sirop de sucre inverti, l\u00e9gumes (4% paprika, 1% oignon), vinaigre, sel, amidon de ma\u00efs modifi\u00e9, ar\u00f4mes naturels, 0,2% piment, huile de tournesol, acide alimentaire : acide citrique, colorant : extrait de paprika, conservateur : benzoate de sodium, stabilisant : gomme xanthane, \u00e9paississant : gomme guar.<\/p>\n<p><strong>Pr\u00e9paration :<\/strong> Notre sauce Piri Piri ressemble beaucoup \u00e0 la sauce chili, mais elle est plus \u00e9paisse et contient plus de piments. D\u00e9licieuse servie chaude ou froide avec des viandes grill\u00e9es, des hamburgers, des kebabs ou simplement comme sauce pour les snacks et les frites.<\/p>\n<p><strong>Valeurs nutritionnelles\/100g :<\/strong><br \/>\n\u00c9nergie 750 kJ (177 kcal)<br \/>\nProt\u00e9ines 0,8 g<br \/>\nGlucides 41,9 g dont sucres 40,2 g<br \/>\nGraisses 0,3 g dont graisses satur\u00e9es 0,1 g<br \/>\nSel 2,5 g<\/p>\n<p>Fabriqu\u00e9 aux Pays-Bas par Verstegen Consumenten Service, Antw.nr. 40157, 3040 VB Rotterdam<br \/>\nImportateur et distributeur Total Blue Impex SRL<\/p>\n<p>&nbsp;<\/p>","protected":false},"excerpt":{"rendered":"<p>Sauce piment\u00e9e Verstegen Piri Piri 350 ml<\/p>","protected":false},"featured_media":34666,"comment_status":"open","ping_status":"closed","template":"","meta":{"_acf_changed":false,"_seopress_robots_primary_cat":"none","_seopress_titles_title":"Verstegen Piri Piri sos cu ardei iute, sos piri piri picant","_seopress_titles_desc":"Cumpara online Verstegen Piri Piri sos cu ardei iute, sos piri piri picant, sosuri olandeze piri piri Verstegen, specialitati Verstegen. Shop Olanda\r\n\r\n\r\n","_seopress_robots_index":""},"product_brand":[2008],"product_cat":[1555,3280,1683,1767],"giftcard-category":[],"class_list":{"0":"post-34665","1":"product","2":"type-product","3":"status-publish","4":"has-post-thumbnail","6":"product_brand-verstegen","7":"product_cat-bacanie","8":"product_cat-condimente-sosuri","9":"product_cat-conserve-mancare-gatita","10":"product_cat-produse-olanda","12":"first","13":"outofstock","14":"taxable","15":"shipping-taxable","16":"purchasable","17":"product-type-simple"},"acf":[],"_links":{"self":[{"href":"https:\/\/totalblue.ro\/fr\/wp-json\/wp\/v2\/product\/34665","targetHints":{"allow":["GET"]}}],"collection":[{"href":"https:\/\/totalblue.ro\/fr\/wp-json\/wp\/v2\/product"}],"about":[{"href":"https:\/\/totalblue.ro\/fr\/wp-json\/wp\/v2\/types\/product"}],"replies":[{"embeddable":true,"href":"https:\/\/totalblue.ro\/fr\/wp-json\/wp\/v2\/comments?post=34665"}],"wp:featuredmedia":[{"embeddable":true,"href":"https:\/\/totalblue.ro\/fr\/wp-json\/wp\/v2\/media\/34666"}],"wp:attachment":[{"href":"https:\/\/totalblue.ro\/fr\/wp-json\/wp\/v2\/media?parent=34665"}],"wp:term":[{"taxonomy":"product_brand","embeddable":true,"href":"https:\/\/totalblue.ro\/fr\/wp-json\/wp\/v2\/product_brand?post=34665"},{"taxonomy":"product_cat","embeddable":true,"href":"https:\/\/totalblue.ro\/fr\/wp-json\/wp\/v2\/product_cat?post=34665"},{"taxonomy":"giftcard-category","embeddable":true,"href":"https:\/\/totalblue.ro\/fr\/wp-json\/wp\/v2\/giftcard-category?post=34665"}],"curies":[{"name":"wp","href":"https:\/\/api.w.org\/{rel}","templated":true}]}}