{"id":34719,"date":"2021-09-24T15:20:40","date_gmt":"2021-09-24T12:20:40","guid":{"rendered":"https:\/\/totalblue.ro\/?post_type=product&#038;p=34719"},"modified":"2025-10-17T15:14:11","modified_gmt":"2025-10-17T12:14:11","slug":"verstegen-mix-condimente-hamburger-250-g","status":"publish","type":"product","link":"https:\/\/totalblue.ro\/fr\/produs\/verstegen-mix-condimente-hamburger-250-g\/","title":{"rendered":"Verstegen Mix \u2013 condimente Hamburger 250 g"},"content":{"rendered":"<p>Verstegen Mix \u2013 condimente Hamburger 250 g<br \/>\nGust cald cu o nota de ceapa.<br \/>\nExist\u0103 multe feluri de carne. Exista multe feluri de carne. Si oricate soiuri exista, atatea arome exista. De aceea, la Verstegen, am dezvoltat un amestec pentru fiecare tip de carne care confera bucatii dvs. de carne un gust delicios. Fie ca este vorba de friptura, slanina sau hamburger.<br \/>\n<strong>Ingr\u00e9dient :<\/strong> pesmet (contine grau, secara), legume (rosii, ceapa, ceapa prajita), 15% sare de mare, condimente (coriandru, ardei, seminte de mustar, semin\u021be de telin\u0103, ienibahar, schinduf, semin\u021be de chimen, ardei iute).<br \/>\nConditionnement : rabat avec couvercle.<br \/>\nA conserver \u00e0 l'abri de la lumi\u00e8re et de l'humidit\u00e9.<br \/>\n<strong>Valeurs nutritionnelles \/ 100g :<\/strong><br \/>\nValeurs nutritionnelles \/ 100 g :<br \/>\nEnergie 1241 kJ (294 kcal)<br \/>\nGrasimi 3.1 g din care saturate 0.3 g<br \/>\nGlucide 52.6 g din care zaharuri 10.3 g<br \/>\nProteine \u200b\u200b9.9 g<br \/>\nsare 15.7 g<br \/>\n<strong>Conseil de pr\u00e9paration :<br \/>\n<\/strong>Se amesteca 30g amestec cu 500g carne de vita tocata si se framanta bine totul. Formati 4 discuri plate si coaceti pe gratar pana devin frumos rumenite si facute in aproximativ 10 minute.<\/p>\n<p>Fabriqu\u00e9 par Verstegen Consumenten Service, Antwoord nr. 40157, 3040 VB Rotterdam, Pays-Bas.<br \/>\nImportateur et distributeur Total Blue Impex SRL<\/p>","protected":false},"excerpt":{"rendered":"<p>Verstegen Mix \u2013 condimente Hamburger 250 g<\/p>","protected":false},"featured_media":34721,"comment_status":"open","ping_status":"closed","template":"","meta":{"_acf_changed":false,"_seopress_robots_primary_cat":"none","_seopress_titles_title":"","_seopress_titles_desc":"","_seopress_robots_index":""},"product_brand":[2008],"product_cat":[1555,3280,1451,1767],"giftcard-category":[],"class_list":{"0":"post-34719","1":"product","2":"type-product","3":"status-publish","4":"has-post-thumbnail","6":"product_brand-verstegen","7":"product_cat-bacanie","8":"product_cat-condimente-sosuri","9":"product_cat-condimente-produse-instant","10":"product_cat-produse-olanda","12":"first","13":"instock","14":"taxable","15":"shipping-taxable","16":"purchasable","17":"product-type-simple"},"acf":[],"_links":{"self":[{"href":"https:\/\/totalblue.ro\/fr\/wp-json\/wp\/v2\/product\/34719","targetHints":{"allow":["GET"]}}],"collection":[{"href":"https:\/\/totalblue.ro\/fr\/wp-json\/wp\/v2\/product"}],"about":[{"href":"https:\/\/totalblue.ro\/fr\/wp-json\/wp\/v2\/types\/product"}],"replies":[{"embeddable":true,"href":"https:\/\/totalblue.ro\/fr\/wp-json\/wp\/v2\/comments?post=34719"}],"wp:featuredmedia":[{"embeddable":true,"href":"https:\/\/totalblue.ro\/fr\/wp-json\/wp\/v2\/media\/34721"}],"wp:attachment":[{"href":"https:\/\/totalblue.ro\/fr\/wp-json\/wp\/v2\/media?parent=34719"}],"wp:term":[{"taxonomy":"product_brand","embeddable":true,"href":"https:\/\/totalblue.ro\/fr\/wp-json\/wp\/v2\/product_brand?post=34719"},{"taxonomy":"product_cat","embeddable":true,"href":"https:\/\/totalblue.ro\/fr\/wp-json\/wp\/v2\/product_cat?post=34719"},{"taxonomy":"giftcard-category","embeddable":true,"href":"https:\/\/totalblue.ro\/fr\/wp-json\/wp\/v2\/giftcard-category?post=34719"}],"curies":[{"name":"wp","href":"https:\/\/api.w.org\/{rel}","templated":true}]}}