{"id":36418,"date":"2021-10-21T13:43:36","date_gmt":"2021-10-21T10:43:36","guid":{"rendered":"https:\/\/totalblue.ro\/?post_type=product&#038;p=36418"},"modified":"2024-03-07T11:11:42","modified_gmt":"2024-03-07T09:11:42","slug":"lonka-jeleuri-cu-portocala-invelita-in-ciocolata-244-g","status":"publish","type":"product","link":"https:\/\/totalblue.ro\/fr\/produs\/lonka-jeleuri-cu-portocala-invelita-in-ciocolata-244-g\/","title":{"rendered":"Lonka Jeleuri cu portocala invelita in ciocolata 244 g"},"content":{"rendered":"<p>Lonka Jeleuri cu portocala invelita in ciocolata 244 g<\/p>\n<p class=\"tw-data-text tw-text-large XcVN5d tw-ta\" dir=\"ltr\" data-placeholder=\"Traducere\"><span class=\"Y2IQFc\" lang=\"ro\"><strong>Ingr\u00e9dient<\/strong>: zah\u0103r, sirop de glucoz\u0103, ciocolat\u0103 17% (zah\u0103r, mas\u0103 de cacao, unt de cacao, emulgator (lecitin\u0103 soia)), ap\u0103, suc concentrat de (m\u0103r, portocal\u0103 0,04%) gelifiant (pectin\u0103), acid alimentar (acid citric), arom\u0103 natural\u0103.<\/span><span class=\"Y2IQFc\" lang=\"ro\">Poate con\u021bine urme de lapte.<br \/>\n<\/span><span class=\"Y2IQFc\" lang=\"ro\">Sans gluten<br \/>\n<\/span><strong>Allerg\u00e8nes : <\/strong>Contine <span class=\"Y2IQFc\" lang=\"ro\">soia. Poate con\u021bine: lapte<br \/>\n<\/span>Conserver dans un endroit sec, \u00e0 l'abri de la lumi\u00e8re et \u00e0 temp\u00e9rature ambiante.<br \/>\n<strong>Valeurs nutritionnelles :<\/strong><br \/>\nEnergie 1496 kJ (354 kcal)<br \/>\nGrasime 6 g din care grasimi saturati 3.6 g<br \/>\nGlucide 73 g din care zaharuri 63 g<br \/>\nProt\u00e9ines 0,8 g<br \/>\nSare 0.25 g<br \/>\nFabriqu\u00e9 par Cloetta Holland B.V., Postbus 72, Nl 4900 AB Oosterhout, Nederland<br \/>\nImportateur et distributeur Total Blue Impex SRL<\/p>","protected":false},"excerpt":{"rendered":"<p>Lonka Jeleuri cu portocala invelita in ciocolata 244 g Ingrediente: zah\u0103r, sirop de glucoz\u0103, ciocolat\u0103 17% (zah\u0103r, mas\u0103 de cacao, unt de cacao, emulgator (lecitin\u0103 soia)), ap\u0103, suc concentrat de (m\u0103r, portocal\u0103 0,04%) gelifiant (pectin\u0103), acid alimentar (acid citric), arom\u0103 natural\u0103.Poate con\u021bine urme de lapte. Fara gluten Alergeni: Contine soia. Poate con\u021bine: lapte A se [&#8230;]\n","protected":false},"featured_media":36421,"comment_status":"open","ping_status":"closed","template":"","meta":{"_acf_changed":false,"_seopress_robots_primary_cat":"none","_seopress_titles_title":"","_seopress_titles_desc":"","_seopress_robots_index":""},"product_brand":[2672,4223],"product_cat":[1555,3338,7021,1767],"giftcard-category":[],"class_list":{"0":"post-36418","1":"product","2":"type-product","3":"status-publish","4":"has-post-thumbnail","6":"product_brand-lonka","7":"product_brand-lotka","8":"product_cat-bacanie","9":"product_cat-dulciuri-snacksuri","10":"product_cat-dulciuri-snacks","11":"product_cat-produse-olanda","13":"first","14":"outofstock","15":"taxable","16":"shipping-taxable","17":"purchasable","18":"product-type-simple"},"acf":[],"_links":{"self":[{"href":"https:\/\/totalblue.ro\/fr\/wp-json\/wp\/v2\/product\/36418","targetHints":{"allow":["GET"]}}],"collection":[{"href":"https:\/\/totalblue.ro\/fr\/wp-json\/wp\/v2\/product"}],"about":[{"href":"https:\/\/totalblue.ro\/fr\/wp-json\/wp\/v2\/types\/product"}],"replies":[{"embeddable":true,"href":"https:\/\/totalblue.ro\/fr\/wp-json\/wp\/v2\/comments?post=36418"}],"wp:featuredmedia":[{"embeddable":true,"href":"https:\/\/totalblue.ro\/fr\/wp-json\/wp\/v2\/media\/36421"}],"wp:attachment":[{"href":"https:\/\/totalblue.ro\/fr\/wp-json\/wp\/v2\/media?parent=36418"}],"wp:term":[{"taxonomy":"product_brand","embeddable":true,"href":"https:\/\/totalblue.ro\/fr\/wp-json\/wp\/v2\/product_brand?post=36418"},{"taxonomy":"product_cat","embeddable":true,"href":"https:\/\/totalblue.ro\/fr\/wp-json\/wp\/v2\/product_cat?post=36418"},{"taxonomy":"giftcard-category","embeddable":true,"href":"https:\/\/totalblue.ro\/fr\/wp-json\/wp\/v2\/giftcard-category?post=36418"}],"curies":[{"name":"wp","href":"https:\/\/api.w.org\/{rel}","templated":true}]}}