{"id":36583,"date":"2021-10-29T10:34:06","date_gmt":"2021-10-29T07:34:06","guid":{"rendered":"https:\/\/totalblue.ro\/?post_type=product&#038;p=36583"},"modified":"2026-04-16T14:38:41","modified_gmt":"2026-04-16T11:38:41","slug":"ossewit-white-beef-4-x-250g","status":"publish","type":"product","link":"https:\/\/totalblue.ro\/fr\/produs\/ossewit-blanc-de-boeuf-4-x-250g\/","title":{"rendered":"Ossewit Blanc de B\u0153uf 4 x 250g grasime solida pentru prajit cartofi (Exp. 08.05.2026)"},"content":{"rendered":"<p>Ossewit Blanc de B\u0153uf 4 x 250g, graisse solide pour frire les pommes de terre<\/p>\n<p><span class=\"HwtZe\" lang=\"ro\"><span class=\"jCAhz ChMk0b\"><span class=\"ryNqvb\">Ingr\u00e9dients : graisse de b\u0153uf partiellement fractionn\u00e9e, agent antimousse (E900), antioxydant (E306), ar\u00f4me naturel.<\/span><\/span> <span class=\"jCAhz ChMk0b\"><span class=\"ryNqvb\">Teneur totale en mati\u00e8res grasses : 100%<\/span><\/span><\/span><\/p>\n<p>Valeurs nutritionnelles\/100g :<br \/>\n\u00c9nergie 3700 kJ \/ 900 kcal<br \/>\nMati\u00e8res grasses 49 g dont acides gras satur\u00e9s 0 g<br \/>\nGlucides 0 g dont sucres 0 g<br \/>\nFibres alimentaires 0 g<br \/>\nProt\u00e9ines 0 g<br \/>\nSel 0 g<\/p>\n<p>Depozitare: Poate fi pastrat in afara frigiderului. A se pastra intr-un loc racoros si uscat.<\/p>\n<p>Temperatura optima este intre 160\u02daC \u0219i maxim 175\u02daC. Praji\u021bi pana la un rezultat galben auriu si evitati culoarea prea maro.<br \/>\nPastrati grasimea de prajit racita cu capacul pe tigaie.<br \/>\nNota: Nu este potrivit pentru friteuze cu zona de racire sau element de incalzire separat.<\/p>","protected":false},"excerpt":{"rendered":"<p>SKU: 5410093901347<\/p>","protected":false},"featured_media":36584,"comment_status":"open","ping_status":"closed","template":"","meta":{"_acf_changed":false,"_seopress_robots_primary_cat":"none","_seopress_titles_title":"Ossewit Blanc de B\u0153uf grasime solida pentru prajit cartofi","_seopress_titles_desc":"Cauti Ossewit Blanc de B\u0153uf grasime solida pentru prajit cartofi si gustari? Cauti grasime de prajit cartofi? Cumpara acum online cu livrare rapida.","_seopress_robots_index":""},"product_brand":[11241],"product_cat":[1555,3328,1362,1767,1456],"giftcard-category":[],"class_list":{"0":"post-36583","1":"product","2":"type-product","3":"status-publish","4":"has-post-thumbnail","6":"product_brand-ossewit","7":"product_cat-bacanie","8":"product_cat-paste-orez-ulei-otet","9":"product_cat-ulei-orez-faina-zahar","10":"product_cat-produse-olanda","11":"product_cat-promotii","13":"first","14":"instock","15":"taxable","16":"shipping-taxable","17":"purchasable","18":"product-type-simple"},"acf":[],"_links":{"self":[{"href":"https:\/\/totalblue.ro\/fr\/wp-json\/wp\/v2\/product\/36583","targetHints":{"allow":["GET"]}}],"collection":[{"href":"https:\/\/totalblue.ro\/fr\/wp-json\/wp\/v2\/product"}],"about":[{"href":"https:\/\/totalblue.ro\/fr\/wp-json\/wp\/v2\/types\/product"}],"replies":[{"embeddable":true,"href":"https:\/\/totalblue.ro\/fr\/wp-json\/wp\/v2\/comments?post=36583"}],"wp:featuredmedia":[{"embeddable":true,"href":"https:\/\/totalblue.ro\/fr\/wp-json\/wp\/v2\/media\/36584"}],"wp:attachment":[{"href":"https:\/\/totalblue.ro\/fr\/wp-json\/wp\/v2\/media?parent=36583"}],"wp:term":[{"taxonomy":"product_brand","embeddable":true,"href":"https:\/\/totalblue.ro\/fr\/wp-json\/wp\/v2\/product_brand?post=36583"},{"taxonomy":"product_cat","embeddable":true,"href":"https:\/\/totalblue.ro\/fr\/wp-json\/wp\/v2\/product_cat?post=36583"},{"taxonomy":"giftcard-category","embeddable":true,"href":"https:\/\/totalblue.ro\/fr\/wp-json\/wp\/v2\/giftcard-category?post=36583"}],"curies":[{"name":"wp","href":"https:\/\/api.w.org\/{rel}","templated":true}]}}