{"id":36669,"date":"2021-11-01T14:03:47","date_gmt":"2021-11-01T12:03:47","guid":{"rendered":"https:\/\/totalblue.ro\/?post_type=product&#038;p=36669"},"modified":"2025-08-04T11:28:15","modified_gmt":"2025-08-04T08:28:15","slug":"lipton-bio-infuzie-hibiscus-melissa-20-pliculete","status":"publish","type":"product","link":"https:\/\/totalblue.ro\/fr\/produs\/lipton-bio-infuzie-hibiscus-melissa-20-pliculete\/","title":{"rendered":"Lipton Bio Infuzie Hibiscus &amp; Melissa 20 pliculete"},"content":{"rendered":"<p>1 pachet Lipton Bio Hibiscus &amp; Melissa contine 20 pliculete x 1,7 g = 34 g<br \/>\nTipul de ceai: infuzie plante bio aromata<br \/>\n<strong>Ingr\u00e9dient<\/strong>: Hibiscus (36%), melissa (20%), mar (20%), frunze de mure (10%), frunze de menta (10%), menta (4%)<br \/>\n<strong>Comment se pr\u00e9parer : <\/strong>Se toarna apa clocotita (100 \u00b0 C) intr-o ceasca de aprox 200 ml. Lasati pliculetul de ceai timp de 3 pana la 4 minute in ceasca \/ infuzati timp de 4 minute &#8211; 5 minute.<br \/>\nNote : La tasse peut \u00eatre chaude ! Le th\u00e9 peut \u00eatre chaud !<br \/>\n<strong>Valeurs nutritionnelles :<\/strong><br \/>\nEnergie &lt; 4 kcal (&lt; 17 kJ)<br \/>\nGraisses &lt; 0,5 g dont graisses satur\u00e9es &lt; 0,1 g<br \/>\nGlucide &lt; 0,5 g din care zaharuri &lt; 0,5 g<br \/>\nProteine \u200b\u200b&lt; 0,5 g<br \/>\nSel &lt; 0,01 g<br \/>\nFabricat de Unilever Belgium, PO Box 10024, 1070 Anderlecht, Belgium<br \/>\nImportateur et distributeur Total Blue Impex SRL<\/p>","protected":false},"excerpt":{"rendered":"<p>1 pachet Lipton Bio Hibiscus &amp; Melissa contine 20 pliculete x 1,7 g = 34 g Tipul de ceai: infuzie plante bio aromata Ingrediente: Hibiscus (36%), melissa (20%), mar (20%), frunze de mure (10%), frunze de menta (10%), menta (4%) Mod de pregatire: Se toarna apa clocotita (100 \u00b0 C) intr-o ceasca de aprox 200 [&#8230;]\n","protected":false},"featured_media":36670,"comment_status":"open","ping_status":"closed","template":"","meta":{"_acf_changed":false,"_seopress_robots_primary_cat":"none","_seopress_titles_title":"","_seopress_titles_desc":"","_seopress_robots_index":""},"product_brand":[1866],"product_cat":[1555,1506,3320,1767],"giftcard-category":[],"class_list":{"0":"post-36669","1":"product","2":"type-product","3":"status-publish","4":"has-post-thumbnail","6":"product_brand-lipton","7":"product_cat-bacanie","8":"product_cat-cafea-ceai-mic-dejun","9":"product_cat-cafea-ceai-lapte","10":"product_cat-produse-olanda","12":"first","13":"outofstock","14":"taxable","15":"shipping-taxable","16":"purchasable","17":"product-type-simple"},"acf":[],"_links":{"self":[{"href":"https:\/\/totalblue.ro\/fr\/wp-json\/wp\/v2\/product\/36669","targetHints":{"allow":["GET"]}}],"collection":[{"href":"https:\/\/totalblue.ro\/fr\/wp-json\/wp\/v2\/product"}],"about":[{"href":"https:\/\/totalblue.ro\/fr\/wp-json\/wp\/v2\/types\/product"}],"replies":[{"embeddable":true,"href":"https:\/\/totalblue.ro\/fr\/wp-json\/wp\/v2\/comments?post=36669"}],"wp:featuredmedia":[{"embeddable":true,"href":"https:\/\/totalblue.ro\/fr\/wp-json\/wp\/v2\/media\/36670"}],"wp:attachment":[{"href":"https:\/\/totalblue.ro\/fr\/wp-json\/wp\/v2\/media?parent=36669"}],"wp:term":[{"taxonomy":"product_brand","embeddable":true,"href":"https:\/\/totalblue.ro\/fr\/wp-json\/wp\/v2\/product_brand?post=36669"},{"taxonomy":"product_cat","embeddable":true,"href":"https:\/\/totalblue.ro\/fr\/wp-json\/wp\/v2\/product_cat?post=36669"},{"taxonomy":"giftcard-category","embeddable":true,"href":"https:\/\/totalblue.ro\/fr\/wp-json\/wp\/v2\/giftcard-category?post=36669"}],"curies":[{"name":"wp","href":"https:\/\/api.w.org\/{rel}","templated":true}]}}