{"id":36693,"date":"2021-11-01T16:46:54","date_gmt":"2021-11-01T14:46:54","guid":{"rendered":"https:\/\/totalblue.ro\/?post_type=product&#038;p=36693"},"modified":"2025-08-07T13:13:14","modified_gmt":"2025-08-07T10:13:14","slug":"planet-deli-natural-naan-bread-220-g","status":"publish","type":"product","link":"https:\/\/totalblue.ro\/fr\/produs\/planet-deli-paine-naan-naturala-220-g\/","title":{"rendered":"Planet Deli pain naan naturel 220 g"},"content":{"rendered":"<p><strong>Pain naan - Naturel, emball\u00e9 dans une atmosph\u00e8re prot\u00e9g\u00e9e.<br \/>\n<\/strong>Notre pain naan est cuit selon une recette traditionnelle dans des fours sp\u00e9cialement con\u00e7us \u00e0 cet effet.<\/p>\n<p><strong>Ingr\u00e9dient<\/strong>farine de bl\u00e9 (farine de bl\u00e9, calcium (carbonate), fer, niacine, thiamine), eau, huile de colza, levure, vinaigre d'alcool, poudre \u00e0 lever (diphosphate disodique, bicarbonate de sodium, phosphate de calcium), graines de kalonji, sel, fenouil moulu, conservateur (propionate de calcium), lait \u00e9cr\u00e9m\u00e9 en poudre, amidon de bl\u00e9.<\/p>\n<p><strong>Allerg\u00e8nes<\/strong>contient du gluten, du lait, du bl\u00e9<\/p>\n<p><strong>Valeurs nutritionnelles<\/strong>:<br \/>\n\u00c9nergie 1066 kJ (252 kcal)<br \/>\nGraisses 2,9 g dont graisses satur\u00e9es 0,3 g<br \/>\nGlucides 46,8 g dont sucres 2,8 g<br \/>\nFibres alimentaires 3 g<br \/>\nProt\u00e9ines 8,2 g<br \/>\nSel 0,78 g<br \/>\nContenu et poids : 220 grammes<\/p>\n<p>Portion : un morceau de pain Naan (110g)<br \/>\nNombre de portions : 2<\/p>\n<p>Produit v\u00e9g\u00e9tarien<\/p>\n<p><strong>Pr\u00e9paration<\/strong>: il se r\u00e9chauffe<\/p>\n<p>Sortir le pain naan de son emballage.<br \/>\nFour : 200\u00b0C\/air chaud 180\u00b0C\/gas 6<br \/>\nArrosez le pain naan d'un peu d'eau. Mettez le pain naan dans le four pr\u00e9chauff\u00e9 pendant 3-4 minutes.<br \/>\nFour apr\u00e8s d\u00e9cong\u00e9lation : Suivre les instructions du four standard comme indiqu\u00e9 ci-dessus, en ajustant le temps de r\u00e9chauffement \u00e0 6-7 minutes.<br \/>\nPain naan : Saupoudrer le pain d'un peu d'eau. Mettre le pain naan dans une po\u00eale \u00e0 feu moyen pendant 1 \u00e0 2 minutes.<br \/>\nPain naan apr\u00e8s d\u00e9cong\u00e9lation : Suivre les instructions standard comme ci-dessus, en ajustant le temps de r\u00e9chauffement \u00e0 4 minutes.<br \/>\nConserver dans un endroit frais et sec. Apr\u00e8s ouverture, consommer dans la journ\u00e9e. Le pain naan peut \u00eatre congel\u00e9. Id\u00e9alement, le produit doit \u00eatre congel\u00e9 le plus rapidement possible apr\u00e8s l'achat, mais toujours avant la date de p\u00e9remption indiqu\u00e9e sur l'emballage. Utiliser dans le d\u00e9lai indiqu\u00e9 sur l'emballage.<br \/>\nD\u00e9congeler le produit pendant au moins 2 heures dans un endroit frais et sec.<\/p>\n<p>A consommer dans un d\u00e9lai maximum de 24 heures. Ne pas recongeler le produit apr\u00e8s d\u00e9cong\u00e9lation.<\/p>\n<p>Dans la cuisine indienne, ce pain est g\u00e9n\u00e9ralement servi avec des currys, mais il est \u00e9galement tr\u00e8s savoureux avec des boissons ou comme en-cas avec divers amuse-gueules tels que le houmous ou le yaourt grec. D\u00e9licieux avec les plats indiens ou grill\u00e9s, les soupes, etc.<\/p>","protected":false},"excerpt":{"rendered":"<p>Paine Naan &#8211; Naturala, ambalata in atmosfera protejata. Painea noastra naan este coapta dupa o reteta traditionala in cuptoare special conceputa pentru acest scop. Ingrediente: faina de grau (faina de grau, calciu (carbonat), fier, niacina, tiamina), apa, ulei de rapita, drojdie, otet de alcool, agenti de crestere (difosfat disodic, bicarbonat de sodiu, fosfat de calciu), [&#8230;]\n","protected":false},"featured_media":36695,"comment_status":"open","ping_status":"closed","template":"","meta":{"_acf_changed":false,"_seopress_robots_primary_cat":"none","_seopress_titles_title":"Paine Naan naturala, painici Naan, lipii Naan, paine indiana Naan din faina ","_seopress_titles_desc":"Magazin online cu Paine Naan naturala, painici Naan, lipii Naan, paine indiana Naan din faina. Cumpara online paine Naan. Delicatese delicii Olanda","_seopress_robots_index":""},"product_brand":[4113],"product_cat":[1555,3296,1506,1767,1954],"giftcard-category":[],"class_list":{"0":"post-36693","1":"product","2":"type-product","3":"status-publish","4":"has-post-thumbnail","6":"product_brand-planet-deli","7":"product_cat-bacanie","8":"product_cat-brutarie-patiserie","9":"product_cat-cafea-ceai-mic-dejun","10":"product_cat-produse-olanda","11":"product_cat-semipreparate","13":"first","14":"outofstock","15":"taxable","16":"shipping-taxable","17":"purchasable","18":"product-type-simple"},"acf":[],"_links":{"self":[{"href":"https:\/\/totalblue.ro\/fr\/wp-json\/wp\/v2\/product\/36693","targetHints":{"allow":["GET"]}}],"collection":[{"href":"https:\/\/totalblue.ro\/fr\/wp-json\/wp\/v2\/product"}],"about":[{"href":"https:\/\/totalblue.ro\/fr\/wp-json\/wp\/v2\/types\/product"}],"replies":[{"embeddable":true,"href":"https:\/\/totalblue.ro\/fr\/wp-json\/wp\/v2\/comments?post=36693"}],"wp:featuredmedia":[{"embeddable":true,"href":"https:\/\/totalblue.ro\/fr\/wp-json\/wp\/v2\/media\/36695"}],"wp:attachment":[{"href":"https:\/\/totalblue.ro\/fr\/wp-json\/wp\/v2\/media?parent=36693"}],"wp:term":[{"taxonomy":"product_brand","embeddable":true,"href":"https:\/\/totalblue.ro\/fr\/wp-json\/wp\/v2\/product_brand?post=36693"},{"taxonomy":"product_cat","embeddable":true,"href":"https:\/\/totalblue.ro\/fr\/wp-json\/wp\/v2\/product_cat?post=36693"},{"taxonomy":"giftcard-category","embeddable":true,"href":"https:\/\/totalblue.ro\/fr\/wp-json\/wp\/v2\/giftcard-category?post=36693"}],"curies":[{"name":"wp","href":"https:\/\/api.w.org\/{rel}","templated":true}]}}