{"id":36857,"date":"2021-11-03T16:13:12","date_gmt":"2021-11-03T14:13:12","guid":{"rendered":"https:\/\/totalblue.ro\/?post_type=product&#038;p=36857"},"modified":"2025-08-05T14:53:10","modified_gmt":"2025-08-05T11:53:10","slug":"feinkost-dittmann-poivrons-rouges-farcis-au-fromage-frais-290g","status":"publish","type":"product","link":"https:\/\/totalblue.ro\/fr\/produs\/feinkost-dittmann-ardei-rosu-umplut-cu-crema-de-branza-290g\/","title":{"rendered":"Feinkost Dittmann, poivrons rouges farcis au fromage frais 290g"},"content":{"rendered":"<p>Les Teufli originaux de Feinkost Dittmann ont une longue tradition dans leur pays d'origine, l'Allemagne : c'est en 1986 que l'entreprise familiale a lanc\u00e9 pour la premi\u00e8re fois sur le march\u00e9 allemand les meilleurs piments rouges et verts farcis \u00e0 la main avec de fines variations de fromage \u00e0 la cr\u00e8me, sous le nom de \"meilleurs piments rouges et verts du diable avec de fines variations de fromage \u00e0 la cr\u00e8me\". La vari\u00e9t\u00e9 Teufli : le Teufli rouge est le plus piquant des trois vari\u00e9t\u00e9s Teufli, pour des moments de plaisir particuliers.<br \/>\nIls se pr\u00eatent particuli\u00e8rement bien \u00e0 l'ap\u00e9ritif sur des plateaux froids, mais ils sont \u00e9galement d\u00e9licieux comme garniture pour les viandes frites et dans les salades.<br \/>\nProduit v\u00e9g\u00e9tarien<br \/>\nSans gluten<br \/>\nSans levure<br \/>\nConditionnement : pot en verre avec couvercle<br \/>\n<strong>Ingr\u00e9dient<\/strong>: <span class=\"Y2IQFc\" lang=\"ro\">45% huile de rapita, 30% pr\u00e9paration de fromage frais (fromage, p\u00e2te de tomate, \u00e9pices, sel de table, amidon de ma\u00efs, eau, sirop de glucose d\u00e9shydrat\u00e9, poudre de tomate, acidifiant : acide lactique), 25% poivrons marin\u00e9s (poivrons, sel de table, acidifiant : acide citrique, durcisseur : chlorure de calcium).<br \/>\n<\/span><strong>Valeurs nutritionnelles pour 100 g<\/strong><br \/>\n\u00c9nergie 768 kj \/186 kcal<br \/>\nLipides 16,6 g dont acides gras satur\u00e9s 10,3 g<br \/>\nGlucides 3,3 g dont sucre 3,2 g<br \/>\nProt\u00e9ines 3,9 g<br \/>\nSel 2.53 g<\/p>","protected":false},"excerpt":{"rendered":"<p>Teufli originali de la Feinkost Dittmann au o traditie indelungata in tara lor natala, Germania: a fost \u00een 1986 cand compania de familie a lansat pentru prima data pe piata germana, sub numele, cei mai buni ardei iute rosii al diavolului si verzi umpluti manual, cu variatii fine de branza crem\u0103. Soiul Teufli: Rosul Teufli [&#8230;]\n","protected":false},"featured_media":36859,"comment_status":"open","ping_status":"closed","template":"","meta":{"_acf_changed":false,"_seopress_robots_primary_cat":"none","_seopress_titles_title":"","_seopress_titles_desc":"","_seopress_robots_index":""},"product_brand":[4140],"product_cat":[1555,1683,3272,3372,1950,1767],"giftcard-category":[],"class_list":{"0":"post-36857","1":"product","2":"type-product","3":"status-publish","4":"has-post-thumbnail","6":"product_brand-dittmann","7":"product_cat-bacanie","8":"product_cat-conserve-mancare-gatita","9":"product_cat-conserve","10":"product_cat-conserve-produse-germania","11":"product_cat-produse-germania","12":"product_cat-produse-olanda","14":"first","15":"outofstock","16":"taxable","17":"shipping-taxable","18":"purchasable","19":"product-type-simple"},"acf":[],"_links":{"self":[{"href":"https:\/\/totalblue.ro\/fr\/wp-json\/wp\/v2\/product\/36857","targetHints":{"allow":["GET"]}}],"collection":[{"href":"https:\/\/totalblue.ro\/fr\/wp-json\/wp\/v2\/product"}],"about":[{"href":"https:\/\/totalblue.ro\/fr\/wp-json\/wp\/v2\/types\/product"}],"replies":[{"embeddable":true,"href":"https:\/\/totalblue.ro\/fr\/wp-json\/wp\/v2\/comments?post=36857"}],"wp:featuredmedia":[{"embeddable":true,"href":"https:\/\/totalblue.ro\/fr\/wp-json\/wp\/v2\/media\/36859"}],"wp:attachment":[{"href":"https:\/\/totalblue.ro\/fr\/wp-json\/wp\/v2\/media?parent=36857"}],"wp:term":[{"taxonomy":"product_brand","embeddable":true,"href":"https:\/\/totalblue.ro\/fr\/wp-json\/wp\/v2\/product_brand?post=36857"},{"taxonomy":"product_cat","embeddable":true,"href":"https:\/\/totalblue.ro\/fr\/wp-json\/wp\/v2\/product_cat?post=36857"},{"taxonomy":"giftcard-category","embeddable":true,"href":"https:\/\/totalblue.ro\/fr\/wp-json\/wp\/v2\/giftcard-category?post=36857"}],"curies":[{"name":"wp","href":"https:\/\/api.w.org\/{rel}","templated":true}]}}