{"id":36898,"date":"2021-11-04T10:43:41","date_gmt":"2021-11-04T08:43:41","guid":{"rendered":"https:\/\/totalblue.ro\/?post_type=product&#038;p=36898"},"modified":"2025-08-05T14:53:08","modified_gmt":"2025-08-05T11:53:08","slug":"feinkost-dittmann-mini-peppers-spicy-yellow-peppers-210-120g-120g","status":"publish","type":"product","link":"https:\/\/totalblue.ro\/fr\/produs\/feinkost-dittmann-mini-peperoni-ardei-galben-picant-210-120g\/","title":{"rendered":"Feinkost Dittmann Mini Peperoni Piments jaunes \u00e9pic\u00e9s 210 \/ 120g"},"content":{"rendered":"<p>Feinkost Dittmann propose ces poivrons jaunes comme sp\u00e9cialit\u00e9. Les petits piments sont cueillis \u00e0 la main et plac\u00e9s dans une saumure fine et douce. Pour les mini-poivrons, seules les meilleures mati\u00e8res premi\u00e8res issues de cultures strictement contr\u00f4l\u00e9es sont utilis\u00e9es.<br \/>\n<strong>Id\u00e9es de pr\u00e9paration<\/strong>Feinkost Dittmann recommande les mini-poivrons Peperoni comme garniture pour les viandes grill\u00e9es, les diff\u00e9rents types de fromage et de jambon et les hors-d'\u0153uvre m\u00e9diterran\u00e9ens. En m\u00eame temps, ils sont id\u00e9aux pour affiner les salades et les soupes.<br \/>\nPolyvalent et sain : de plus en plus d'Allemands utilisent des \u00e9pices piquantes telles que le cayenne ou le piment pour pr\u00e9parer leurs plats. Le piment a un effet antibact\u00e9rien, stimule l'app\u00e9tit et active le m\u00e9tabolisme et la circulation.<br \/>\nProduits v\u00e9g\u00e9taliens<br \/>\nProduits v\u00e9g\u00e9tariens<br \/>\nSans gluten<br \/>\nSans levure<br \/>\nSans lactose<br \/>\n<strong>Ingr\u00e9dient<\/strong>: Mini-poivrons marin\u00e9s (poivrons, sel de table, acidifiant : acide citrique, acide ac\u00e9tique, raffermissant : chlorure de calcium, antioxydant : m\u00e9tabisulfite de sodium), sel de table, vinaigre, acidifiant : acide citrique, colorant : riboflavine.<br \/>\n<strong>Valeurs nutritionnelles pour 100 g<\/strong><br \/>\n\u00c9nergie 110 kj \/ 26 kcal<br \/>\nMati\u00e8res grasses 0,6 g dont acides gras satur\u00e9s 0,1 g<br \/>\nGlucides 1,5 g dont sucre 0,2 g<br \/>\nAlbus de ou 0,8 g<br \/>\nSel 5.68 g<\/p>","protected":false},"excerpt":{"rendered":"<p>Feinkost Dittmann ofera ca specialitate acesti ardei galbeni. Ardeii mici picanti sunt culesi manual si pusi intr-o saramura fina si blanda. Pentru Mini peperoni sunt folosite doar cele mai bune materii prime din cultivare strict controlata. Idei de preparare: Feinkost Dittmann recomanda ardeiul Mini Peperoni ca garnitura pentru carnea la gratar, diferite tipuri de branza [&#8230;]\n","protected":false},"featured_media":36900,"comment_status":"open","ping_status":"closed","template":"","meta":{"_acf_changed":false,"_seopress_robots_primary_cat":"none","_seopress_titles_title":"","_seopress_titles_desc":"","_seopress_robots_index":""},"product_brand":[4140],"product_cat":[1555,1683,3372,3272,1950,1767],"giftcard-category":[],"class_list":{"0":"post-36898","1":"product","2":"type-product","3":"status-publish","4":"has-post-thumbnail","6":"product_brand-dittmann","7":"product_cat-bacanie","8":"product_cat-conserve-mancare-gatita","9":"product_cat-conserve-produse-germania","10":"product_cat-conserve","11":"product_cat-produse-germania","12":"product_cat-produse-olanda","14":"first","15":"outofstock","16":"taxable","17":"shipping-taxable","18":"purchasable","19":"product-type-simple"},"acf":[],"_links":{"self":[{"href":"https:\/\/totalblue.ro\/fr\/wp-json\/wp\/v2\/product\/36898","targetHints":{"allow":["GET"]}}],"collection":[{"href":"https:\/\/totalblue.ro\/fr\/wp-json\/wp\/v2\/product"}],"about":[{"href":"https:\/\/totalblue.ro\/fr\/wp-json\/wp\/v2\/types\/product"}],"replies":[{"embeddable":true,"href":"https:\/\/totalblue.ro\/fr\/wp-json\/wp\/v2\/comments?post=36898"}],"wp:featuredmedia":[{"embeddable":true,"href":"https:\/\/totalblue.ro\/fr\/wp-json\/wp\/v2\/media\/36900"}],"wp:attachment":[{"href":"https:\/\/totalblue.ro\/fr\/wp-json\/wp\/v2\/media?parent=36898"}],"wp:term":[{"taxonomy":"product_brand","embeddable":true,"href":"https:\/\/totalblue.ro\/fr\/wp-json\/wp\/v2\/product_brand?post=36898"},{"taxonomy":"product_cat","embeddable":true,"href":"https:\/\/totalblue.ro\/fr\/wp-json\/wp\/v2\/product_cat?post=36898"},{"taxonomy":"giftcard-category","embeddable":true,"href":"https:\/\/totalblue.ro\/fr\/wp-json\/wp\/v2\/giftcard-category?post=36898"}],"curies":[{"name":"wp","href":"https:\/\/api.w.org\/{rel}","templated":true}]}}