{"id":36984,"date":"2021-11-04T14:38:36","date_gmt":"2021-11-04T12:38:36","guid":{"rendered":"https:\/\/totalblue.ro\/?post_type=product&#038;p=36984"},"modified":"2025-08-05T15:38:13","modified_gmt":"2025-08-05T12:38:13","slug":"erasco-tigaie-braziliana-cu-cabanosi-fasole-neagra-si-stiuleti-800g","status":"publish","type":"product","link":"https:\/\/totalblue.ro\/fr\/produs\/erasco-tigaie-braziliana-cu-cabanosi-fasole-neagra-si-stiuleti-800g\/","title":{"rendered":"Po\u00eale br\u00e9silienne Erasco avec cabanosi, haricots noirs et stiuleti 800g"},"content":{"rendered":"<p>Po\u00eale br\u00e9silienne Erasco avec cabanosi, haricots noirs et stiuleti 800g<\/p>\n<p><strong>Ingr\u00e9dient : <\/strong>Apa, 25% fasole neagra, 24% legume (ceapa, morcovi, ardei ro\u0219u, 3,0% stiuleti porumb, buca\u021bi de rosii, 1,8% porumb), 6% Cabanossi (carne de porc, sare de masa, condimente, sirop de glucoza, dextroza, stabilizator: difosfat, Antioxidan\u021bi: acid ascorbic, intestine de porc, fum), 3,7% carne de porc \u0219i ceafa afumata cuburi de sunca afumata (porc, sare iodata, dextroza, condimente, stabilizator: difosfati si trifosfati, antioxidanti: izoascorbat de sodiu, fum), pasta de tomate, ulei de rapita, amidon modificat, sare iodata, aroma, zahar, condimente, dextroza, colorant extract de boia, agent de \u00eengro\u0219are: guma de guar, aroma de fum.<strong><br \/>\nPr\u00e9paration :<\/strong> Verser le contenu dans une casserole. Faire chauffer \u00e0 feu moyen. Vous pouvez \u00e9galement faire chauffer au micro-ondes, 6 minutes \u00e0 600 W.<br \/>\n<strong>Conditions de stockage :<\/strong><br \/>\nConserver dans un endroit sec \u00e0 temp\u00e9rature ambiante.<br \/>\nApr\u00e8s ouverture, conserver couvert au r\u00e9frig\u00e9rateur et consommer dans les 48h.<br \/>\n<strong>Allerg\u00e8nes :<\/strong><br \/>\nContine mustar si telina. Poate contine urme de grau, lapte, soia si ou.<br \/>\nFara aditivi de imbunatatire a aromei<br \/>\nFara coloranti sintetici<br \/>\nFara conservanti conform legii<br \/>\nAmbalaj: conserva metalica.<\/p>\n<p><strong>Nutrition\/100g :<br \/>\n<\/strong>Energie 433 kJ \/ 103 kcal<br \/>\nGrasimi 3,4 g din care acizi grasi saturati 1,1 g<br \/>\nGlucide 12 g din care zaharuri 1,6 g<br \/>\nFibre alimentare 3,0 g<br \/>\nProteine \u200b\u200b4,9 g<br \/>\nSare 1,0 g<\/p>\n<p>Pays d'origine : Allemagne<br \/>\nFabricat in Germania de Continental Foods Germany GmbH Kontaktadresse: Postfach 12 11 62, D-23532 L\u00fcbeck<br \/>\nImportateur et distributeur Total Blue Impex SRL<\/p>","protected":false},"excerpt":{"rendered":"<p>Erasco tigaie braziliana cu cabanosi, fasole neagra si stiuleti 800g Ingrediente: Apa, 25% fasole neagra, 24% legume (ceapa, morcovi, ardei ro\u0219u, 3,0% stiuleti porumb, buca\u021bi de rosii, 1,8% porumb), 6% Cabanossi (carne de porc, sare de masa, condimente, sirop de glucoza, dextroza, stabilizator: difosfat, Antioxidan\u021bi: acid ascorbic, intestine de porc, fum), 3,7% carne de porc [&#8230;]\n","protected":false},"featured_media":36987,"comment_status":"open","ping_status":"closed","template":"","meta":{"_acf_changed":false,"_seopress_robots_primary_cat":"none","_seopress_titles_title":"","_seopress_titles_desc":"","_seopress_robots_index":""},"product_brand":[1951],"product_cat":[1555,1683,3272,3372,1950,1767,1954],"giftcard-category":[],"class_list":{"0":"post-36984","1":"product","2":"type-product","3":"status-publish","4":"has-post-thumbnail","6":"product_brand-erasco","7":"product_cat-bacanie","8":"product_cat-conserve-mancare-gatita","9":"product_cat-conserve","10":"product_cat-conserve-produse-germania","11":"product_cat-produse-germania","12":"product_cat-produse-olanda","13":"product_cat-semipreparate","15":"first","16":"outofstock","17":"taxable","18":"shipping-taxable","19":"purchasable","20":"product-type-simple"},"acf":[],"_links":{"self":[{"href":"https:\/\/totalblue.ro\/fr\/wp-json\/wp\/v2\/product\/36984","targetHints":{"allow":["GET"]}}],"collection":[{"href":"https:\/\/totalblue.ro\/fr\/wp-json\/wp\/v2\/product"}],"about":[{"href":"https:\/\/totalblue.ro\/fr\/wp-json\/wp\/v2\/types\/product"}],"replies":[{"embeddable":true,"href":"https:\/\/totalblue.ro\/fr\/wp-json\/wp\/v2\/comments?post=36984"}],"wp:featuredmedia":[{"embeddable":true,"href":"https:\/\/totalblue.ro\/fr\/wp-json\/wp\/v2\/media\/36987"}],"wp:attachment":[{"href":"https:\/\/totalblue.ro\/fr\/wp-json\/wp\/v2\/media?parent=36984"}],"wp:term":[{"taxonomy":"product_brand","embeddable":true,"href":"https:\/\/totalblue.ro\/fr\/wp-json\/wp\/v2\/product_brand?post=36984"},{"taxonomy":"product_cat","embeddable":true,"href":"https:\/\/totalblue.ro\/fr\/wp-json\/wp\/v2\/product_cat?post=36984"},{"taxonomy":"giftcard-category","embeddable":true,"href":"https:\/\/totalblue.ro\/fr\/wp-json\/wp\/v2\/giftcard-category?post=36984"}],"curies":[{"name":"wp","href":"https:\/\/api.w.org\/{rel}","templated":true}]}}