{"id":36997,"date":"2021-11-04T15:03:08","date_gmt":"2021-11-04T13:03:08","guid":{"rendered":"https:\/\/totalblue.ro\/?post_type=product&#038;p=36997"},"modified":"2026-03-06T00:13:21","modified_gmt":"2026-03-05T22:13:21","slug":"supa-indonesia-cu-taietei-legume-ciuperci-si-pui-780-ml","status":"publish","type":"product","link":"https:\/\/totalblue.ro\/fr\/produs\/supa-indonesia-cu-taietei-legume-ciuperci-si-pui-780-ml\/","title":{"rendered":"Soupe indon\u00e9sienne avec nouilles, l\u00e9gumes, champignons et poulet 780 ml"},"content":{"rendered":"<p>Soupe indon\u00e9sienne avec nouilles, l\u00e9gumes, champignons et poulet 780 ml<\/p>\n<p><strong>Recommandations<\/strong>: Turnati continutul intr-o cratita \/ tigaie. Amestecati ocazional. Incalziti la foc mediu. De asemenea puteti incalzi si la cuptorul cu microunde la 600 W timp de aproximativ 3,5 minute. Rapid si usor!<br \/>\n<strong>Ingr\u00e9dient :<\/strong> ap\u0103, t\u0103i\u021bei 17% (amidon de fasole mung, ap\u0103), pui 5% *, sos de soia (melas\u0103, soia, porumb), ciuperci 3%, boia 3%, amidon modificat, gr\u0103sime de pui, poten\u021biator de arom\u0103: monosodic glutamat, sare de \u021belin\u0103 (telina, sare de mas\u0103), bulion (extract de drojdie, ulei de floarea soarelui, arom\u0103), ceap\u0103, sare de mas\u0103, arom\u0103, pudr\u0103 de usturoi, \u00eengro\u0219\u0103tor: gum\u0103 de guar \u0219i gum\u0103 de xantan, extract de ardei iute.<br \/>\nBucatarie: Asia de Sud-Est<br \/>\n<strong>Allerg\u00e8nes : <\/strong>Soia \u0219i produse ob\u021binute din acestea, oua \u0219i produse ob\u021binute din acestea, \u021belina \u0219i produse ob\u021binute din acestea<br \/>\n<strong>Conditions de stockage : <\/strong>A se pastra la loc uscat si racoros, ferit de actiunea directa a soarelui. Dupa deschidere, a se pastra acoperita in frigider si a se consuma in max 48h.<br \/>\nValeurs nutritionnelles \/ 100 g :<br \/>\nEnergie 157 kJ \/ 37 kcal<br \/>\nGrasime 1 g din care acizi grasi saturati 0.3 g<br \/>\nCarbohidra\u021bi 5.5 g din care zahar 1 g<br \/>\nProteine \u200b\u200b1.3 g<br \/>\nSel 1,1 g<\/p>\n<p>Fabriqu\u00e9 et vendu en Allemagne par Dreistern Konserven GmbH &amp; Co. KG , Philipp-Oehmigke-Str. 4, 16816 Neuruppin.<br \/>\nImportateur et distributeur Total Blue Impex SRL<\/p>\n<p>&nbsp;<\/p>","protected":false},"excerpt":{"rendered":"<p>Supa Indonesia cu taietei, legume, ciuperci si pui 780 ml Recomandari: Turnati continutul intr-o cratita \/ tigaie. Amestecati ocazional. Incalziti la foc mediu. De asemenea puteti incalzi si la cuptorul cu microunde la 600 W timp de aproximativ 3,5 minute. Rapid si usor! Ingrediente: ap\u0103, t\u0103i\u021bei 17% (amidon de fasole mung, ap\u0103), pui 5% *, [&#8230;]\n","protected":false},"featured_media":36999,"comment_status":"open","ping_status":"closed","template":"","meta":{"_acf_changed":false,"_seopress_robots_primary_cat":"none","_seopress_titles_title":"","_seopress_titles_desc":"Cumpara online supa taietei, supe legume, supe cu ciuperci, supe pui. Magazin online cu mancare si livrare rapida.","_seopress_robots_index":""},"product_brand":[1986],"product_cat":[1555,1683,3272,3372,1950,1767,3364],"giftcard-category":[],"class_list":{"0":"post-36997","1":"product","2":"type-product","3":"status-publish","4":"has-post-thumbnail","6":"product_brand-indonesia","7":"product_cat-bacanie","8":"product_cat-conserve-mancare-gatita","9":"product_cat-conserve","10":"product_cat-conserve-produse-germania","11":"product_cat-produse-germania","12":"product_cat-produse-olanda","13":"product_cat-supe-produse-germania","15":"first","16":"instock","17":"taxable","18":"shipping-taxable","19":"purchasable","20":"product-type-simple"},"acf":[],"_links":{"self":[{"href":"https:\/\/totalblue.ro\/fr\/wp-json\/wp\/v2\/product\/36997","targetHints":{"allow":["GET"]}}],"collection":[{"href":"https:\/\/totalblue.ro\/fr\/wp-json\/wp\/v2\/product"}],"about":[{"href":"https:\/\/totalblue.ro\/fr\/wp-json\/wp\/v2\/types\/product"}],"replies":[{"embeddable":true,"href":"https:\/\/totalblue.ro\/fr\/wp-json\/wp\/v2\/comments?post=36997"}],"wp:featuredmedia":[{"embeddable":true,"href":"https:\/\/totalblue.ro\/fr\/wp-json\/wp\/v2\/media\/36999"}],"wp:attachment":[{"href":"https:\/\/totalblue.ro\/fr\/wp-json\/wp\/v2\/media?parent=36997"}],"wp:term":[{"taxonomy":"product_brand","embeddable":true,"href":"https:\/\/totalblue.ro\/fr\/wp-json\/wp\/v2\/product_brand?post=36997"},{"taxonomy":"product_cat","embeddable":true,"href":"https:\/\/totalblue.ro\/fr\/wp-json\/wp\/v2\/product_cat?post=36997"},{"taxonomy":"giftcard-category","embeddable":true,"href":"https:\/\/totalblue.ro\/fr\/wp-json\/wp\/v2\/giftcard-category?post=36997"}],"curies":[{"name":"wp","href":"https:\/\/api.w.org\/{rel}","templated":true}]}}