{"id":37033,"date":"2021-11-04T16:32:31","date_gmt":"2021-11-04T14:32:31","guid":{"rendered":"https:\/\/totalblue.ro\/?post_type=product&#038;p=37033"},"modified":"2025-11-25T16:41:55","modified_gmt":"2025-11-25T14:41:55","slug":"erasco-tocana-vegetariana-de-mazare-800-g","status":"publish","type":"product","link":"https:\/\/totalblue.ro\/fr\/produs\/erasco-tocana-vegetariana-de-mazare-800-g\/","title":{"rendered":"Rago\u00fbt de pois v\u00e9g\u00e9tarien Erasco 800 g"},"content":{"rendered":"<p>Rago\u00fbt de pois v\u00e9g\u00e9tarien Erasco 800 g<\/p>\n<p><strong>Ingr\u00e9dient :<\/strong> apa, 40% mazare, 4,1% morcovi, 4,1% cartofi, 2,3% praz, 1,5% telina, ulei de rapita, sare, extract de drojdie, inlocuitor de sare (clorura de potasiu), ceapa pudra, usturoi pudra, zahar, spanac pudra , patrunjel, dextroza, aroma, agent de ingrosare: guma guar, aroma de fum. Poate contine urme de grau (gluten), soia, mustar, lapte si ou.<strong><br \/>\nAllerg\u00e8nes<\/strong>: contine telina, grau, oua, soia, mustar, lapte si produse obtinute din acesta.<br \/>\nRecomandari: Turnati continutul intr-o cratita \/ tigaie. Incalziti la foc mediu. De asemenea puteti incalzi si la cuptorul cu microunde, 6 minute la 600 W<br \/>\nConditii pastrare: A se pastra intr-un loc uscat la temperatura camerei.<br \/>\nApr\u00e8s ouverture, conserver couvert au r\u00e9frig\u00e9rateur et consommer dans les 48h.<\/p>\n<p><strong>Nutrition\/100g :<br \/>\n<\/strong>Energie 326 kJ \/ 77 kcal<br \/>\nGrasimi 1.4 g din care acizi grasi saturati 0.1 g<br \/>\nGlucide 10 g din care zaharuri 1 g<br \/>\nFibre alimentare 3,3 g<br \/>\nProteine \u200b\u200b 4.7 g<br \/>\nSare\u00a0 0.75 g<\/p>\n<p>Pays d'origine : Allemagne<br \/>\nFabricat in Germania de Continental Foods Germany GmbH Kontaktadresse: Postfach 12 11 62, D-23532 L\u00fcbeck<br \/>\nImportateur et distributeur Total Blue Impex SRL<\/p>","protected":false},"excerpt":{"rendered":"<p>Erasco tocana vegetarian\u0103 de mazare 800 g Ingrediente: apa, 40% mazare, 4,1% morcovi, 4,1% cartofi, 2,3% praz, 1,5% telina, ulei de rapita, sare, extract de drojdie, inlocuitor de sare (clorura de potasiu), ceapa pudra, usturoi pudra, zahar, spanac pudra , patrunjel, dextroza, aroma, agent de ingrosare: guma guar, aroma de fum. Poate contine urme de [&#8230;]\n","protected":false},"featured_media":37035,"comment_status":"open","ping_status":"closed","template":"","meta":{"_acf_changed":false,"_seopress_robots_primary_cat":"none","_seopress_titles_title":"","_seopress_titles_desc":"","_seopress_robots_index":""},"product_brand":[1951],"product_cat":[1555,1683,3372,3272,1950,1767,1954],"giftcard-category":[],"class_list":{"0":"post-37033","1":"product","2":"type-product","3":"status-publish","4":"has-post-thumbnail","6":"product_brand-erasco","7":"product_cat-bacanie","8":"product_cat-conserve-mancare-gatita","9":"product_cat-conserve-produse-germania","10":"product_cat-conserve","11":"product_cat-produse-germania","12":"product_cat-produse-olanda","13":"product_cat-semipreparate","15":"first","16":"outofstock","17":"taxable","18":"shipping-taxable","19":"purchasable","20":"product-type-simple"},"acf":[],"_links":{"self":[{"href":"https:\/\/totalblue.ro\/fr\/wp-json\/wp\/v2\/product\/37033","targetHints":{"allow":["GET"]}}],"collection":[{"href":"https:\/\/totalblue.ro\/fr\/wp-json\/wp\/v2\/product"}],"about":[{"href":"https:\/\/totalblue.ro\/fr\/wp-json\/wp\/v2\/types\/product"}],"replies":[{"embeddable":true,"href":"https:\/\/totalblue.ro\/fr\/wp-json\/wp\/v2\/comments?post=37033"}],"wp:featuredmedia":[{"embeddable":true,"href":"https:\/\/totalblue.ro\/fr\/wp-json\/wp\/v2\/media\/37035"}],"wp:attachment":[{"href":"https:\/\/totalblue.ro\/fr\/wp-json\/wp\/v2\/media?parent=37033"}],"wp:term":[{"taxonomy":"product_brand","embeddable":true,"href":"https:\/\/totalblue.ro\/fr\/wp-json\/wp\/v2\/product_brand?post=37033"},{"taxonomy":"product_cat","embeddable":true,"href":"https:\/\/totalblue.ro\/fr\/wp-json\/wp\/v2\/product_cat?post=37033"},{"taxonomy":"giftcard-category","embeddable":true,"href":"https:\/\/totalblue.ro\/fr\/wp-json\/wp\/v2\/giftcard-category?post=37033"}],"curies":[{"name":"wp","href":"https:\/\/api.w.org\/{rel}","templated":true}]}}