{"id":37251,"date":"2021-11-09T15:07:48","date_gmt":"2021-11-09T13:07:48","guid":{"rendered":"https:\/\/totalblue.ro\/?post_type=product&#038;p=37251"},"modified":"2025-08-05T15:08:08","modified_gmt":"2025-08-05T12:08:08","slug":"douwe-egberts-ice-mocha-latte-250-ml","status":"publish","type":"product","link":"https:\/\/totalblue.ro\/fr\/produs\/douwe-egberts-ice-mocha-latte-250-ml\/","title":{"rendered":"Douwe Egberts Ice Mocha Latte 250 ml"},"content":{"rendered":"<p>Boisson au lait et au caf\u00e9 250 ml.<br \/>\n<strong>Ingr\u00e9dient :<\/strong> Lait 1,4% de mati\u00e8re grasse (74,5%), eau, sucre, extrait de caf\u00e9 (0,7%), r\u00e9gulateurs d'acidit\u00e9 (E500 et E339), ar\u00f4mes.<br \/>\n<strong>Allerg\u00e8nes<\/strong>contient du lait.<br \/>\nConditionnement : bo\u00eete en aluminium<br \/>\nMode d'emploi : agiter avant consommation. A boire de pr\u00e9f\u00e9rence froid.<br \/>\nStockage : Conserver dans un endroit frais (max 7\u00b0C). Produit p\u00e9rissable apr\u00e8s ouverture. Conserver \u00e0 l'abri de la lumi\u00e8re du soleil.<br \/>\nConsommer avant : voir sur l'emballage.<br \/>\nValeurs nutritionnelles :<br \/>\n\u00c9nergie 248 KJO\/ 59 kcal<br \/>\nGraisses 1,1 g dont graisses satur\u00e9es 0,8 g<br \/>\nGlucides 9,4 g dont sucres 8,6 g<br \/>\nProt\u00e9ines 2,6 g<br \/>\nSel 0,28 g<br \/>\nProducteur : JACOBS DOUWE EGBERTS B.V., Oosterdoksstraat 80, 1011 DK Amsterdam, Pays-Bas<br \/>\nImportateur et distributeur : Total Blue Impex SRL, Bucarest, Roumanie.<\/p>","protected":false},"excerpt":{"rendered":"<p>Bautura de cafea cu lapte si aroma de cafea 250 ml. Ingrediente: Lapte 1,4% grasime (74,5%), apa, zahar, extract de cafea (0,7%), regulatori de aciditate (E500 \u0219i E339), arome. Alergeni: contine lapte. Ambalaj: doza de aluminiu Mod de utilizare: a se agita inainte de consum. A se consuma de preferinta rece. Depozitare: A se pastreaza [&#8230;]\n","protected":false},"featured_media":37254,"comment_status":"open","ping_status":"closed","template":"","meta":{"_acf_changed":false,"_seopress_robots_primary_cat":"none","_seopress_titles_title":"","_seopress_titles_desc":"","_seopress_robots_index":""},"product_brand":[2079],"product_cat":[1555,1506,3320,3304,1767],"giftcard-category":[],"class_list":{"0":"post-37251","1":"product","2":"type-product","3":"status-publish","4":"has-post-thumbnail","6":"product_brand-douwe-egberts","7":"product_cat-bacanie","8":"product_cat-cafea-ceai-mic-dejun","9":"product_cat-cafea-ceai-lapte","10":"product_cat-mic-dejun-produse-olanda","11":"product_cat-produse-olanda","13":"first","14":"outofstock","15":"taxable","16":"shipping-taxable","17":"purchasable","18":"product-type-simple"},"acf":[],"_links":{"self":[{"href":"https:\/\/totalblue.ro\/fr\/wp-json\/wp\/v2\/product\/37251","targetHints":{"allow":["GET"]}}],"collection":[{"href":"https:\/\/totalblue.ro\/fr\/wp-json\/wp\/v2\/product"}],"about":[{"href":"https:\/\/totalblue.ro\/fr\/wp-json\/wp\/v2\/types\/product"}],"replies":[{"embeddable":true,"href":"https:\/\/totalblue.ro\/fr\/wp-json\/wp\/v2\/comments?post=37251"}],"wp:featuredmedia":[{"embeddable":true,"href":"https:\/\/totalblue.ro\/fr\/wp-json\/wp\/v2\/media\/37254"}],"wp:attachment":[{"href":"https:\/\/totalblue.ro\/fr\/wp-json\/wp\/v2\/media?parent=37251"}],"wp:term":[{"taxonomy":"product_brand","embeddable":true,"href":"https:\/\/totalblue.ro\/fr\/wp-json\/wp\/v2\/product_brand?post=37251"},{"taxonomy":"product_cat","embeddable":true,"href":"https:\/\/totalblue.ro\/fr\/wp-json\/wp\/v2\/product_cat?post=37251"},{"taxonomy":"giftcard-category","embeddable":true,"href":"https:\/\/totalblue.ro\/fr\/wp-json\/wp\/v2\/giftcard-category?post=37251"}],"curies":[{"name":"wp","href":"https:\/\/api.w.org\/{rel}","templated":true}]}}