{"id":37270,"date":"2021-11-09T16:01:43","date_gmt":"2021-11-09T14:01:43","guid":{"rendered":"https:\/\/totalblue.ro\/?post_type=product&#038;p=37270"},"modified":"2025-08-05T15:08:03","modified_gmt":"2025-08-05T12:08:03","slug":"douwe-egberts-verwenkoffie-latte-caramel-cafea-instant-8-x-185g-148g","status":"publish","type":"product","link":"https:\/\/totalblue.ro\/fr\/produs\/douwe-egberts-verwenkoffie-latte-caramel-cafea-instant-8-x-185g-148g\/","title":{"rendered":"Douwe Egberts Verwenkoffie latte caramel caf\u00e9 instantan\u00e9 8 x 14.8g \/ 118.40g"},"content":{"rendered":"<p><strong>Ingr\u00e9dient<\/strong>: zahar, sirop de glucoza, lapte praf degresat, maltodextrina, ulei de cocos complet hidrogenat, cafea solubila (6%), concentrat de proteine \u200b\u200bdin zer (din lapte), lapte praf par\u021bial degresat, permeat de zer (din lapte), aroma, stabilizator (E340) ), amidon modificat, agent anti-coagulare (E551).<br \/>\n<strong>Allerg\u00e8nes<\/strong>: lapte, lactoza<br \/>\nAmbalaj: 1 cutie contine 8 plicuri Douwe Egberts Verwenkoffie latte caramel.<br \/>\n1 plic contine 18,5 grame<br \/>\n1 cutie contine 148 g<br \/>\n<strong>Valeurs nutritionnelles :<\/strong><br \/>\nEnergie 166 kJ (39 kcal)<br \/>\nGrasimi 1 g din care grasimi saturate 1 g<br \/>\nGlucide 6 g din care zaharuri 4.4 g<br \/>\nFibre 0.2 g<br \/>\nProteine \u200b\u200b1.4 g<br \/>\nSare 0.16 g<br \/>\n<strong>Pr\u00e9paration :<\/strong><br \/>\n1. Pune\u021bi continutul plicului intr-o cana.<br \/>\n2 Adaugati 150 ml de apa clocotita in timp ce amestecati.<br \/>\n3 Se amesteca bine.<br \/>\n4 Bucurati-va !<br \/>\nNota: cana poate fi fierbinte ! Douwe Egberts Verwenkoffie latte caramel poate fi fierbinte !<br \/>\nStockage : Conserver dans un endroit sec, \u00e0 l'abri de la lumi\u00e8re et \u00e0 temp\u00e9rature ambiante. Ne pas exposer \u00e0 la lumi\u00e8re directe du soleil.<br \/>\nConsommer avant : voir sur l'emballage.<br \/>\nA nu se lasa la indemana copiilor.<br \/>\nProducteur : JACOBS DOUWE EGBERTS B.V., Oosterdoksstraat 80, 1011 DK Amsterdam, Pays-Bas<br \/>\nImportateur et distributeur : Total Blue Impex SRL, Bucarest, Roumanie.<\/p>\n<div id=\"tab-additional_information\" class=\"woocommerce-Tabs-panel woocommerce-Tabs-panel--additional_information panel entry-content\" role=\"tabpanel\" aria-labelledby=\"tab-title-additional_information\"><\/div>","protected":false},"excerpt":{"rendered":"<p>Ingrediente: zahar, sirop de glucoza, lapte praf degresat, maltodextrina, ulei de cocos complet hidrogenat, cafea solubila (6%), concentrat de proteine \u200b\u200bdin zer (din lapte), lapte praf par\u021bial degresat, permeat de zer (din lapte), aroma, stabilizator (E340) ), amidon modificat, agent anti-coagulare (E551). Alergeni: lapte, lactoza Ambalaj: 1 cutie contine 8 plicuri Douwe Egberts Verwenkoffie latte [&#8230;]\n","protected":false},"featured_media":37276,"comment_status":"open","ping_status":"closed","template":"","meta":{"_acf_changed":false,"_seopress_robots_primary_cat":"none","_seopress_titles_title":"","_seopress_titles_desc":"","_seopress_robots_index":""},"product_brand":[2079],"product_cat":[1555,1506,3320,1767],"giftcard-category":[],"class_list":{"0":"post-37270","1":"product","2":"type-product","3":"status-publish","4":"has-post-thumbnail","6":"product_brand-douwe-egberts","7":"product_cat-bacanie","8":"product_cat-cafea-ceai-mic-dejun","9":"product_cat-cafea-ceai-lapte","10":"product_cat-produse-olanda","12":"first","13":"outofstock","14":"taxable","15":"shipping-taxable","16":"purchasable","17":"product-type-simple"},"acf":[],"_links":{"self":[{"href":"https:\/\/totalblue.ro\/fr\/wp-json\/wp\/v2\/product\/37270","targetHints":{"allow":["GET"]}}],"collection":[{"href":"https:\/\/totalblue.ro\/fr\/wp-json\/wp\/v2\/product"}],"about":[{"href":"https:\/\/totalblue.ro\/fr\/wp-json\/wp\/v2\/types\/product"}],"replies":[{"embeddable":true,"href":"https:\/\/totalblue.ro\/fr\/wp-json\/wp\/v2\/comments?post=37270"}],"wp:featuredmedia":[{"embeddable":true,"href":"https:\/\/totalblue.ro\/fr\/wp-json\/wp\/v2\/media\/37276"}],"wp:attachment":[{"href":"https:\/\/totalblue.ro\/fr\/wp-json\/wp\/v2\/media?parent=37270"}],"wp:term":[{"taxonomy":"product_brand","embeddable":true,"href":"https:\/\/totalblue.ro\/fr\/wp-json\/wp\/v2\/product_brand?post=37270"},{"taxonomy":"product_cat","embeddable":true,"href":"https:\/\/totalblue.ro\/fr\/wp-json\/wp\/v2\/product_cat?post=37270"},{"taxonomy":"giftcard-category","embeddable":true,"href":"https:\/\/totalblue.ro\/fr\/wp-json\/wp\/v2\/giftcard-category?post=37270"}],"curies":[{"name":"wp","href":"https:\/\/api.w.org\/{rel}","templated":true}]}}