{"id":37292,"date":"2021-11-09T16:30:55","date_gmt":"2021-11-09T14:30:55","guid":{"rendered":"https:\/\/totalblue.ro\/?post_type=product&#038;p=37292"},"modified":"2024-02-01T16:23:06","modified_gmt":"2024-02-01T14:23:06","slug":"douwe-egberts-verwenkoffie-latte-salted-caramel-cafea-instant-8-x-178-g-1424-g","status":"publish","type":"product","link":"https:\/\/totalblue.ro\/fr\/produs\/douwe-egberts-verwenkoffie-latte-salted-caramel-cafea-instant-8-x-178-g-1424-g\/","title":{"rendered":"Douwe Egberts Verwenkoffie latte caramel sal\u00e9 caf\u00e9 instantan\u00e9 8 x 17.8 g \/ 142.4 g"},"content":{"rendered":"<p><strong>Ingr\u00e9dient<\/strong>: zahar, lapte praf degresat (22%), sirop de glucoza, maltodextrina, ulei de palmier, cafea solubila (5,6%), zer praf concentrat (dinlapte), sare (1,9%), amidon modificat, arome (con\u021bine lapte), agent antiaglomerant (E551), stabilizator (E340), agent de ingrosare (E415), emulgator (E481).<br \/>\n<strong>Allerg\u00e8nes<\/strong>: lapte<br \/>\nAmbalaj: 1 cutie contine 8 plicuri Douwe Egberts Lekker Koud Iced Salted Caramel<br \/>\n1 plic contine 17,8 grame<br \/>\n1 cutie contine 142,4 g<br \/>\n<strong>Valeurs nutritionnelles :<\/strong><br \/>\nEnergie 1651 kJ (391 kcal)<br \/>\nGrasimi 7 g din care grasimi saturate 6,9 \u200b\u200bg<br \/>\nGlucide 75 g din care zaharuri 50 g<br \/>\nProt\u00e9ines 7 g<br \/>\nSare 1,87 g<br \/>\n<strong>Pr\u00e9paration :<\/strong><br \/>\n1. Pune\u021bi continutul plicului intr-o cana.<br \/>\n2 Adaugati 150 ml de apa clocotita in timp ce amestecati.<br \/>\n3 Se amesteca bine.<br \/>\n4 Bucurati-va !<br \/>\nNota: cana poate fi fierbinte ! Douwe Egberts Lekker Koud Iced Salted Caramel poate fi fierbinte !<br \/>\nStockage : Conserver dans un endroit sec, \u00e0 l'abri de la lumi\u00e8re et \u00e0 temp\u00e9rature ambiante. Ne pas exposer \u00e0 la lumi\u00e8re directe du soleil.<br \/>\nConsommer avant : voir sur l'emballage.<br \/>\nA nu se lasa la indemana copiilor.<br \/>\nProducteur : JACOBS DOUWE EGBERTS B.V., Oosterdoksstraat 80, 1011 DK Amsterdam, Pays-Bas<br \/>\nImportateur et distributeur : Total Blue Impex SRL, Bucarest, Roumanie.<\/p>\n<div id=\"tab-additional_information\" class=\"woocommerce-Tabs-panel woocommerce-Tabs-panel--additional_information panel entry-content\" role=\"tabpanel\" aria-labelledby=\"tab-title-additional_information\"><\/div>","protected":false},"excerpt":{"rendered":"<p>Douwe Egberts Aroma rood grove maling filterkoffie 250g<br \/>\nDouwe Egberts Flavour rood grove maling caf\u00e9 moulu 250 g<\/p>","protected":false},"featured_media":37321,"comment_status":"open","ping_status":"closed","template":"","meta":{"_acf_changed":false,"_seopress_robots_primary_cat":"none","_seopress_titles_title":"","_seopress_titles_desc":"","_seopress_robots_index":""},"product_brand":[2079],"product_cat":[1555,1506,3320,1767],"giftcard-category":[],"class_list":{"0":"post-37292","1":"product","2":"type-product","3":"status-publish","4":"has-post-thumbnail","6":"product_brand-douwe-egberts","7":"product_cat-bacanie","8":"product_cat-cafea-ceai-mic-dejun","9":"product_cat-cafea-ceai-lapte","10":"product_cat-produse-olanda","12":"first","13":"outofstock","14":"taxable","15":"shipping-taxable","16":"purchasable","17":"product-type-simple"},"acf":[],"_links":{"self":[{"href":"https:\/\/totalblue.ro\/fr\/wp-json\/wp\/v2\/product\/37292","targetHints":{"allow":["GET"]}}],"collection":[{"href":"https:\/\/totalblue.ro\/fr\/wp-json\/wp\/v2\/product"}],"about":[{"href":"https:\/\/totalblue.ro\/fr\/wp-json\/wp\/v2\/types\/product"}],"replies":[{"embeddable":true,"href":"https:\/\/totalblue.ro\/fr\/wp-json\/wp\/v2\/comments?post=37292"}],"wp:featuredmedia":[{"embeddable":true,"href":"https:\/\/totalblue.ro\/fr\/wp-json\/wp\/v2\/media\/37321"}],"wp:attachment":[{"href":"https:\/\/totalblue.ro\/fr\/wp-json\/wp\/v2\/media?parent=37292"}],"wp:term":[{"taxonomy":"product_brand","embeddable":true,"href":"https:\/\/totalblue.ro\/fr\/wp-json\/wp\/v2\/product_brand?post=37292"},{"taxonomy":"product_cat","embeddable":true,"href":"https:\/\/totalblue.ro\/fr\/wp-json\/wp\/v2\/product_cat?post=37292"},{"taxonomy":"giftcard-category","embeddable":true,"href":"https:\/\/totalblue.ro\/fr\/wp-json\/wp\/v2\/giftcard-category?post=37292"}],"curies":[{"name":"wp","href":"https:\/\/api.w.org\/{rel}","templated":true}]}}