{"id":37341,"date":"2021-11-10T12:27:45","date_gmt":"2021-11-10T10:27:45","guid":{"rendered":"https:\/\/totalblue.ro\/?post_type=product&#038;p=37341"},"modified":"2026-04-20T15:25:12","modified_gmt":"2026-04-20T12:25:12","slug":"gelderse-rookworst-smoked-sausages-gwoon-hollandaise-275g","status":"publish","type":"product","link":"https:\/\/totalblue.ro\/fr\/produs\/gelderse-rookworst-carnati-afumati-gwoon-olanda-275g\/","title":{"rendered":"Gelderse Rookworst Carnati afumati G&#8217;woon Olanda 275g"},"content":{"rendered":"<p>Gelderse Rookworst Saucisses fum\u00e9es g'woon Pays-Bas 275g<\/p>\n<p><strong>Ingr\u00e9dient : <\/strong>Ingr\u00e9dients : viande de porc 88%, graisse de porc, f\u00e9cule de pomme de terre, ar\u00f4me naturel, collag\u00e8ne de b\u0153uf, sel, acidifiant : acide citrique, stabilisant : E450\/E452, dextrose, ar\u00f4me de fum\u00e9e, \u00e9pices, poudre d'oignon, antioxydant : E301, conservateur : E250\/E261, r\u00e9gulateur d'acidit\u00e9 : E326. ( Better Quality of Life 1 star brand )<br \/>\n<strong>Comment se pr\u00e9parer :<br \/>\n<\/strong>- Au micro-ondes : D\u00e9chirer l'emballage ext\u00e9rieur. Faire plusieurs petits trous dans l'emballage int\u00e9rieur. Chauffer pendant 2 minutes \u00e0 600 Watt. Laisser reposer la viande pendant 1 minute avant de la consommer.<br \/>\n- Dans une casserole d'eau bouillante : d\u00e9chirer l'emballage ext\u00e9rieur. Placer la viande (conserver l'emballage int\u00e9rieur) dans de l'eau chaude, mais non bouillante. Laisser reposer pendant 20 minutes (ne pas faire bouillir), retirer la viande et la laisser reposer encore une minute avant de la manger.<br \/>\n- Vous pouvez chauffer les saucisses fum\u00e9es directement avec, par exemple, de la soupe de pois ou du Boerenkool Stamppot.<br \/>\n<strong>Conditions de stockage :<\/strong><br \/>\nConserver \u00e0 temp\u00e9rature ambiante.<br \/>\nApr\u00e8s ouverture de l'emballage int\u00e9rieur, il peut \u00eatre conserv\u00e9 au r\u00e9frig\u00e9rateur jusqu'\u00e0 3 jours.<br \/>\n<strong>Valeurs nutritionnelles\/100g<br \/>\n<\/strong>Energie 1176 kJ \/ 283 kcal<br \/>\nGrasimi 23 g din care acizi grasi, saturati\u00a0 8.7 g<br \/>\nCarbohidrati 3 g din care zaharuri 0,2 g<br \/>\nProt\u00e9ines 16 g<br \/>\nSare 2.1 g<br \/>\n<a href=\"https:\/\/totalblue.ro\/wp-content\/uploads\/2021\/02\/WhatsApp-Image-2021-02-24-at-16.11.33.jpeg\"><img loading=\"lazy\" decoding=\"async\" class=\"alignnone wp-image-27374\" src=\"https:\/\/totalblue.ro\/wp-content\/uploads\/2021\/02\/WhatsApp-Image-2021-02-24-at-16.11.33-711x400.jpeg\" alt=\"\" width=\"247\" height=\"139\" srcset=\"https:\/\/totalblue.ro\/wp-content\/uploads\/2021\/02\/WhatsApp-Image-2021-02-24-at-16.11.33-711x400.jpeg 711w, https:\/\/totalblue.ro\/wp-content\/uploads\/2021\/02\/WhatsApp-Image-2021-02-24-at-16.11.33-510x287.jpeg 510w, https:\/\/totalblue.ro\/wp-content\/uploads\/2021\/02\/WhatsApp-Image-2021-02-24-at-16.11.33-768x432.jpeg 768w, https:\/\/totalblue.ro\/wp-content\/uploads\/2021\/02\/WhatsApp-Image-2021-02-24-at-16.11.33-600x337.jpeg 600w, https:\/\/totalblue.ro\/wp-content\/uploads\/2021\/02\/WhatsApp-Image-2021-02-24-at-16.11.33-100x56.jpeg 100w, https:\/\/totalblue.ro\/wp-content\/uploads\/2021\/02\/WhatsApp-Image-2021-02-24-at-16.11.33.jpeg 978w\" sizes=\"auto, (max-width: 247px) 100vw, 247px\" \/><\/a><\/p>\n<p>&nbsp;<\/p>","protected":false},"excerpt":{"rendered":"<p>Gelderse Rookworst Carnati afumati g&#8217;woon Olanda 275g Ingrediente: Ingrediente: 88% carne de porc, grasime de porc, amidon de cartofi, aroma naturala, colagen de vita, sare, acidifiant: acid citric, stabilizator: E450\/E452, dextroza, aroma de fum, condimente, pudra de ceapa, antioxidant: E301, conservant: E250\/E261, aciditate regulator: E326. ( Marca de calitate a vietii mai bune 1 stea [&#8230;]\n","protected":false},"featured_media":123601,"comment_status":"open","ping_status":"closed","template":"","meta":{"_acf_changed":false,"_seopress_robots_primary_cat":"none","_seopress_titles_title":"Carnati olandezi afumati Gelderse Rookworst Olandezi","_seopress_titles_desc":"Cauti carnati? Cumpara acum carnati afumati Gelderse Rookworst din import Olanda, recomandati pentru mancare de mazare, ciorba de mazare, kale.","_seopress_robots_index":""},"product_brand":[1971],"product_cat":[1555,3272,1767],"giftcard-category":[],"class_list":{"0":"post-37341","1":"product","2":"type-product","3":"status-publish","4":"has-post-thumbnail","6":"product_brand-gwoon","7":"product_cat-bacanie","8":"product_cat-conserve","9":"product_cat-produse-olanda","11":"first","12":"instock","13":"taxable","14":"shipping-taxable","15":"purchasable","16":"product-type-simple"},"acf":[],"_links":{"self":[{"href":"https:\/\/totalblue.ro\/fr\/wp-json\/wp\/v2\/product\/37341","targetHints":{"allow":["GET"]}}],"collection":[{"href":"https:\/\/totalblue.ro\/fr\/wp-json\/wp\/v2\/product"}],"about":[{"href":"https:\/\/totalblue.ro\/fr\/wp-json\/wp\/v2\/types\/product"}],"replies":[{"embeddable":true,"href":"https:\/\/totalblue.ro\/fr\/wp-json\/wp\/v2\/comments?post=37341"}],"wp:featuredmedia":[{"embeddable":true,"href":"https:\/\/totalblue.ro\/fr\/wp-json\/wp\/v2\/media\/123601"}],"wp:attachment":[{"href":"https:\/\/totalblue.ro\/fr\/wp-json\/wp\/v2\/media?parent=37341"}],"wp:term":[{"taxonomy":"product_brand","embeddable":true,"href":"https:\/\/totalblue.ro\/fr\/wp-json\/wp\/v2\/product_brand?post=37341"},{"taxonomy":"product_cat","embeddable":true,"href":"https:\/\/totalblue.ro\/fr\/wp-json\/wp\/v2\/product_cat?post=37341"},{"taxonomy":"giftcard-category","embeddable":true,"href":"https:\/\/totalblue.ro\/fr\/wp-json\/wp\/v2\/giftcard-category?post=37341"}],"curies":[{"name":"wp","href":"https:\/\/api.w.org\/{rel}","templated":true}]}}