{"id":37368,"date":"2021-11-10T14:18:11","date_gmt":"2021-11-10T12:18:11","guid":{"rendered":"https:\/\/totalblue.ro\/?post_type=product&#038;p=37368"},"modified":"2025-08-04T13:04:58","modified_gmt":"2025-08-04T10:04:58","slug":"gwoon-rulouri-de-carnati-in-foietaj-gwoon-4-buctii-4x70g-280g","status":"publish","type":"product","link":"https:\/\/totalblue.ro\/fr\/produs\/gwoon-rulouri-de-carnati-in-foietaj-gwoon-4-buctii-4x70g-280g\/","title":{"rendered":"G&#8217;woon Rulouri de carne in foietaj g&#8217;woon 4 bucati 4x70g = 280g"},"content":{"rendered":"<p>Continut si greutate:<br \/>\n70 de grame x 4 Bucati<br \/>\nTotal greutate 4 bucati = 280 grame<br \/>\n<strong>Ingr\u00e9dient : <\/strong>faina de grau, carne de porc 32%\u00b9, apa, pesmet (faina de grau, apa, tarate de grau, sare de drojdie, margarina (ulei de palmier, ulei de cocos, ulei de rapi\u021b\u0103ta, ulei de floarea soarelui, apa, sare, emulgator: E471, acid: acid citric, colorant) : caroteni, aroma, vitamine (vitamina A, D), extract de malt de orz), drojdie, amidon de grau, ulei de rapita, gluten de grau, zahar, dextroza, zer praf (lapte), sare de brutarie, proteine de grau, amidon de tapioca, sare , condimente, faina de soia, ulei de rapita, emulgator: E471\/E472e\/E proteine de lapte, lactoz\u0103 (lapte), sirop de glucoza, aroma, conservant: E282, stabilizator: E407\/E450, enzim\u0103 (grau), \u00b9 = Beter Leven 1 stea ., E = excipien\u021bi aprobati in UE.<br \/>\n<strong>Allerg\u00e8nes :<\/strong> orz, lapte, soia, . Poate contine: nuci, arahide, susan.<br \/>\nMod de preparare : <span class=\"HwtZe\" lang=\"ro\"><span class=\"jCAhz ChMk0b\"><span class=\"ryNqvb\">scoate\u021bi rulourile de c\u00e2rna\u021bi din ambalaj, pune\u021bi-le pe un gr\u0103tar \u00een mijlocul cuptorului pre\u00eenc\u0103lzit \u0219i coace\u021bi-le timp de 5 p\u00e2n\u0103 la 7 minute<\/span><\/span><\/span>.<br \/>\n<strong>Valeurs nutritionnelles\/100g :<\/strong><br \/>\nEnergie 1142 kJ \/ 273 kcal<br \/>\nGrasimi 10.9 g din care: grasimi saturate 3.9 g<br \/>\nGlucide 31,7 g din care: zaharuri 3.5 g<br \/>\nFibre 1,6 g<br \/>\nProteine \u200b\u200b11,3 g<br \/>\nSare 1,45 g<\/p>\n<p>Fabricat in Olanda de G\u2019woon , Antwoordnummer 3500, 4140 VH BEESD,<br \/>\nImportateur et distributeur Total Blue Impex SRL<br \/>\n<a href=\"https:\/\/totalblue.ro\/wp-content\/uploads\/2021\/02\/beter-leven.jpeg\"><img loading=\"lazy\" decoding=\"async\" class=\"alignnone wp-image-27415\" src=\"https:\/\/totalblue.ro\/wp-content\/uploads\/2021\/02\/beter-leven-711x400.jpeg\" alt=\"\" width=\"192\" height=\"108\" srcset=\"https:\/\/totalblue.ro\/wp-content\/uploads\/2021\/02\/beter-leven-711x400.jpeg 711w, https:\/\/totalblue.ro\/wp-content\/uploads\/2021\/02\/beter-leven-510x287.jpeg 510w, https:\/\/totalblue.ro\/wp-content\/uploads\/2021\/02\/beter-leven-768x432.jpeg 768w, https:\/\/totalblue.ro\/wp-content\/uploads\/2021\/02\/beter-leven-600x337.jpeg 600w, https:\/\/totalblue.ro\/wp-content\/uploads\/2021\/02\/beter-leven-100x56.jpeg 100w, https:\/\/totalblue.ro\/wp-content\/uploads\/2021\/02\/beter-leven.jpeg 978w\" sizes=\"auto, (max-width: 192px) 100vw, 192px\" \/><\/a><\/p>\n<div class=\"gdlr-core-pbf-column-content clearfix gdlr-core-js gdlr-core-sync-height-content\">\n<div class=\"gdlr-core-pbf-element\">\n<div class=\"gdlr-core-text-box-item gdlr-core-item-pdlr gdlr-core-item-pdb gdlr-core-left-align textdetaliiprodus\">\n<div class=\"gdlr-core-text-box-item-content\"><\/div>\n<\/div>\n<\/div>\n<\/div>","protected":false},"excerpt":{"rendered":"<p>Continut si greutate: 70 de grame x 4 Bucati Total greutate 4 bucati = 280 grame Ingrediente: faina de grau, carne de porc 32%\u00b9, apa, pesmet (faina de grau, apa, tarate de grau, sare de drojdie, margarina (ulei de palmier, ulei de cocos, ulei de rapi\u021b\u0103ta, ulei de floarea soarelui, apa, sare, emulgator: E471, acid: [&#8230;]\n","protected":false},"featured_media":37371,"comment_status":"open","ping_status":"closed","template":"","meta":{"_acf_changed":false,"_seopress_robots_primary_cat":"none","_seopress_titles_title":"","_seopress_titles_desc":"","_seopress_robots_index":""},"product_brand":[1971],"product_cat":[1555,3296,1506,3304,1767,1954],"giftcard-category":[],"class_list":{"0":"post-37368","1":"product","2":"type-product","3":"status-publish","4":"has-post-thumbnail","6":"product_brand-gwoon","7":"product_cat-bacanie","8":"product_cat-brutarie-patiserie","9":"product_cat-cafea-ceai-mic-dejun","10":"product_cat-mic-dejun-produse-olanda","11":"product_cat-produse-olanda","12":"product_cat-semipreparate","14":"first","15":"outofstock","16":"taxable","17":"shipping-taxable","18":"purchasable","19":"product-type-simple"},"acf":[],"_links":{"self":[{"href":"https:\/\/totalblue.ro\/fr\/wp-json\/wp\/v2\/product\/37368","targetHints":{"allow":["GET"]}}],"collection":[{"href":"https:\/\/totalblue.ro\/fr\/wp-json\/wp\/v2\/product"}],"about":[{"href":"https:\/\/totalblue.ro\/fr\/wp-json\/wp\/v2\/types\/product"}],"replies":[{"embeddable":true,"href":"https:\/\/totalblue.ro\/fr\/wp-json\/wp\/v2\/comments?post=37368"}],"wp:featuredmedia":[{"embeddable":true,"href":"https:\/\/totalblue.ro\/fr\/wp-json\/wp\/v2\/media\/37371"}],"wp:attachment":[{"href":"https:\/\/totalblue.ro\/fr\/wp-json\/wp\/v2\/media?parent=37368"}],"wp:term":[{"taxonomy":"product_brand","embeddable":true,"href":"https:\/\/totalblue.ro\/fr\/wp-json\/wp\/v2\/product_brand?post=37368"},{"taxonomy":"product_cat","embeddable":true,"href":"https:\/\/totalblue.ro\/fr\/wp-json\/wp\/v2\/product_cat?post=37368"},{"taxonomy":"giftcard-category","embeddable":true,"href":"https:\/\/totalblue.ro\/fr\/wp-json\/wp\/v2\/giftcard-category?post=37368"}],"curies":[{"name":"wp","href":"https:\/\/api.w.org\/{rel}","templated":true}]}}