{"id":37424,"date":"2021-11-11T10:59:44","date_gmt":"2021-11-11T08:59:44","guid":{"rendered":"https:\/\/totalblue.ro\/?post_type=product&#038;p=37424"},"modified":"2025-08-06T13:30:15","modified_gmt":"2025-08-06T10:30:15","slug":"titlu-knorr-sos-piper-pfeffer-sose-3x250ml","status":"publish","type":"product","link":"https:\/\/totalblue.ro\/fr\/produs\/titlu-knorr-sos-piper-pfeffer-sose-3x250ml\/","title":{"rendered":"Knorr sos piper Pfeffer Sose 3x250ml"},"content":{"rendered":"<div id=\"content_tab_description\" class=\"tab-content tab-description\">\n<div class=\"tab-content-inner\">\n<div class=\"tab-content-scroll\">\n<p>Titlu Knorr sos piper Pfeffer Sose 3x250ml<br \/>\n<strong>Ingr\u00e9dient : <\/strong><span class=\"Y2IQFc\" lang=\"ro\">Amidon, F\u0102IN\u0102 DE GR\u00c2U, ulei de palmier, zah\u0103r, \u00eenlocuitor de sare de mas\u0103\u00b2, arome, sare de mas\u0103 iodata, extract de drojdie, sare de mas\u0103, 1,6% piper verde, EXTRACT DE MAL\u021a DE ORZ, 0,4% piper alb, cimbru\u00b9, usturoi\u00b9, concentrate de suc de legume\u00b9 (\u021aELIN\u0102, morcovi, praz, ceap\u0103), pudr\u0103 de r\u0103d\u0103cin\u0103 de p\u0103trunjel\u00b9. \u00b9din cultivare durabil\u0103. \u00b2 Ob\u021binut din minerale naturale de potasiu.<br \/>\n<\/span><strong>Allerg\u00e8nes :<\/strong> <span class=\"Y2IQFc\" lang=\"ro\">Poate contine urme de ou, soia, lapte si mustar.<\/span><br \/>\n<strong>Pr\u00e9paration :<\/strong> 1) Se amesteca con\u021binutul unui pachet in 250 ml de apa clocotita. 2) Se lasa sa fiarba 2 minute<br \/>\n<strong>Informations nutritionnelles pour 100 ml de produit :<\/strong><br \/>\nEnergie (kJ \/ kcal) 146 \/ 35<br \/>\nGrasimi 1.2 g<br \/>\ndin care acizi grasi saturati 0.83 g<br \/>\nCarbohidrati 5.4 g<br \/>\ndin care zahar 0.7 g<br \/>\nProteine 0.6 g<br \/>\nSare 0.93 g<br \/>\nPays d'origine Germany<br \/>\nCertificare Gr\u00fcner Punkt &#8211; ARA (eticheta de ambalare)<\/p>\n<p>Fabriqu\u00e9 par Unilever Deutschland GmbH, AM Strandkai 1, 20457 Hamburg Deutschland (Allemagne).<br \/>\nImportateur et distributeur Total Blue Impex SRL<\/p>\n<\/div>\n<\/div>\n<\/div>","protected":false},"excerpt":{"rendered":"<p>Titlu Knorr sos piper Pfeffer Sose 3x250ml Ingrediente: Amidon, F\u0102IN\u0102 DE GR\u00c2U, ulei de palmier, zah\u0103r, \u00eenlocuitor de sare de mas\u0103\u00b2, arome, sare de mas\u0103 iodata, extract de drojdie, sare de mas\u0103, 1,6% piper verde, EXTRACT DE MAL\u021a DE ORZ, 0,4% piper alb, cimbru\u00b9, usturoi\u00b9, concentrate de suc de legume\u00b9 (\u021aELIN\u0102, morcovi, praz, ceap\u0103), pudr\u0103 [&#8230;]\n","protected":false},"featured_media":37426,"comment_status":"open","ping_status":"closed","template":"","meta":{"_acf_changed":false,"_seopress_robots_primary_cat":"none","_seopress_titles_title":"","_seopress_titles_desc":"","_seopress_robots_index":""},"product_brand":[1870],"product_cat":[1555,3280,3380,1950,1767,1954],"giftcard-category":[],"class_list":{"0":"post-37424","1":"product","2":"type-product","3":"status-publish","4":"has-post-thumbnail","6":"product_brand-knorr","7":"product_cat-bacanie","8":"product_cat-condimente-sosuri","9":"product_cat-condimente-sosuri-produse-germania","10":"product_cat-produse-germania","11":"product_cat-produse-olanda","12":"product_cat-semipreparate","14":"first","15":"outofstock","16":"taxable","17":"shipping-taxable","18":"purchasable","19":"product-type-simple"},"acf":[],"_links":{"self":[{"href":"https:\/\/totalblue.ro\/fr\/wp-json\/wp\/v2\/product\/37424","targetHints":{"allow":["GET"]}}],"collection":[{"href":"https:\/\/totalblue.ro\/fr\/wp-json\/wp\/v2\/product"}],"about":[{"href":"https:\/\/totalblue.ro\/fr\/wp-json\/wp\/v2\/types\/product"}],"replies":[{"embeddable":true,"href":"https:\/\/totalblue.ro\/fr\/wp-json\/wp\/v2\/comments?post=37424"}],"wp:featuredmedia":[{"embeddable":true,"href":"https:\/\/totalblue.ro\/fr\/wp-json\/wp\/v2\/media\/37426"}],"wp:attachment":[{"href":"https:\/\/totalblue.ro\/fr\/wp-json\/wp\/v2\/media?parent=37424"}],"wp:term":[{"taxonomy":"product_brand","embeddable":true,"href":"https:\/\/totalblue.ro\/fr\/wp-json\/wp\/v2\/product_brand?post=37424"},{"taxonomy":"product_cat","embeddable":true,"href":"https:\/\/totalblue.ro\/fr\/wp-json\/wp\/v2\/product_cat?post=37424"},{"taxonomy":"giftcard-category","embeddable":true,"href":"https:\/\/totalblue.ro\/fr\/wp-json\/wp\/v2\/giftcard-category?post=37424"}],"curies":[{"name":"wp","href":"https:\/\/api.w.org\/{rel}","templated":true}]}}