{"id":37479,"date":"2021-11-11T15:00:49","date_gmt":"2021-11-11T13:00:49","guid":{"rendered":"https:\/\/totalblue.ro\/?post_type=product&#038;p=37479"},"modified":"2026-01-18T16:27:44","modified_gmt":"2026-01-18T14:27:44","slug":"clipper-infuzie-organica-de-lamaie-si-ghimbir-20-pliculete","status":"publish","type":"product","link":"https:\/\/totalblue.ro\/fr\/produs\/clipper-infuzie-organica-de-lamaie-si-ghimbir-20-pliculete\/","title":{"rendered":"Clipper Infusion de citron et de gingembre bio 20 sachets"},"content":{"rendered":"<p>O infuzie de citrice delicioasa si racoritoare cu gustul profund si cald de ghimbir, gustul preferat al iubitorilor de ceai!<br \/>\nInfuzie proaspata si in acelasi timp usor condimentata din coaja de lamaie si ghimbir<br \/>\nTh\u00e9 biologique<br \/>\n1 pachet Clipper Infuzie organica de lamaie si ghimbir contine 20 pliculete x 2,25g = 45 g<br \/>\nIngrediente: lemongrass*, radacina de ghimbir* (15,5%), radacina de lemn dulce*, aroma naturala de lamaie* (5%), coaja de lamaie* (4%), coaja de portocala*, hibiscus alb*, aroma naturala de ghimbir (1,5%). *ingredient din agricultura ecologica.<br \/>\nMod de pregatire: Se toarna apa clocotita (100 \u00b0 C) intr-o ceasca. Lasati pliculetul de ceai timp de 3 minute pana la 5 minute in ceasca.<br \/>\nNote : La tasse peut \u00eatre chaude ! Le th\u00e9 peut \u00eatre chaud !<br \/>\nConserver dans un endroit sec, \u00e0 l'abri de la lumi\u00e8re et \u00e0 temp\u00e9rature ambiante.<br \/>\n<a href=\"https:\/\/totalblue.ro\/wp-content\/uploads\/2021\/02\/bio02.jpg\"><img loading=\"lazy\" decoding=\"async\" class=\"alignnone size-full wp-image-27483\" src=\"https:\/\/totalblue.ro\/wp-content\/uploads\/2021\/02\/bio02.jpg\" alt=\"\" width=\"80\" height=\"80\" \/><\/a><\/p>","protected":false},"excerpt":{"rendered":"<p>O infuzie de citrice delicioasa si racoritoare cu gustul profund si cald de ghimbir, gustul preferat al iubitorilor de ceai! Infuzie proaspata si in acelasi timp usor condimentata din coaja de lamaie si ghimbir Ceai Organic 1 pachet Clipper Infuzie organica de lamaie si ghimbir contine 20 pliculete x 2,25g = 45 g Ingrediente: lemongrass*, [&#8230;]\n","protected":false},"featured_media":37481,"comment_status":"open","ping_status":"closed","template":"","meta":{"_acf_changed":false,"_seopress_robots_primary_cat":"none","_seopress_titles_title":"Clipper Infuzie organica de lamaie si ghimbir 20 pliculete","_seopress_titles_desc":"Cumpara online Clipper Infuzie organica de lamaie si ghimbir 20 pliculete, ceai clipper lamaie, ceai clipper ghimbir, ceai clipper ieftin , ceai organic.","_seopress_robots_index":""},"product_brand":[4320],"product_cat":[1555,1506,3320,1767],"giftcard-category":[],"class_list":{"0":"post-37479","1":"product","2":"type-product","3":"status-publish","4":"has-post-thumbnail","6":"product_brand-clipper","7":"product_cat-bacanie","8":"product_cat-cafea-ceai-mic-dejun","9":"product_cat-cafea-ceai-lapte","10":"product_cat-produse-olanda","12":"first","13":"outofstock","14":"taxable","15":"shipping-taxable","16":"purchasable","17":"product-type-simple"},"acf":[],"_links":{"self":[{"href":"https:\/\/totalblue.ro\/fr\/wp-json\/wp\/v2\/product\/37479","targetHints":{"allow":["GET"]}}],"collection":[{"href":"https:\/\/totalblue.ro\/fr\/wp-json\/wp\/v2\/product"}],"about":[{"href":"https:\/\/totalblue.ro\/fr\/wp-json\/wp\/v2\/types\/product"}],"replies":[{"embeddable":true,"href":"https:\/\/totalblue.ro\/fr\/wp-json\/wp\/v2\/comments?post=37479"}],"wp:featuredmedia":[{"embeddable":true,"href":"https:\/\/totalblue.ro\/fr\/wp-json\/wp\/v2\/media\/37481"}],"wp:attachment":[{"href":"https:\/\/totalblue.ro\/fr\/wp-json\/wp\/v2\/media?parent=37479"}],"wp:term":[{"taxonomy":"product_brand","embeddable":true,"href":"https:\/\/totalblue.ro\/fr\/wp-json\/wp\/v2\/product_brand?post=37479"},{"taxonomy":"product_cat","embeddable":true,"href":"https:\/\/totalblue.ro\/fr\/wp-json\/wp\/v2\/product_cat?post=37479"},{"taxonomy":"giftcard-category","embeddable":true,"href":"https:\/\/totalblue.ro\/fr\/wp-json\/wp\/v2\/giftcard-category?post=37479"}],"curies":[{"name":"wp","href":"https:\/\/api.w.org\/{rel}","templated":true}]}}