{"id":37486,"date":"2021-11-11T15:11:00","date_gmt":"2021-11-11T13:11:00","guid":{"rendered":"https:\/\/totalblue.ro\/?post_type=product&#038;p=37486"},"modified":"2026-01-13T16:38:37","modified_gmt":"2026-01-13T14:38:37","slug":"clipper-organic-green-tea-lemon-infusion-20-pieces","status":"publish","type":"product","link":"https:\/\/totalblue.ro\/fr\/produs\/clipper-ceai-verde-organic-infuzie-de-lamaie-20-bucati\/","title":{"rendered":"Clipper Th\u00e9 vert biologique infusion au citron 20 pi\u00e8ces"},"content":{"rendered":"<p>Origine : m\u00e9lang\u00e9 et emball\u00e9 au Royaume-Uni. Le th\u00e9 vert et le zeste de citron ne proviennent pas du Royaume-Uni. L'ar\u00f4me de citron provient du Royaume-Uni.<br \/>\nTh\u00e9 biologique<br \/>\n1 sachet Clipper Organic green tea lemon infusion contient 20 sachets x 1,85g = 37 g<br \/>\nPr\u00e9paration : Verser de l'eau bouillante (100\u00b0C) dans une tasse. Laissez le sachet de th\u00e9 pendant 2 \u00e0 4 minutes dans la tasse.<br \/>\nNote : La tasse peut \u00eatre chaude ! Le th\u00e9 peut \u00eatre chaud !<br \/>\nConserver dans un endroit sec, \u00e0 l'abri de la lumi\u00e8re et \u00e0 temp\u00e9rature ambiante.<br \/>\nIngr\u00e9dients : th\u00e9 vert*, ar\u00f4me naturel* (5%), \u00e9corce de citron* (1%) *Ingr\u00e9dient issu de l'agriculture biologique. Th\u00e9 vert : commercialis\u00e9 dans le cadre du commerce \u00e9quitable. Total 94%<br \/>\n<a href=\"https:\/\/totalblue.ro\/wp-content\/uploads\/2021\/02\/bio02.jpg\"><img loading=\"lazy\" decoding=\"async\" class=\"alignnone size-full wp-image-27483\" src=\"https:\/\/totalblue.ro\/wp-content\/uploads\/2021\/02\/bio02.jpg\" alt=\"\" width=\"80\" height=\"80\" \/><\/a><br \/>\nImportation Pays-Bas : Wessanen Nederland Holding BV, Hoogoorddreef 5, 1101 BA, Amsterdam, Pays-Bas<\/p>","protected":false},"excerpt":{"rendered":"<p>Origine: amestecat si ambalat in Marea Britanie. Ceaiul verde si coaja de lamaie nu sunt din Marea Britanie. Aroma de lamai este din Marea Britanie. Ceai Organic 1 pachet Clipper Ceai verde organic infuzie de lamaie contine 20 pliculete x 1,85g = 37 g Mod de pregatire: Se toarna apa clocotita (100 \u00b0 C) intr-o [&#8230;]\n","protected":false},"featured_media":37488,"comment_status":"open","ping_status":"closed","template":"","meta":{"_acf_changed":false,"_seopress_robots_primary_cat":"none","_seopress_titles_title":"","_seopress_titles_desc":"","_seopress_robots_index":""},"product_brand":[4320],"product_cat":[1555,1506,3320,1767],"giftcard-category":[],"class_list":{"0":"post-37486","1":"product","2":"type-product","3":"status-publish","4":"has-post-thumbnail","6":"product_brand-clipper","7":"product_cat-bacanie","8":"product_cat-cafea-ceai-mic-dejun","9":"product_cat-cafea-ceai-lapte","10":"product_cat-produse-olanda","12":"first","13":"instock","14":"taxable","15":"shipping-taxable","16":"purchasable","17":"product-type-simple"},"acf":[],"_links":{"self":[{"href":"https:\/\/totalblue.ro\/fr\/wp-json\/wp\/v2\/product\/37486","targetHints":{"allow":["GET"]}}],"collection":[{"href":"https:\/\/totalblue.ro\/fr\/wp-json\/wp\/v2\/product"}],"about":[{"href":"https:\/\/totalblue.ro\/fr\/wp-json\/wp\/v2\/types\/product"}],"replies":[{"embeddable":true,"href":"https:\/\/totalblue.ro\/fr\/wp-json\/wp\/v2\/comments?post=37486"}],"wp:featuredmedia":[{"embeddable":true,"href":"https:\/\/totalblue.ro\/fr\/wp-json\/wp\/v2\/media\/37488"}],"wp:attachment":[{"href":"https:\/\/totalblue.ro\/fr\/wp-json\/wp\/v2\/media?parent=37486"}],"wp:term":[{"taxonomy":"product_brand","embeddable":true,"href":"https:\/\/totalblue.ro\/fr\/wp-json\/wp\/v2\/product_brand?post=37486"},{"taxonomy":"product_cat","embeddable":true,"href":"https:\/\/totalblue.ro\/fr\/wp-json\/wp\/v2\/product_cat?post=37486"},{"taxonomy":"giftcard-category","embeddable":true,"href":"https:\/\/totalblue.ro\/fr\/wp-json\/wp\/v2\/giftcard-category?post=37486"}],"curies":[{"name":"wp","href":"https:\/\/api.w.org\/{rel}","templated":true}]}}