{"id":38019,"date":"2021-11-15T11:25:53","date_gmt":"2021-11-15T09:25:53","guid":{"rendered":"https:\/\/totalblue.ro\/?post_type=product&#038;p=38019"},"modified":"2025-08-05T11:58:40","modified_gmt":"2025-08-05T08:58:40","slug":"alex-star-rosii-cuburi-380g","status":"publish","type":"product","link":"https:\/\/totalblue.ro\/fr\/produs\/alex-star-rosii-cuburi-380g\/","title":{"rendered":"Tomates en d\u00e9s Alex Star 380g"},"content":{"rendered":"<p>Rosii taiate in cuburi, decojite.<br \/>\nIngrediente: rosii cuburidecojite, suc de rosii, sare, corector de aciditate: acid citric.<br \/>\nConserver dans des locaux propres et bien ventil\u00e9s, \u00e0 l'abri de la lumi\u00e8re directe du soleil et du gel, \u00e0 temp\u00e9rature ambiante. Apr\u00e8s ouverture, conserver dans un r\u00e9cipient frais et non m\u00e9tallique.<br \/>\nProdus in Romania.<br \/>\nCantitate net\u0103: 380 g<br \/>\nCapacitate recipient: 400 ml<br \/>\nQuantit\u00e9 nette sans liquide : 240 g<br \/>\nValeurs nutritionnelles :<br \/>\nEnergie 32,5 kcal \/ 136,5 kJ<br \/>\nGrasimi 0,5g din care gra\u0219i saturati 0 g<br \/>\nGlucide 4 g din care zaharuri 2 g<br \/>\nFibre alimentare 2 g<br \/>\nProt\u00e9ines 2 g<br \/>\nSel 0,34 g<br \/>\nDistribu\u00e9 par SC Alex Star SRL, Strada Portelanului nr. 14, Localitate Curtea de Arges, Judet Arges<\/p>","protected":false},"excerpt":{"rendered":"<p>Rosii taiate in cuburi, decojite. Ingrediente: rosii cuburidecojite, suc de rosii, sare, corector de aciditate: acid citric. A se pastra in incaperi curate, aerisite, ferite de razele solare si de inghet la o temperatura ambientala. A se pastra la rece dupa deschidere in recipient non-metalic. Produs in Romania. Cantitate net\u0103: 380 g Capacitate recipient: 400 [&#8230;]\n","protected":false},"featured_media":38020,"comment_status":"open","ping_status":"closed","template":"","meta":{"_acf_changed":false,"_seopress_robots_primary_cat":"none","_seopress_titles_title":"","_seopress_titles_desc":"Livrare rapida direct la usa casei tale: pasta de tomate pentru mancaruri, pasta de tomate cu rosii. Pret avantajos. Pasta tomate ieftina.","_seopress_robots_index":""},"product_brand":[1784],"product_cat":[1555,1683],"giftcard-category":[],"class_list":{"0":"post-38019","1":"product","2":"type-product","3":"status-publish","4":"has-post-thumbnail","6":"product_brand-alex-star","7":"product_cat-bacanie","8":"product_cat-conserve-mancare-gatita","10":"first","11":"outofstock","12":"taxable","13":"shipping-taxable","14":"purchasable","15":"product-type-simple"},"acf":[],"_links":{"self":[{"href":"https:\/\/totalblue.ro\/fr\/wp-json\/wp\/v2\/product\/38019","targetHints":{"allow":["GET"]}}],"collection":[{"href":"https:\/\/totalblue.ro\/fr\/wp-json\/wp\/v2\/product"}],"about":[{"href":"https:\/\/totalblue.ro\/fr\/wp-json\/wp\/v2\/types\/product"}],"replies":[{"embeddable":true,"href":"https:\/\/totalblue.ro\/fr\/wp-json\/wp\/v2\/comments?post=38019"}],"wp:featuredmedia":[{"embeddable":true,"href":"https:\/\/totalblue.ro\/fr\/wp-json\/wp\/v2\/media\/38020"}],"wp:attachment":[{"href":"https:\/\/totalblue.ro\/fr\/wp-json\/wp\/v2\/media?parent=38019"}],"wp:term":[{"taxonomy":"product_brand","embeddable":true,"href":"https:\/\/totalblue.ro\/fr\/wp-json\/wp\/v2\/product_brand?post=38019"},{"taxonomy":"product_cat","embeddable":true,"href":"https:\/\/totalblue.ro\/fr\/wp-json\/wp\/v2\/product_cat?post=38019"},{"taxonomy":"giftcard-category","embeddable":true,"href":"https:\/\/totalblue.ro\/fr\/wp-json\/wp\/v2\/giftcard-category?post=38019"}],"curies":[{"name":"wp","href":"https:\/\/api.w.org\/{rel}","templated":true}]}}