{"id":38287,"date":"2021-11-16T16:23:23","date_gmt":"2021-11-16T14:23:23","guid":{"rendered":"https:\/\/totalblue.ro\/?post_type=product&#038;p=38287"},"modified":"2025-08-07T11:33:08","modified_gmt":"2025-08-07T08:33:08","slug":"mullers-muhle-mazare-verde-500-g","status":"publish","type":"product","link":"https:\/\/totalblue.ro\/fr\/produs\/mullers-muhle-mazare-verde-500-g\/","title":{"rendered":"M\u00fcller\u2019s M\u00fchle mazare verde 500 g"},"content":{"rendered":"<p>M\u00fcller&#8217;s M\u00fchle Gr\u00fcne Erbsen mazare verde : Fie c\u0103 sunt tocane traditionale, supe sau garnituri de legume, cu M\u00fcller&#8217;s M\u00fchle Mazare Verde veti pregati mancaruri delicioase pentru dvs. si familie.<br \/>\nPrimesti mazarea verde M\u00fcller\u2019s M\u00fchle ambalata intr-un pachet de 500 g.<br \/>\nIngrediente: Mazare verde, fara aditivi si conservanti.<br \/>\nPoate contine urme de grau, orz, soia si mustar.<br \/>\n<a href=\"https:\/\/totalblue.ro\/wp-content\/uploads\/2021\/11\/mazare-mod-de-preparare.jpg\"><img loading=\"lazy\" decoding=\"async\" class=\"alignnone size-full wp-image-38378\" src=\"https:\/\/totalblue.ro\/wp-content\/uploads\/2021\/11\/mazare-mod-de-preparare.jpg\" alt=\"\" width=\"620\" height=\"237\" srcset=\"https:\/\/totalblue.ro\/wp-content\/uploads\/2021\/11\/mazare-mod-de-preparare.jpg 620w, https:\/\/totalblue.ro\/wp-content\/uploads\/2021\/11\/mazare-mod-de-preparare-510x195.jpg 510w, https:\/\/totalblue.ro\/wp-content\/uploads\/2021\/11\/mazare-mod-de-preparare-600x229.jpg 600w, https:\/\/totalblue.ro\/wp-content\/uploads\/2021\/11\/mazare-mod-de-preparare-100x38.jpg 100w\" sizes=\"auto, (max-width: 620px) 100vw, 620px\" \/><\/a><\/p>\n<p>Valori nutritionale medii la 100 g gatite (F = 2,3)<br \/>\nEnergie 587 kJ \/ 139 kcal<br \/>\nGrasimi 0,7 g din care acizi grasi saturati 0,1 g<br \/>\nCarbohidrati 21 g din care zah\u0103r 0,8 g<br \/>\nFibre alimentare 7,0 g<br \/>\nProteine 8,7 g<br \/>\nSare &lt;0,01 g<br \/>\nFier 16%** \/ 2,2 mg<br \/>\nTimpul de gatire a mazarii verzi este de 2 ore. Cu o inmuiere prealabila peste noapte, timpul de gatire se reduce la aproximativ 60 de minute. Adaugati sare sau condimente numai dupa gatire, altfel timpii de gatire ar fi mai lungi.<br \/>\nProdus de M\u00fcller\u2019s M\u00fchle GmbH , Germany<\/p>","protected":false},"excerpt":{"rendered":"<p><a href=\"https:\/\/totalblue.ro\/wp-content\/uploads\/2021\/11\/linte-total-blue.jpg\"><img loading=\"lazy\" decoding=\"async\" class=\"alignnone wp-image-38203\" src=\"https:\/\/totalblue.ro\/wp-content\/uploads\/2021\/11\/linte-total-blue.jpg\" alt=\"\" width=\"423\" height=\"104\" srcset=\"https:\/\/totalblue.ro\/wp-content\/uploads\/2021\/11\/linte-total-blue.jpg 606w, https:\/\/totalblue.ro\/wp-content\/uploads\/2021\/11\/linte-total-blue-510x125.jpg 510w, https:\/\/totalblue.ro\/wp-content\/uploads\/2021\/11\/linte-total-blue-600x148.jpg 600w, https:\/\/totalblue.ro\/wp-content\/uploads\/2021\/11\/linte-total-blue-100x25.jpg 100w\" sizes=\"auto, (max-width: 423px) 100vw, 423px\" \/><\/a><\/p>","protected":false},"featured_media":38291,"comment_status":"open","ping_status":"closed","template":"","meta":{"_acf_changed":false,"_seopress_robots_primary_cat":"none","_seopress_titles_title":"","_seopress_titles_desc":"","_seopress_robots_index":""},"product_brand":[4399],"product_cat":[1555,1683,3272,3372,1950,1767],"giftcard-category":[],"class_list":{"0":"post-38287","1":"product","2":"type-product","3":"status-publish","4":"has-post-thumbnail","6":"product_brand-mullers-muhle","7":"product_cat-bacanie","8":"product_cat-conserve-mancare-gatita","9":"product_cat-conserve","10":"product_cat-conserve-produse-germania","11":"product_cat-produse-germania","12":"product_cat-produse-olanda","14":"first","15":"outofstock","16":"taxable","17":"shipping-taxable","18":"purchasable","19":"product-type-simple"},"acf":[],"_links":{"self":[{"href":"https:\/\/totalblue.ro\/fr\/wp-json\/wp\/v2\/product\/38287","targetHints":{"allow":["GET"]}}],"collection":[{"href":"https:\/\/totalblue.ro\/fr\/wp-json\/wp\/v2\/product"}],"about":[{"href":"https:\/\/totalblue.ro\/fr\/wp-json\/wp\/v2\/types\/product"}],"replies":[{"embeddable":true,"href":"https:\/\/totalblue.ro\/fr\/wp-json\/wp\/v2\/comments?post=38287"}],"wp:featuredmedia":[{"embeddable":true,"href":"https:\/\/totalblue.ro\/fr\/wp-json\/wp\/v2\/media\/38291"}],"wp:attachment":[{"href":"https:\/\/totalblue.ro\/fr\/wp-json\/wp\/v2\/media?parent=38287"}],"wp:term":[{"taxonomy":"product_brand","embeddable":true,"href":"https:\/\/totalblue.ro\/fr\/wp-json\/wp\/v2\/product_brand?post=38287"},{"taxonomy":"product_cat","embeddable":true,"href":"https:\/\/totalblue.ro\/fr\/wp-json\/wp\/v2\/product_cat?post=38287"},{"taxonomy":"giftcard-category","embeddable":true,"href":"https:\/\/totalblue.ro\/fr\/wp-json\/wp\/v2\/giftcard-category?post=38287"}],"curies":[{"name":"wp","href":"https:\/\/api.w.org\/{rel}","templated":true}]}}