{"id":38704,"date":"2021-11-19T16:59:08","date_gmt":"2021-11-19T14:59:08","guid":{"rendered":"https:\/\/totalblue.ro\/?post_type=product&#038;p=38704"},"modified":"2025-08-04T11:28:06","modified_gmt":"2025-08-04T08:28:06","slug":"pickwick-good-night-sleeping-tea-20-sachets","status":"publish","type":"product","link":"https:\/\/totalblue.ro\/fr\/produs\/pickwick-good-night-ceai-de-dormit-20-pliculete\/","title":{"rendered":"Pickwick Herbal Good Night M\u00e9lange de 4 herbes 20 sachets"},"content":{"rendered":"<p>Cette bo\u00eete \u00e0 th\u00e9 Pickwick contient 4 saveurs merveilleusement apaisantes pour le soir : lavande et m\u00e9lisse, camomille et miel, camomille et fruit de la passion et tilleul, anis et verveine citronn\u00e9e.<br \/>\n<strong>Ingr\u00e9dient :<\/strong> Ingr\u00e9dients : lavande et m\u00e9lisse ; citronnelle, m\u00e9lisse (31%), camomille lavande (5%), cannelle, ar\u00f4me naturel, racine de val\u00e9riane, fleur d'oranger, houblon. Camomille et passiflore ; camomille (88%), ar\u00f4me naturel, miel (0,3%). Camomille et passiflore ; camomille (29%), m\u00e9lisse, feuilles de m\u00fbre, \u00e9corce d'orange, menthe, feuilles de myrte, ar\u00f4me naturel, passiflore (20%), concentr\u00e9 de jus de fruit de la passion. Verveine citronn\u00e9e, anis, anis et citron, verveine citronn\u00e9e (50%), fenouil, fleur de tilleul (10%), feuilles de m\u00fbrier, feuilles de m\u00fbrier doux, ar\u00f4me naturel, anis (1%).<br \/>\nPr\u00e9paration : Verser de l'eau bouillante (100\u00b0C) dans une tasse. Laissez le sachet de th\u00e9 pendant 2 \u00e0 3 minutes dans la tasse.<br \/>\nNote : La tasse peut \u00eatre chaude ! Le th\u00e9 peut \u00eatre chaud !<br \/>\nConserver dans un endroit sec, \u00e0 l'abri de la lumi\u00e8re et \u00e0 temp\u00e9rature ambiante.<br \/>\nFabriqu\u00e9 par JACOBS DOUWE EGBERTS , Oosterdoksstraat 80, 1011DK Amsterdam, The Netherlands\/Holandsko<br \/>\nImportateur et distributeur Total Blue Impex SRL<br \/>\n<a href=\"https:\/\/totalblue.ro\/wp-content\/uploads\/2020\/12\/Rainforest-Alliance.jpeg\"><img loading=\"lazy\" decoding=\"async\" class=\"alignnone wp-image-27609\" src=\"https:\/\/totalblue.ro\/wp-content\/uploads\/2020\/12\/Rainforest-Alliance-699x400.jpeg\" alt=\"\" width=\"143\" height=\"82\" srcset=\"https:\/\/totalblue.ro\/wp-content\/uploads\/2020\/12\/Rainforest-Alliance-699x400.jpeg 699w, https:\/\/totalblue.ro\/wp-content\/uploads\/2020\/12\/Rainforest-Alliance-510x292.jpeg 510w, https:\/\/totalblue.ro\/wp-content\/uploads\/2020\/12\/Rainforest-Alliance-768x440.jpeg 768w, https:\/\/totalblue.ro\/wp-content\/uploads\/2020\/12\/Rainforest-Alliance-600x343.jpeg 600w, https:\/\/totalblue.ro\/wp-content\/uploads\/2020\/12\/Rainforest-Alliance-100x57.jpeg 100w, https:\/\/totalblue.ro\/wp-content\/uploads\/2020\/12\/Rainforest-Alliance.jpeg 959w\" sizes=\"auto, (max-width: 143px) 100vw, 143px\" \/><\/a><a href=\"https:\/\/totalblue.ro\/wp-content\/uploads\/2021\/08\/ethical-tea-partnership.jpg\"><img loading=\"lazy\" decoding=\"async\" class=\"alignnone wp-image-32632\" src=\"https:\/\/totalblue.ro\/wp-content\/uploads\/2021\/08\/ethical-tea-partnership.jpg\" alt=\"\" width=\"207\" height=\"61\" srcset=\"https:\/\/totalblue.ro\/wp-content\/uploads\/2021\/08\/ethical-tea-partnership.jpg 400w, https:\/\/totalblue.ro\/wp-content\/uploads\/2021\/08\/ethical-tea-partnership-100x30.jpg 100w\" sizes=\"auto, (max-width: 207px) 100vw, 207px\" \/><\/a><a href=\"https:\/\/totalblue.ro\/wp-content\/uploads\/2021\/08\/Groene-Punt.jpg\"><img loading=\"lazy\" decoding=\"async\" class=\"alignnone wp-image-32627\" src=\"https:\/\/totalblue.ro\/wp-content\/uploads\/2021\/08\/Groene-Punt.jpg\" alt=\"\" width=\"71\" height=\"71\" srcset=\"https:\/\/totalblue.ro\/wp-content\/uploads\/2021\/08\/Groene-Punt.jpg 300w, https:\/\/totalblue.ro\/wp-content\/uploads\/2021\/08\/Groene-Punt-100x100.jpg 100w, https:\/\/totalblue.ro\/wp-content\/uploads\/2021\/08\/Groene-Punt-280x280.jpg 280w\" sizes=\"auto, (max-width: 71px) 100vw, 71px\" \/><\/a><\/p>","protected":false},"excerpt":{"rendered":"<p>Aceasta cutie ceai Pickwick contine 4 arome minunat de linistitoare pentru seara: levantica si balsam de lamaie, musetel si miere, musetel si fructul pasiunii si floare de tei, anason si verbena de lamaie. Ingrediente: Ingrediente: lavanda &amp; lamaie melisse; iarba de lamaie, melisa (31%), lavanda de musetel (5%), scortisoara, aroma naturala, radacina de valeriana, floare [&#8230;]\n","protected":false},"featured_media":38706,"comment_status":"open","ping_status":"closed","template":"","meta":{"_acf_changed":false,"_seopress_robots_primary_cat":"none","_seopress_titles_title":"","_seopress_titles_desc":"","_seopress_robots_index":""},"product_brand":[2080],"product_cat":[1555,1506,3320,1767],"giftcard-category":[],"class_list":{"0":"post-38704","1":"product","2":"type-product","3":"status-publish","4":"has-post-thumbnail","6":"product_brand-pickwick","7":"product_cat-bacanie","8":"product_cat-cafea-ceai-mic-dejun","9":"product_cat-cafea-ceai-lapte","10":"product_cat-produse-olanda","12":"first","13":"outofstock","14":"taxable","15":"shipping-taxable","16":"purchasable","17":"product-type-simple"},"acf":[],"_links":{"self":[{"href":"https:\/\/totalblue.ro\/fr\/wp-json\/wp\/v2\/product\/38704","targetHints":{"allow":["GET"]}}],"collection":[{"href":"https:\/\/totalblue.ro\/fr\/wp-json\/wp\/v2\/product"}],"about":[{"href":"https:\/\/totalblue.ro\/fr\/wp-json\/wp\/v2\/types\/product"}],"replies":[{"embeddable":true,"href":"https:\/\/totalblue.ro\/fr\/wp-json\/wp\/v2\/comments?post=38704"}],"wp:featuredmedia":[{"embeddable":true,"href":"https:\/\/totalblue.ro\/fr\/wp-json\/wp\/v2\/media\/38706"}],"wp:attachment":[{"href":"https:\/\/totalblue.ro\/fr\/wp-json\/wp\/v2\/media?parent=38704"}],"wp:term":[{"taxonomy":"product_brand","embeddable":true,"href":"https:\/\/totalblue.ro\/fr\/wp-json\/wp\/v2\/product_brand?post=38704"},{"taxonomy":"product_cat","embeddable":true,"href":"https:\/\/totalblue.ro\/fr\/wp-json\/wp\/v2\/product_cat?post=38704"},{"taxonomy":"giftcard-category","embeddable":true,"href":"https:\/\/totalblue.ro\/fr\/wp-json\/wp\/v2\/giftcard-category?post=38704"}],"curies":[{"name":"wp","href":"https:\/\/api.w.org\/{rel}","templated":true}]}}