{"id":38779,"date":"2021-11-22T11:25:11","date_gmt":"2021-11-22T09:25:11","guid":{"rendered":"https:\/\/totalblue.ro\/?post_type=product&#038;p=38779"},"modified":"2026-01-24T20:28:09","modified_gmt":"2026-01-24T18:28:09","slug":"pickwick-ceai-picant-de-anason-fenicul-lemn-dulce-si-menta-20-pliculete","status":"publish","type":"product","link":"https:\/\/totalblue.ro\/fr\/produs\/pickwick-ceai-picant-de-anason-fenicul-lemn-dulce-si-menta-20-pliculete\/","title":{"rendered":"Pickwick th\u00e9 \u00e9pic\u00e9 anis, fenouil, r\u00e9glisse et menthe 20 sachets"},"content":{"rendered":"<p>Un amestec de plante cu anason, fenicul, lemn dulce si menta. Impreuna, aceasta combinatie formeaza gustul de menta, un amestec unic de plante.<\/p>\n<p>Type de th\u00e9 : tisane<br \/>\nUn amestec picant de anason, fenicul, lemn dulce si menta.<br \/>\nCeai decofeinizat.<br \/>\n1 pachet Pickwick Sterrenmunt lemn dulce, anason, fenicul si menta contine 20 pliculete x 2 g = 40 g<br \/>\n<strong>Ingr\u00e9dient :<\/strong> I lemn dulce (40%), anason (25%), fenicul (25%), menta (10%).<br \/>\nPr\u00e9paration : Verser de l'eau bouillante (100\u00b0C) dans une tasse. Laissez le sachet de th\u00e9 pendant 2 \u00e0 3 minutes dans la tasse.<br \/>\nNote : La tasse peut \u00eatre chaude ! Le th\u00e9 peut \u00eatre chaud !<br \/>\nConserver dans un endroit sec, \u00e0 l'abri de la lumi\u00e8re et \u00e0 temp\u00e9rature ambiante.<br \/>\nFabriqu\u00e9 par JACOBS DOUWE EGBERTS , Oosterdoksstraat 80, 1011DK Amsterdam, The Netherlands\/Holandsko<br \/>\nImportateur et distributeur Total Blue Impex SRL<br \/>\n<a href=\"https:\/\/totalblue.ro\/wp-content\/uploads\/2021\/08\/ethical-tea-partnership.jpg\"><img loading=\"lazy\" decoding=\"async\" class=\"alignnone wp-image-32632\" src=\"https:\/\/totalblue.ro\/wp-content\/uploads\/2021\/08\/ethical-tea-partnership.jpg\" alt=\"\" width=\"207\" height=\"61\" srcset=\"https:\/\/totalblue.ro\/wp-content\/uploads\/2021\/08\/ethical-tea-partnership.jpg 400w, https:\/\/totalblue.ro\/wp-content\/uploads\/2021\/08\/ethical-tea-partnership-100x30.jpg 100w\" sizes=\"auto, (max-width: 207px) 100vw, 207px\" \/><\/a><a href=\"https:\/\/totalblue.ro\/wp-content\/uploads\/2021\/08\/Groene-Punt.jpg\"><img loading=\"lazy\" decoding=\"async\" class=\"alignnone wp-image-32627\" src=\"https:\/\/totalblue.ro\/wp-content\/uploads\/2021\/08\/Groene-Punt.jpg\" alt=\"\" width=\"71\" height=\"71\" srcset=\"https:\/\/totalblue.ro\/wp-content\/uploads\/2021\/08\/Groene-Punt.jpg 300w, https:\/\/totalblue.ro\/wp-content\/uploads\/2021\/08\/Groene-Punt-100x100.jpg 100w, https:\/\/totalblue.ro\/wp-content\/uploads\/2021\/08\/Groene-Punt-280x280.jpg 280w\" sizes=\"auto, (max-width: 71px) 100vw, 71px\" \/><\/a><\/p>","protected":false},"excerpt":{"rendered":"<p>Un amestec de plante cu anason, fenicul, lemn dulce si menta. Impreuna, aceasta combinatie formeaza gustul de menta, un amestec unic de plante. Tipul ceaiului: ceai de plante Un amestec picant de anason, fenicul, lemn dulce si menta. Ceai decofeinizat. 1 pachet Pickwick Sterrenmunt lemn dulce, anason, fenicul si menta contine 20 pliculete x 2 [&#8230;]\n","protected":false},"featured_media":38781,"comment_status":"open","ping_status":"closed","template":"","meta":{"_acf_changed":false,"_seopress_robots_primary_cat":"none","_seopress_titles_title":"","_seopress_titles_desc":"","_seopress_robots_index":""},"product_brand":[2080],"product_cat":[1555,1506,3320,1767],"giftcard-category":[],"class_list":{"0":"post-38779","1":"product","2":"type-product","3":"status-publish","4":"has-post-thumbnail","6":"product_brand-pickwick","7":"product_cat-bacanie","8":"product_cat-cafea-ceai-mic-dejun","9":"product_cat-cafea-ceai-lapte","10":"product_cat-produse-olanda","12":"first","13":"instock","14":"taxable","15":"shipping-taxable","16":"purchasable","17":"product-type-simple"},"acf":[],"_links":{"self":[{"href":"https:\/\/totalblue.ro\/fr\/wp-json\/wp\/v2\/product\/38779","targetHints":{"allow":["GET"]}}],"collection":[{"href":"https:\/\/totalblue.ro\/fr\/wp-json\/wp\/v2\/product"}],"about":[{"href":"https:\/\/totalblue.ro\/fr\/wp-json\/wp\/v2\/types\/product"}],"replies":[{"embeddable":true,"href":"https:\/\/totalblue.ro\/fr\/wp-json\/wp\/v2\/comments?post=38779"}],"wp:featuredmedia":[{"embeddable":true,"href":"https:\/\/totalblue.ro\/fr\/wp-json\/wp\/v2\/media\/38781"}],"wp:attachment":[{"href":"https:\/\/totalblue.ro\/fr\/wp-json\/wp\/v2\/media?parent=38779"}],"wp:term":[{"taxonomy":"product_brand","embeddable":true,"href":"https:\/\/totalblue.ro\/fr\/wp-json\/wp\/v2\/product_brand?post=38779"},{"taxonomy":"product_cat","embeddable":true,"href":"https:\/\/totalblue.ro\/fr\/wp-json\/wp\/v2\/product_cat?post=38779"},{"taxonomy":"giftcard-category","embeddable":true,"href":"https:\/\/totalblue.ro\/fr\/wp-json\/wp\/v2\/giftcard-category?post=38779"}],"curies":[{"name":"wp","href":"https:\/\/api.w.org\/{rel}","templated":true}]}}