{"id":38862,"date":"2021-11-22T14:26:08","date_gmt":"2021-11-22T12:26:08","guid":{"rendered":"https:\/\/totalblue.ro\/?post_type=product&#038;p=38862"},"modified":"2023-04-10T16:31:24","modified_gmt":"2023-04-10T13:31:24","slug":"bavaria-bere-fara-alccol-00-rose-fructat-330ml-doza-import-olanda","status":"publish","type":"product","link":"https:\/\/totalblue.ro\/fr\/produs\/bavaria-bere-fara-alccol-00-rose-fructat-330ml-doza-import-olanda\/","title":{"rendered":"Bavaria bere fara alcool 0,0% ros\u00e9 fructat 330ml, doza, import Olanda"},"content":{"rendered":"<p>Bere ros\u00e9 racoritoare, complet fara alcool, cu o nota surprinzatoare de fructe rosii. Zmeura, ciresele si afinele ofera o aroma bogata, proaspata si dulce de fructe a acestei beri Bavaria !<br \/>\nAlcool: 0,00% vol.<br \/>\nProduit disponible en ligne<br \/>\nGust: proaspat dulce, fructat, potoleste setea.<br \/>\nDelicioasa cu: peste alb afumat, salate de fructe de vara si panna cotta.<br \/>\n<strong>Ingr\u00e9dient :<\/strong> apa minerala naturala, zahar, malt de grau, malt de orz, sucuri de fructe din concentrat 0,35% (din care 14,5% zmeura, 34% cirese, 14,5% afine, 37% soc), acid alimentar: acid citric, arome naturale, hamei extrage.<br \/>\n<strong>Allerg\u00e8nes :<\/strong>contine cereale care contin gluten, grau, orz.<br \/>\nAttention aux temp\u00e9ratures \u00e9lev\u00e9es et au gel.<br \/>\nRecomandari: a se consuma la temperatura de 3 grade Celsius.<br \/>\n<strong>Valeurs nutritionnelles :<\/strong><br \/>\nEnergie 147 kJ (35 kcal)<br \/>\nGraisses 0 g dont graisses satur\u00e9es 0 g<br \/>\nGlucide 8,7 g din care zaharuri 7,2 g<br \/>\nProt\u00e9ines 0,2 g<br \/>\nSel 0 g<br \/>\nMensonges l\u00e9gaux : L'alcool nuit gravement \u00e0 la sant\u00e9. \u00c0 consommer avec mod\u00e9ration. La vente aux moins de 18 ans est interdite. www.desprealcool.ro<br \/>\nProducator: Bavaria Consumentenservice, Antwoordnr. 4000, 5737 ZX Lieshout, The Netherland<br \/>\nImportateur et distributeur Total Blue Impex SRL<\/p>","protected":false},"excerpt":{"rendered":"<p>Pretul afisat este pe bucata!<\/p>","protected":false},"featured_media":38863,"comment_status":"open","ping_status":"closed","template":"","meta":{"_acf_changed":false,"_seopress_robots_primary_cat":"none","_seopress_titles_title":"","_seopress_titles_desc":"","_seopress_robots_index":""},"product_brand":[4571],"product_cat":[1555,1519,1767,3312],"giftcard-category":[],"class_list":{"0":"post-38862","1":"product","2":"type-product","3":"status-publish","4":"has-post-thumbnail","6":"product_brand-bavaria","7":"product_cat-bacanie","8":"product_cat-bauturi-alcoolice-bere","9":"product_cat-produse-olanda","10":"product_cat-bauturi-racoritoare-produse-olanda","12":"first","13":"outofstock","14":"taxable","15":"shipping-taxable","16":"purchasable","17":"product-type-simple"},"acf":[],"_links":{"self":[{"href":"https:\/\/totalblue.ro\/fr\/wp-json\/wp\/v2\/product\/38862","targetHints":{"allow":["GET"]}}],"collection":[{"href":"https:\/\/totalblue.ro\/fr\/wp-json\/wp\/v2\/product"}],"about":[{"href":"https:\/\/totalblue.ro\/fr\/wp-json\/wp\/v2\/types\/product"}],"replies":[{"embeddable":true,"href":"https:\/\/totalblue.ro\/fr\/wp-json\/wp\/v2\/comments?post=38862"}],"wp:featuredmedia":[{"embeddable":true,"href":"https:\/\/totalblue.ro\/fr\/wp-json\/wp\/v2\/media\/38863"}],"wp:attachment":[{"href":"https:\/\/totalblue.ro\/fr\/wp-json\/wp\/v2\/media?parent=38862"}],"wp:term":[{"taxonomy":"product_brand","embeddable":true,"href":"https:\/\/totalblue.ro\/fr\/wp-json\/wp\/v2\/product_brand?post=38862"},{"taxonomy":"product_cat","embeddable":true,"href":"https:\/\/totalblue.ro\/fr\/wp-json\/wp\/v2\/product_cat?post=38862"},{"taxonomy":"giftcard-category","embeddable":true,"href":"https:\/\/totalblue.ro\/fr\/wp-json\/wp\/v2\/giftcard-category?post=38862"}],"curies":[{"name":"wp","href":"https:\/\/api.w.org\/{rel}","templated":true}]}}