{"id":38987,"date":"2021-11-23T09:11:33","date_gmt":"2021-11-23T07:11:33","guid":{"rendered":"https:\/\/totalblue.ro\/?post_type=product&#038;p=38987"},"modified":"2025-08-06T11:31:44","modified_gmt":"2025-08-06T08:31:44","slug":"masline-verzi-manzanilla-cu-crema-de-hamsii-200g","status":"publish","type":"product","link":"https:\/\/totalblue.ro\/fr\/produs\/masline-verzi-manzanilla-cu-crema-de-hamsii-200g\/","title":{"rendered":"Masline verzi Manzanilla cu crema de hamsii 200g"},"content":{"rendered":"<p>M\u0103slinele Manzanilla sunt o varietate clasica de masline. Coapte in mod natural la soare \u00een livezile de maslini din Spania, sunt samburiate dup\u0103 recoltare atenta. Rafinate umplute cu o crema delicioas\u0103 de hamsii si marinate intr-o saramura picanta, maslinele de masa verzi, aromate au un gust minunat ca antipasti, tapas sau gustare.<\/p>\n<p>Ingrediente: Apa, masline, crema de hamsii (4%) (apa, hamsii, stabilizator: alginat de sodiu), sare de masa, acidulanti: acid lactic, acid citric; Antioxidant: acid ascorbic<br \/>\nEmballage : bo\u00eete m\u00e9tallique avec serrure<br \/>\nValeurs nutritionnelles \/ 100 g :<br \/>\nEnergie 597 kJ\/145 kcal<br \/>\nGr\u0103simi 15 g din care acizi gra\u0219i satura\u021bi 3 g<br \/>\nGlucides 0 g dont sucres 0 g<br \/>\nProteine \u200b\u200b1.3 g<br \/>\nSel 3,5 g<\/p>","protected":false},"excerpt":{"rendered":"<p>M\u0103slinele Manzanilla sunt o varietate clasica de masline. Coapte in mod natural la soare \u00een livezile de maslini din Spania, sunt samburiate dup\u0103 recoltare atenta. Rafinate umplute cu o crema delicioas\u0103 de hamsii si marinate intr-o saramura picanta, maslinele de masa verzi, aromate au un gust minunat ca antipasti, tapas sau gustare. Ingrediente: Apa, masline, [&#8230;]\n","protected":false},"featured_media":38989,"comment_status":"open","ping_status":"closed","template":"","meta":{"_acf_changed":false,"_seopress_robots_primary_cat":"none","_seopress_titles_title":"","_seopress_titles_desc":"","_seopress_robots_index":""},"product_brand":[4608],"product_cat":[1555,1683,3272,3372,1950,1767],"giftcard-category":[],"class_list":{"0":"post-38987","1":"product","2":"type-product","3":"status-publish","4":"has-post-thumbnail","6":"product_brand-kattus","7":"product_cat-bacanie","8":"product_cat-conserve-mancare-gatita","9":"product_cat-conserve","10":"product_cat-conserve-produse-germania","11":"product_cat-produse-germania","12":"product_cat-produse-olanda","14":"first","15":"outofstock","16":"taxable","17":"shipping-taxable","18":"purchasable","19":"product-type-simple"},"acf":[],"_links":{"self":[{"href":"https:\/\/totalblue.ro\/fr\/wp-json\/wp\/v2\/product\/38987","targetHints":{"allow":["GET"]}}],"collection":[{"href":"https:\/\/totalblue.ro\/fr\/wp-json\/wp\/v2\/product"}],"about":[{"href":"https:\/\/totalblue.ro\/fr\/wp-json\/wp\/v2\/types\/product"}],"replies":[{"embeddable":true,"href":"https:\/\/totalblue.ro\/fr\/wp-json\/wp\/v2\/comments?post=38987"}],"wp:featuredmedia":[{"embeddable":true,"href":"https:\/\/totalblue.ro\/fr\/wp-json\/wp\/v2\/media\/38989"}],"wp:attachment":[{"href":"https:\/\/totalblue.ro\/fr\/wp-json\/wp\/v2\/media?parent=38987"}],"wp:term":[{"taxonomy":"product_brand","embeddable":true,"href":"https:\/\/totalblue.ro\/fr\/wp-json\/wp\/v2\/product_brand?post=38987"},{"taxonomy":"product_cat","embeddable":true,"href":"https:\/\/totalblue.ro\/fr\/wp-json\/wp\/v2\/product_cat?post=38987"},{"taxonomy":"giftcard-category","embeddable":true,"href":"https:\/\/totalblue.ro\/fr\/wp-json\/wp\/v2\/giftcard-category?post=38987"}],"curies":[{"name":"wp","href":"https:\/\/api.w.org\/{rel}","templated":true}]}}