{"id":39212,"date":"2021-11-25T11:33:09","date_gmt":"2021-11-25T09:33:09","guid":{"rendered":"https:\/\/totalblue.ro\/?post_type=product&#038;p=39212"},"modified":"2026-02-27T14:52:08","modified_gmt":"2026-02-27T12:52:08","slug":"thomy-sos-de-branza-250-ml","status":"publish","type":"product","link":"https:\/\/totalblue.ro\/fr\/produs\/thomy-sos-de-branza-250-ml\/","title":{"rendered":"Sauce au fromage Thomy 250 ml"},"content":{"rendered":"<p>Instructiuni de utilizare: Se \u00eencalzeste intr-o cratit\u0103 timp de 2 minute la foc mediu \/ se poate incalzi la bain-marie timp de 5 minute \/ se poate incalzi acoperit in cuptorul cu microunde timp de 1-2 minute (600 W).<br \/>\nInstruc\u021biuni de depozitare: A nu se pastra la temperaturi sub + 5 \u00b0 C. Pastrati la frigider dupa deschidere si utilizati in termen de 1-2 zile maxim.<br \/>\nIngrediente: apa, 10% smantana, 4,5% branza, amidon modificat, 1,5% galbenus de ou, sare iodata (sare, iodat de potasiu), arome (cu lapte), zahar, extract de drojdie, agent de ingrosare xantan.<br \/>\nAllerg\u00e8nes : contient du lait, des \u0153ufs et des produits \u00e0 base d'\u0153ufs.<br \/>\nInformations nutritionnelles pour 100 ml de produit :<br \/>\nEnergie 332 kJ \/ 80 kcal<br \/>\nGrasimi 5.5 g din care acizi grasi saturati 3,5 g<br \/>\nCarbohidrati 5 g din care zahar 1,2 g<br \/>\nFibres alimentaires 0,2 g<br \/>\nAlbus de ou 2,5 g<br \/>\nSel 1,1 g<\/p>\n<p>Nestl\u00e9 Deutchland AG, 41415 Neuss, Allemagne<br \/>\nImportateur et distributeur Total Blue Impex SRL<\/p>","protected":false},"excerpt":{"rendered":"<p>Instructiuni de utilizare: Se \u00eencalzeste intr-o cratit\u0103 timp de 2 minute la foc mediu \/ se poate incalzi la bain-marie timp de 5 minute \/ se poate incalzi acoperit in cuptorul cu microunde timp de 1-2 minute (600 W). Instruc\u021biuni de depozitare: A nu se pastra la temperaturi sub + 5 \u00b0 C. Pastrati la [&#8230;]\n","protected":false},"featured_media":39214,"comment_status":"open","ping_status":"closed","template":"","meta":{"_acf_changed":false,"_seopress_robots_primary_cat":"none","_seopress_titles_title":"","_seopress_titles_desc":"","_seopress_robots_index":""},"product_brand":[2076],"product_cat":[1555,3280,3380,1950,1767],"giftcard-category":[],"class_list":{"0":"post-39212","1":"product","2":"type-product","3":"status-publish","4":"has-post-thumbnail","6":"product_brand-thomy","7":"product_cat-bacanie","8":"product_cat-condimente-sosuri","9":"product_cat-condimente-sosuri-produse-germania","10":"product_cat-produse-germania","11":"product_cat-produse-olanda","13":"first","14":"outofstock","15":"taxable","16":"shipping-taxable","17":"purchasable","18":"product-type-simple"},"acf":[],"_links":{"self":[{"href":"https:\/\/totalblue.ro\/fr\/wp-json\/wp\/v2\/product\/39212","targetHints":{"allow":["GET"]}}],"collection":[{"href":"https:\/\/totalblue.ro\/fr\/wp-json\/wp\/v2\/product"}],"about":[{"href":"https:\/\/totalblue.ro\/fr\/wp-json\/wp\/v2\/types\/product"}],"replies":[{"embeddable":true,"href":"https:\/\/totalblue.ro\/fr\/wp-json\/wp\/v2\/comments?post=39212"}],"wp:featuredmedia":[{"embeddable":true,"href":"https:\/\/totalblue.ro\/fr\/wp-json\/wp\/v2\/media\/39214"}],"wp:attachment":[{"href":"https:\/\/totalblue.ro\/fr\/wp-json\/wp\/v2\/media?parent=39212"}],"wp:term":[{"taxonomy":"product_brand","embeddable":true,"href":"https:\/\/totalblue.ro\/fr\/wp-json\/wp\/v2\/product_brand?post=39212"},{"taxonomy":"product_cat","embeddable":true,"href":"https:\/\/totalblue.ro\/fr\/wp-json\/wp\/v2\/product_cat?post=39212"},{"taxonomy":"giftcard-category","embeddable":true,"href":"https:\/\/totalblue.ro\/fr\/wp-json\/wp\/v2\/giftcard-category?post=39212"}],"curies":[{"name":"wp","href":"https:\/\/api.w.org\/{rel}","templated":true}]}}