{"id":39216,"date":"2021-11-25T11:45:57","date_gmt":"2021-11-25T09:45:57","guid":{"rendered":"https:\/\/totalblue.ro\/?post_type=product&#038;p=39216"},"modified":"2025-08-07T14:49:52","modified_gmt":"2025-08-07T11:49:52","slug":"sauce-thomy-prete-a-lemploi-pour-casseroles-a-succes-250-ml","status":"publish","type":"product","link":"https:\/\/totalblue.ro\/fr\/produs\/thomy-sos-gata-preparat-pentru-tigai-reusite-250-ml\/","title":{"rendered":"Thomy Sauce pr\u00eate \u00e0 l'emploi pour casseroles \u00e0 succ\u00e8s 250 ml"},"content":{"rendered":"<p>Faire revenir 300 g de viande en tranches dans de l'huile de tournesol pure, saler et poivrer.<br \/>\nAjouter la sauce de la po\u00eale et laisser sur le feu pendant 2 \u00e0 3 minutes suppl\u00e9mentaires.<\/p>\n<p>Ingr\u00e9dients : eau, huile de tournesol, cr\u00e8me fouett\u00e9e 17,3%, amidon modifi\u00e9, jaune d'\u0153uf, oignon, ail, brandy, extrait de vin blanc, sel iod\u00e9, sucre caram\u00e9lis\u00e9, maltodextrine, extrait de levure, ar\u00f4mes, \u00e9paississant : gomme xanthane.<br \/>\nAllerg\u00e8nes : contient du lait, des \u0153ufs et des produits \u00e0 base d'\u0153ufs.<br \/>\nLa nutrition :<br \/>\n\u00c9nergie 611 kJ \/ 148 kcal<br \/>\nMati\u00e8res grasses 13,7 g dont acides gras satur\u00e9s 3,2 g<br \/>\nGlucides 4,3g dont sucre 1,1g<br \/>\nFibres alimentaires 0,5 g dont 1,2 g de blanc d'\u0153uf<br \/>\nSel 1 g<\/p>\n<p>Nestl\u00e9 Deutchland AG, 41415 Neuss, Allemagne<br \/>\nImportateur et distributeur Total Blue Impex SRL<\/p>","protected":false},"excerpt":{"rendered":"<p>Instructiuni de utilizare: Prajiti 300 g carne feliata in ulei pur de floarea soarelui, condimentati cu sare \u0219i piper. Adaugati sosul de tigaie si lasati pe foc inca 2-3 minute. Ingrediente: apa, ulei de floarea soarelui, frisca 17,3%, amidon modificat, galbenus de ou, ceapa, usturoi, rachiu, extract de vin alb, sare iodata, zahar caramelizat, maltodextrina, [&#8230;]\n","protected":false},"featured_media":39218,"comment_status":"open","ping_status":"closed","template":"","meta":{"_acf_changed":false,"_seopress_robots_primary_cat":"none","_seopress_titles_title":"","_seopress_titles_desc":"","_seopress_robots_index":""},"product_brand":[2076],"product_cat":[1555,3280,3380,1950,1767],"giftcard-category":[],"class_list":{"0":"post-39216","1":"product","2":"type-product","3":"status-publish","4":"has-post-thumbnail","6":"product_brand-thomy","7":"product_cat-bacanie","8":"product_cat-condimente-sosuri","9":"product_cat-condimente-sosuri-produse-germania","10":"product_cat-produse-germania","11":"product_cat-produse-olanda","13":"first","14":"outofstock","15":"taxable","16":"shipping-taxable","17":"purchasable","18":"product-type-simple"},"acf":[],"_links":{"self":[{"href":"https:\/\/totalblue.ro\/fr\/wp-json\/wp\/v2\/product\/39216","targetHints":{"allow":["GET"]}}],"collection":[{"href":"https:\/\/totalblue.ro\/fr\/wp-json\/wp\/v2\/product"}],"about":[{"href":"https:\/\/totalblue.ro\/fr\/wp-json\/wp\/v2\/types\/product"}],"replies":[{"embeddable":true,"href":"https:\/\/totalblue.ro\/fr\/wp-json\/wp\/v2\/comments?post=39216"}],"wp:featuredmedia":[{"embeddable":true,"href":"https:\/\/totalblue.ro\/fr\/wp-json\/wp\/v2\/media\/39218"}],"wp:attachment":[{"href":"https:\/\/totalblue.ro\/fr\/wp-json\/wp\/v2\/media?parent=39216"}],"wp:term":[{"taxonomy":"product_brand","embeddable":true,"href":"https:\/\/totalblue.ro\/fr\/wp-json\/wp\/v2\/product_brand?post=39216"},{"taxonomy":"product_cat","embeddable":true,"href":"https:\/\/totalblue.ro\/fr\/wp-json\/wp\/v2\/product_cat?post=39216"},{"taxonomy":"giftcard-category","embeddable":true,"href":"https:\/\/totalblue.ro\/fr\/wp-json\/wp\/v2\/giftcard-category?post=39216"}],"curies":[{"name":"wp","href":"https:\/\/api.w.org\/{rel}","templated":true}]}}