{"id":39223,"date":"2021-11-25T12:30:57","date_gmt":"2021-11-25T10:30:57","guid":{"rendered":"https:\/\/totalblue.ro\/?post_type=product&#038;p=39223"},"modified":"2026-03-27T13:20:28","modified_gmt":"2026-03-27T11:20:28","slug":"thomy-sos-gata-preparat-hollandaise-250-ml","status":"publish","type":"product","link":"https:\/\/totalblue.ro\/fr\/produs\/thomy-sos-gata-preparat-hollandaise-250-ml\/","title":{"rendered":"Thomy Sauce hollandaise pr\u00eate \u00e0 l'emploi 250 ml"},"content":{"rendered":"<p>Thomy Sauce hollandaise pr\u00eate \u00e0 l'emploi 250 ml<\/p>\n<p>Instructiuni de utilizare: Se \u00eencalzeste intr-o cratit\u0103 timp de 2 minute la foc mediu \/ se poate incalzi la bain-marie timp de 5 minute \/ se poate incalzi acoperit in cuptorul cu microunde timp de 1-2 minute (600 W).<br \/>\nInstruc\u021biuni de depozitare: A nu se pastra la temperaturi sub + 5 \u00b0 C. Pastrati la frigider dupa deschidere si utilizati in termen de 1-2 zile maxim.<\/p>\n<p>Ingrediente: apa, 7,5% ulei de floarea soarelui, amidon modificat, 1,4% galbenus de ou, praf de ceapa, nucsoara, otet de vin alb, sare iodata (sare, iodat de potasiu), zahar, extract de drojdie, arome (cu lapte), agent de ingrosare xantan. Poate contine telina, mustar si soia.<br \/>\nRetetele produselor se pot schimba. Informa\u021biile furnizate aici se refera la gama germana valabila in prezent si sunt actualizate in mod regulat.<br \/>\nAllerg\u00e8nes : contient du lait, des \u0153ufs et des produits \u00e0 base d'\u0153ufs.<br \/>\nLa nutrition :<br \/>\nEnergie 715 kJ \/ 173 kcal<br \/>\nGrasimi 16.6 g din care acizi grasi saturati 1,9 g<br \/>\nCarbohidrati 4.8 g din care zahar 1,9 g<br \/>\nFibres alimentaires &lt; 0,5 g<br \/>\nProteine 0,9 g<br \/>\nSare 1.3 g<\/p>\n<p>Nestl\u00e9 Deutchland AG, 41415 Neuss, Allemagne<br \/>\nImportateur et distributeur Total Blue Impex SRL<\/p>","protected":false},"excerpt":{"rendered":"<p>Thomy Sos gata preparat Hollandaise 250 ml Instructiuni de utilizare: Se \u00eencalzeste intr-o cratit\u0103 timp de 2 minute la foc mediu \/ se poate incalzi la bain-marie timp de 5 minute \/ se poate incalzi acoperit in cuptorul cu microunde timp de 1-2 minute (600 W). Instruc\u021biuni de depozitare: A nu se pastra la temperaturi [&#8230;]\n","protected":false},"featured_media":39225,"comment_status":"open","ping_status":"closed","template":"","meta":{"_acf_changed":false,"_seopress_robots_primary_cat":"none","_seopress_titles_title":"Thomy Sos gata preparat Hollandaise 250 ml","_seopress_titles_desc":"Cauti Thomy Sos gata preparat Hollandaise ? Cumpara acum Thomy Sos gata preparat Hollandaise , sos alb, sos Hollandaise, sos peste, sos legume","_seopress_robots_index":""},"product_brand":[2076],"product_cat":[1555,3280,3380,1950,1767],"giftcard-category":[],"class_list":{"0":"post-39223","1":"product","2":"type-product","3":"status-publish","4":"has-post-thumbnail","6":"product_brand-thomy","7":"product_cat-bacanie","8":"product_cat-condimente-sosuri","9":"product_cat-condimente-sosuri-produse-germania","10":"product_cat-produse-germania","11":"product_cat-produse-olanda","13":"first","14":"instock","15":"taxable","16":"shipping-taxable","17":"purchasable","18":"product-type-simple"},"acf":[],"_links":{"self":[{"href":"https:\/\/totalblue.ro\/fr\/wp-json\/wp\/v2\/product\/39223","targetHints":{"allow":["GET"]}}],"collection":[{"href":"https:\/\/totalblue.ro\/fr\/wp-json\/wp\/v2\/product"}],"about":[{"href":"https:\/\/totalblue.ro\/fr\/wp-json\/wp\/v2\/types\/product"}],"replies":[{"embeddable":true,"href":"https:\/\/totalblue.ro\/fr\/wp-json\/wp\/v2\/comments?post=39223"}],"wp:featuredmedia":[{"embeddable":true,"href":"https:\/\/totalblue.ro\/fr\/wp-json\/wp\/v2\/media\/39225"}],"wp:attachment":[{"href":"https:\/\/totalblue.ro\/fr\/wp-json\/wp\/v2\/media?parent=39223"}],"wp:term":[{"taxonomy":"product_brand","embeddable":true,"href":"https:\/\/totalblue.ro\/fr\/wp-json\/wp\/v2\/product_brand?post=39223"},{"taxonomy":"product_cat","embeddable":true,"href":"https:\/\/totalblue.ro\/fr\/wp-json\/wp\/v2\/product_cat?post=39223"},{"taxonomy":"giftcard-category","embeddable":true,"href":"https:\/\/totalblue.ro\/fr\/wp-json\/wp\/v2\/giftcard-category?post=39223"}],"curies":[{"name":"wp","href":"https:\/\/api.w.org\/{rel}","templated":true}]}}