{"id":41625,"date":"2021-12-28T14:17:20","date_gmt":"2021-12-28T12:17:20","guid":{"rendered":"https:\/\/totalblue.ro\/?post_type=product&#038;p=41625"},"modified":"2025-08-05T15:37:52","modified_gmt":"2025-08-05T12:37:52","slug":"erasco-tocana-de-linte-spata-de-porc-afumata-si-sunca-800g","status":"publish","type":"product","link":"https:\/\/totalblue.ro\/fr\/produs\/erasco-tocana-de-linte-spata-de-porc-afumata-si-sunca-800g\/","title":{"rendered":"Rago\u00fbt de lentilles Erasco, \u00e9paule de porc fum\u00e9e et jambon 800g"},"content":{"rendered":"<p>Erasco tocana de linte spata de porc afumata si sunca 800g<\/p>\n<p><strong>Ingr\u00e9dient : <\/strong>apa, 28% linte fiarta, 5,5% morcovi, cartofi, 4,5% ceapa, 3,7% spata de porc afumata si sunca (carne de porc, apa, sare, sirop de glucoza uscata, stabilizatori difosfati, aroma, dextroza, ulei antioxidant de sodiu, rapita). , fum), 1,1% praz, 1,0% otet de rachiu de vin, bacon (obraz de porc, sare, fum), sare, pasta de rosii, zahar, amidon modificat, extract de drojdie, patrunjel, dextroza, antioxidant: acid ascorbic, Acidificator: citric acid, agent de ingrosare: guma guar. Poate contine urme de grau (gluten), lapte, telina, soia, mustar si ou.<strong><br \/>\nAllerg\u00e8nes<\/strong>: telina si produsele sale; grau si produsele sale; oua si produsele sale; soia si produsele sale; mustar si produsele sale; lapte si produsele sale.<\/p>\n<p><strong>Nutrition\/100g :<br \/>\n<\/strong>Energie 255 KJ \/ 60 kcal<br \/>\nGrasimi 0,6 g din care acizi grasi saturati 0,2 g<br \/>\nCarbohidrati 9,4 g din care zahar 1,4 g<br \/>\nFibre alimentare 1,6 g<br \/>\nProteine 3,5 g<br \/>\nSare 0,74 g<\/p>\n<p>Recomandari: Turnati continutul intr-o cratita \/ tigaie. Incalziti la foc mediu. De asemenea puteti incalzi si la cuptorul cu microunde, 6 minute la 600 W<br \/>\nEmballage : bo\u00eete m\u00e9tallique<br \/>\nPays d'origine : Allemagne<br \/>\nFabricat in Germania de Continental Foods Germany GmbH Kontaktadresse: Postfach 12 11 62, D-23532 L\u00fcbeck<br \/>\nImportateur et distributeur Total Blue Impex SRL<\/p>","protected":false},"excerpt":{"rendered":"<p>Erasco tocana de linte spata de porc afumata si sunca 800g Ingrediente: apa, 28% linte fiarta, 5,5% morcovi, cartofi, 4,5% ceapa, 3,7% spata de porc afumata si sunca (carne de porc, apa, sare, sirop de glucoza uscata, stabilizatori difosfati, aroma, dextroza, ulei antioxidant de sodiu, rapita). , fum), 1,1% praz, 1,0% otet de rachiu de [&#8230;]\n","protected":false},"featured_media":41627,"comment_status":"open","ping_status":"closed","template":"","meta":{"_acf_changed":false,"_seopress_robots_primary_cat":"none","_seopress_titles_title":"","_seopress_titles_desc":"","_seopress_robots_index":""},"product_brand":[1951],"product_cat":[1555,1683,3372,3272,1950,1767,1954],"giftcard-category":[],"class_list":{"0":"post-41625","1":"product","2":"type-product","3":"status-publish","4":"has-post-thumbnail","6":"product_brand-erasco","7":"product_cat-bacanie","8":"product_cat-conserve-mancare-gatita","9":"product_cat-conserve-produse-germania","10":"product_cat-conserve","11":"product_cat-produse-germania","12":"product_cat-produse-olanda","13":"product_cat-semipreparate","15":"first","16":"outofstock","17":"taxable","18":"shipping-taxable","19":"purchasable","20":"product-type-simple"},"acf":[],"_links":{"self":[{"href":"https:\/\/totalblue.ro\/fr\/wp-json\/wp\/v2\/product\/41625","targetHints":{"allow":["GET"]}}],"collection":[{"href":"https:\/\/totalblue.ro\/fr\/wp-json\/wp\/v2\/product"}],"about":[{"href":"https:\/\/totalblue.ro\/fr\/wp-json\/wp\/v2\/types\/product"}],"replies":[{"embeddable":true,"href":"https:\/\/totalblue.ro\/fr\/wp-json\/wp\/v2\/comments?post=41625"}],"wp:featuredmedia":[{"embeddable":true,"href":"https:\/\/totalblue.ro\/fr\/wp-json\/wp\/v2\/media\/41627"}],"wp:attachment":[{"href":"https:\/\/totalblue.ro\/fr\/wp-json\/wp\/v2\/media?parent=41625"}],"wp:term":[{"taxonomy":"product_brand","embeddable":true,"href":"https:\/\/totalblue.ro\/fr\/wp-json\/wp\/v2\/product_brand?post=41625"},{"taxonomy":"product_cat","embeddable":true,"href":"https:\/\/totalblue.ro\/fr\/wp-json\/wp\/v2\/product_cat?post=41625"},{"taxonomy":"giftcard-category","embeddable":true,"href":"https:\/\/totalblue.ro\/fr\/wp-json\/wp\/v2\/giftcard-category?post=41625"}],"curies":[{"name":"wp","href":"https:\/\/api.w.org\/{rel}","templated":true}]}}